{"id":86,"date":"2022-10-29T21:27:58","date_gmt":"2022-10-29T21:27:58","guid":{"rendered":"https:\/\/xn--elrincndemargi-qob.com\/?page_id=86"},"modified":"2023-10-22T20:18:25","modified_gmt":"2023-10-22T20:18:25","slug":"la-invisibilidad-de-la-sombra","status":"publish","type":"page","link":"https:\/\/xn--elrincndemargi-qob.com\/index.php\/la-invisibilidad-de-la-sombra\/","title":{"rendered":"La invisibilidad de la sombra"},"content":{"rendered":"\t\t<div data-elementor-type=\"wp-page\" data-elementor-id=\"86\" class=\"elementor elementor-86\">\n\t\t\t\t\t\t<section class=\"elementor-section elementor-top-section elementor-element elementor-element-775a22e elementor-section-boxed elementor-section-height-default elementor-section-height-default\" data-id=\"775a22e\" data-element_type=\"section\" data-e-type=\"section\">\n\t\t\t\t\t\t<div class=\"elementor-container elementor-column-gap-default\">\n\t\t\t\t\t<div class=\"elementor-column elementor-col-100 elementor-top-column elementor-element elementor-element-be115d3\" data-id=\"be115d3\" data-element_type=\"column\" data-e-type=\"column\">\n\t\t\t<div class=\"elementor-widget-wrap elementor-element-populated\">\n\t\t\t\t\t\t<div class=\"elementor-element elementor-element-5bf919b elementor-widget elementor-widget-image\" data-id=\"5bf919b\" data-element_type=\"widget\" data-e-type=\"widget\" data-widget_type=\"image.default\">\n\t\t\t\t<div class=\"elementor-widget-container\">\n\t\t\t\t\t\t\t\t\t\t\t\t\t\t\t<img decoding=\"async\" src=\"https:\/\/xn--elrincndemargi-qob.com\/wp-content\/plugins\/elementor\/assets\/images\/placeholder.png\" title=\"\" alt=\"\" loading=\"lazy\" \/>\t\t\t\t\t\t\t\t\t\t\t\t\t\t\t<\/div>\n\t\t\t\t<\/div>\n\t\t\t\t\t<\/div>\n\t\t<\/div>\n\t\t\t\t\t<\/div>\n\t\t<\/section>\n\t\t\t\t<section class=\"elementor-section elementor-top-section elementor-element elementor-element-7b79480 elementor-section-boxed elementor-section-height-default elementor-section-height-default\" data-id=\"7b79480\" data-element_type=\"section\" data-e-type=\"section\">\n\t\t\t\t\t\t<div class=\"elementor-container elementor-column-gap-default\">\n\t\t\t\t\t<div class=\"elementor-column elementor-col-100 elementor-top-column elementor-element elementor-element-4bde9ad\" data-id=\"4bde9ad\" data-element_type=\"column\" data-e-type=\"column\">\n\t\t\t<div class=\"elementor-widget-wrap elementor-element-populated\">\n\t\t\t\t\t\t<div class=\"elementor-element elementor-element-9c99ce2 elementor-widget elementor-widget-text-editor\" data-id=\"9c99ce2\" data-element_type=\"widget\" data-e-type=\"widget\" data-widget_type=\"text-editor.default\">\n\t\t\t\t<div class=\"elementor-widget-container\">\n\t\t\t\t\t\t\t\t\t<p><span style=\"font-weight: 400;\">El presente ensayo lo escrib\u00ed pensando en mi mam\u00e1 y es un an\u00e1lisis de dos de los arquetipos de Jung, el mito de la cueva de plat\u00f3n, una frase filos\u00f3fica de Voltaire, y la concepci\u00f3n del arte de Herbert Read, estableciendo una relaci\u00f3n entre todo lo anterior aplic\u00e1ndolo al \u00e1mbito de la psicolog\u00eda y las relaciones humanas y c\u00f3mo ser\u00eda si nuestra vida fuera una obra de arte.<\/span><\/p><p><span style=\"font-weight: 400;\">Fue publicado por la revista Almicidio en su quinto volumen lo puedes encontrar aqu\u00ed en la p\u00e1gina 79:<\/span><\/p>\t\t\t\t\t\t\t\t<\/div>\n\t\t\t\t<\/div>\n\t\t\t\t\t<\/div>\n\t\t<\/div>\n\t\t\t\t\t<\/div>\n\t\t<\/section>\n\t\t\t\t<section class=\"elementor-section elementor-top-section elementor-element elementor-element-06301bf elementor-section-boxed elementor-section-height-default elementor-section-height-default\" data-id=\"06301bf\" data-element_type=\"section\" data-e-type=\"section\">\n\t\t\t\t\t\t<div class=\"elementor-container elementor-column-gap-default\">\n\t\t\t\t\t<div class=\"elementor-column elementor-col-100 elementor-top-column elementor-element elementor-element-b67a1d2\" data-id=\"b67a1d2\" data-element_type=\"column\" data-e-type=\"column\">\n\t\t\t<div class=\"elementor-widget-wrap elementor-element-populated\">\n\t\t\t\t\t\t<div class=\"elementor-element elementor-element-a2b0795 elementor-align-center elementor-widget elementor-widget-button\" data-id=\"a2b0795\" data-element_type=\"widget\" data-e-type=\"widget\" data-widget_type=\"button.default\">\n\t\t\t\t<div class=\"elementor-widget-container\">\n\t\t\t\t\t\t\t\t\t<div class=\"elementor-button-wrapper\">\n\t\t\t\t\t<a class=\"elementor-button elementor-button-link elementor-size-sm\" href=\"https:\/\/38d826ee-cbbe-4499-a84b-43f32ec8a12c.filesusr.com\/ugd\/63a289_ac50d6076ae8433ca6cba9f083499b97.pdf\">\n\t\t\t\t\t\t<span class=\"elementor-button-content-wrapper\">\n\t\t\t\t\t\t\t\t\t<span class=\"elementor-button-text\">Leer aqu\u00ed<\/span>\n\t\t\t\t\t<\/span>\n\t\t\t\t\t<\/a>\n\t\t\t\t<\/div>\n\t\t\t\t\t\t\t\t<\/div>\n\t\t\t\t<\/div>\n\t\t\t\t\t<\/div>\n\t\t<\/div>\n\t\t\t\t\t<\/div>\n\t\t<\/section>\n\t\t\t\t<\/div>\n\t\t","protected":false},"excerpt":{"rendered":"<p>El presente ensayo lo escrib\u00ed pensando en mi mam\u00e1 y es un an\u00e1lisis de dos de los arquetipos de Jung, el mito de la cueva de plat\u00f3n, una frase filos\u00f3fica de Voltaire, y la concepci\u00f3n del arte de Herbert Read, estableciendo una relaci\u00f3n entre todo lo anterior aplic\u00e1ndolo al \u00e1mbito de la psicolog\u00eda y las [&hellip;]<\/p>\n","protected":false},"author":1,"featured_media":0,"parent":0,"menu_order":0,"comment_status":"closed","ping_status":"closed","template":"","meta":{"om_disable_all_campaigns":false,"_monsterinsights_skip_tracking":false,"_monsterinsights_sitenote_active":false,"_monsterinsights_sitenote_note":"","_monsterinsights_sitenote_category":0,"footnotes":""},"class_list":["post-86","page","type-page","status-publish","hentry"],"aioseo_notices":[],"_links":{"self":[{"href":"https:\/\/xn--elrincndemargi-qob.com\/index.php\/wp-json\/wp\/v2\/pages\/86","targetHints":{"allow":["GET"]}}],"collection":[{"href":"https:\/\/xn--elrincndemargi-qob.com\/index.php\/wp-json\/wp\/v2\/pages"}],"about":[{"href":"https:\/\/xn--elrincndemargi-qob.com\/index.php\/wp-json\/wp\/v2\/types\/page"}],"author":[{"embeddable":true,"href":"https:\/\/xn--elrincndemargi-qob.com\/index.php\/wp-json\/wp\/v2\/users\/1"}],"replies":[{"embeddable":true,"href":"https:\/\/xn--elrincndemargi-qob.com\/index.php\/wp-json\/wp\/v2\/comments?post=86"}],"version-history":[{"count":16,"href":"https:\/\/xn--elrincndemargi-qob.com\/index.php\/wp-json\/wp\/v2\/pages\/86\/revisions"}],"predecessor-version":[{"id":1499,"href":"https:\/\/xn--elrincndemargi-qob.com\/index.php\/wp-json\/wp\/v2\/pages\/86\/revisions\/1499"}],"wp:attachment":[{"href":"https:\/\/xn--elrincndemargi-qob.com\/index.php\/wp-json\/wp\/v2\/media?parent=86"}],"curies":[{"name":"wp","href":"https:\/\/api.w.org\/{rel}","templated":true}]}}