{"id":81,"date":"2022-10-29T21:29:19","date_gmt":"2022-10-29T21:29:19","guid":{"rendered":"https:\/\/xn--elrincndemargi-qob.com\/?page_id=81"},"modified":"2023-10-22T20:19:38","modified_gmt":"2023-10-22T20:19:38","slug":"la-teoria-de-la-colonizacion-del-hemisferio-izquierdo-y-su-impacto-en-la-juventud","status":"publish","type":"page","link":"https:\/\/xn--elrincndemargi-qob.com\/index.php\/la-teoria-de-la-colonizacion-del-hemisferio-izquierdo-y-su-impacto-en-la-juventud\/","title":{"rendered":"La teor\u00eda de la colonizaci\u00f3n del hemisferio izquierdo y su impacto en la juventud"},"content":{"rendered":"\t\t<div data-elementor-type=\"wp-page\" data-elementor-id=\"81\" class=\"elementor elementor-81\">\n\t\t\t\t\t\t<section class=\"elementor-section elementor-top-section elementor-element elementor-element-97ad4f9 elementor-section-boxed elementor-section-height-default elementor-section-height-default\" data-id=\"97ad4f9\" data-element_type=\"section\" data-e-type=\"section\">\n\t\t\t\t\t\t<div class=\"elementor-container elementor-column-gap-default\">\n\t\t\t\t\t<div class=\"elementor-column elementor-col-100 elementor-top-column elementor-element elementor-element-9d8f231\" data-id=\"9d8f231\" data-element_type=\"column\" data-e-type=\"column\">\n\t\t\t<div class=\"elementor-widget-wrap elementor-element-populated\">\n\t\t\t\t\t\t<div class=\"elementor-element elementor-element-ce8aa08 elementor-widget elementor-widget-text-editor\" data-id=\"ce8aa08\" data-element_type=\"widget\" data-e-type=\"widget\" data-widget_type=\"text-editor.default\">\n\t\t\t\t<div class=\"elementor-widget-container\">\n\t\t\t\t\t\t\t\t\t<p><span style=\"font-weight: 400;\">El presente ensayo retoma la teor\u00eda de la colonizaci\u00f3n del hemisferio izquierdo del cerebro de Ian McGilchrist, que habla sobre c\u00f3mo pensamos y experimentamos el mundo, llev\u00e1ndolo al \u00e1mbito de nociones como la creatividad, la educaci\u00f3n y los prejuicios que envuelven las profesiones a causa de ello.<\/span><\/p><p><span style=\"font-weight: 400;\">Fue publicado por la revista literaria Mitote, y lo puedes encontrar aqu\u00ed en la p\u00e1gina 4:<\/span><\/p><p>\u00a0<\/p>\t\t\t\t\t\t\t\t<\/div>\n\t\t\t\t<\/div>\n\t\t\t\t\t<\/div>\n\t\t<\/div>\n\t\t\t\t\t<\/div>\n\t\t<\/section>\n\t\t\t\t<section class=\"elementor-section elementor-top-section elementor-element elementor-element-9949782 elementor-section-boxed elementor-section-height-default elementor-section-height-default\" data-id=\"9949782\" data-element_type=\"section\" data-e-type=\"section\">\n\t\t\t\t\t\t<div class=\"elementor-container elementor-column-gap-default\">\n\t\t\t\t\t<div class=\"elementor-column elementor-col-100 elementor-top-column elementor-element elementor-element-7da4cfa\" data-id=\"7da4cfa\" data-element_type=\"column\" data-e-type=\"column\">\n\t\t\t<div class=\"elementor-widget-wrap elementor-element-populated\">\n\t\t\t\t\t\t<div class=\"elementor-element elementor-element-7cb2514 elementor-align-center elementor-widget elementor-widget-button\" data-id=\"7cb2514\" data-element_type=\"widget\" data-e-type=\"widget\" data-widget_type=\"button.default\">\n\t\t\t\t<div class=\"elementor-widget-container\">\n\t\t\t\t\t\t\t\t\t<div class=\"elementor-button-wrapper\">\n\t\t\t\t\t<a class=\"elementor-button elementor-button-link elementor-size-sm\" href=\"https:\/\/issuu.com\/live6192\/docs\/mitote_1\">\n\t\t\t\t\t\t<span class=\"elementor-button-content-wrapper\">\n\t\t\t\t\t\t\t\t\t<span class=\"elementor-button-text\">Leer aqu\u00ed<\/span>\n\t\t\t\t\t<\/span>\n\t\t\t\t\t<\/a>\n\t\t\t\t<\/div>\n\t\t\t\t\t\t\t\t<\/div>\n\t\t\t\t<\/div>\n\t\t\t\t\t<\/div>\n\t\t<\/div>\n\t\t\t\t\t<\/div>\n\t\t<\/section>\n\t\t\t\t<\/div>\n\t\t","protected":false},"excerpt":{"rendered":"<p>El presente ensayo retoma la teor\u00eda de la colonizaci\u00f3n del hemisferio izquierdo del cerebro de Ian McGilchrist, que habla sobre c\u00f3mo pensamos y experimentamos el mundo, llev\u00e1ndolo al \u00e1mbito de nociones como la creatividad, la educaci\u00f3n y los prejuicios que envuelven las profesiones a causa de ello. Fue publicado por la revista literaria Mitote, y [&hellip;]<\/p>\n","protected":false},"author":1,"featured_media":38,"parent":0,"menu_order":0,"comment_status":"closed","ping_status":"closed","template":"","meta":{"om_disable_all_campaigns":false,"_monsterinsights_skip_tracking":false,"_monsterinsights_sitenote_active":false,"_monsterinsights_sitenote_note":"","_monsterinsights_sitenote_category":0,"footnotes":""},"class_list":["post-81","page","type-page","status-publish","has-post-thumbnail","hentry"],"aioseo_notices":[],"_links":{"self":[{"href":"https:\/\/xn--elrincndemargi-qob.com\/index.php\/wp-json\/wp\/v2\/pages\/81","targetHints":{"allow":["GET"]}}],"collection":[{"href":"https:\/\/xn--elrincndemargi-qob.com\/index.php\/wp-json\/wp\/v2\/pages"}],"about":[{"href":"https:\/\/xn--elrincndemargi-qob.com\/index.php\/wp-json\/wp\/v2\/types\/page"}],"author":[{"embeddable":true,"href":"https:\/\/xn--elrincndemargi-qob.com\/index.php\/wp-json\/wp\/v2\/users\/1"}],"replies":[{"embeddable":true,"href":"https:\/\/xn--elrincndemargi-qob.com\/index.php\/wp-json\/wp\/v2\/comments?post=81"}],"version-history":[{"count":26,"href":"https:\/\/xn--elrincndemargi-qob.com\/index.php\/wp-json\/wp\/v2\/pages\/81\/revisions"}],"predecessor-version":[{"id":1505,"href":"https:\/\/xn--elrincndemargi-qob.com\/index.php\/wp-json\/wp\/v2\/pages\/81\/revisions\/1505"}],"wp:featuredmedia":[{"embeddable":true,"href":"https:\/\/xn--elrincndemargi-qob.com\/index.php\/wp-json\/wp\/v2\/media\/38"}],"wp:attachment":[{"href":"https:\/\/xn--elrincndemargi-qob.com\/index.php\/wp-json\/wp\/v2\/media?parent=81"}],"curies":[{"name":"wp","href":"https:\/\/api.w.org\/{rel}","templated":true}]}}