{"id":7,"date":"2022-10-29T20:01:41","date_gmt":"2022-10-29T20:01:41","guid":{"rendered":"https:\/\/xn--elrincndemargi-qob.com\/?page_id=7"},"modified":"2023-10-25T04:27:57","modified_gmt":"2023-10-25T04:27:57","slug":"inicio","status":"publish","type":"page","link":"https:\/\/xn--elrincndemargi-qob.com\/index.php\/inicio\/","title":{"rendered":"Inicio"},"content":{"rendered":"\t\t<div data-elementor-type=\"wp-page\" data-elementor-id=\"7\" class=\"elementor elementor-7\">\n\t\t\t\t\t\t<section class=\"elementor-section elementor-top-section elementor-element elementor-element-fe2f920 elementor-section-boxed elementor-section-height-default elementor-section-height-default\" data-id=\"fe2f920\" data-element_type=\"section\" data-e-type=\"section\">\n\t\t\t\t\t\t<div class=\"elementor-container elementor-column-gap-default\">\n\t\t\t\t\t<div class=\"elementor-column elementor-col-100 elementor-top-column elementor-element elementor-element-9dab793\" data-id=\"9dab793\" data-element_type=\"column\" data-e-type=\"column\">\n\t\t\t<div class=\"elementor-widget-wrap elementor-element-populated\">\n\t\t\t\t\t\t<div class=\"elementor-element elementor-element-9208177 elementor-widget elementor-widget-heading\" data-id=\"9208177\" data-element_type=\"widget\" data-e-type=\"widget\" data-widget_type=\"heading.default\">\n\t\t\t\t<div class=\"elementor-widget-container\">\n\t\t\t\t\t<h2 class=\"elementor-heading-title elementor-size-default\">\"El blog que te liberar\u00e1 de tus demonios internos\"<\/h2>\t\t\t\t<\/div>\n\t\t\t\t<\/div>\n\t\t\t\t<div class=\"elementor-element elementor-element-0fdfe5d elementor-widget elementor-widget-heading\" data-id=\"0fdfe5d\" data-element_type=\"widget\" data-e-type=\"widget\" data-widget_type=\"heading.default\">\n\t\t\t\t<div class=\"elementor-widget-container\">\n\t\t\t\t\t<h2 class=\"elementor-heading-title elementor-size-default\">\"Nuestro espacio seguro para los monstruos de la literatura y el arte\"<\/h2>\t\t\t\t<\/div>\n\t\t\t\t<\/div>\n\t\t\t\t\t<\/div>\n\t\t<\/div>\n\t\t\t\t\t<\/div>\n\t\t<\/section>\n\t\t\t\t<section class=\"elementor-section elementor-top-section elementor-element elementor-element-54897b0 elementor-section-boxed elementor-section-height-default elementor-section-height-default\" data-id=\"54897b0\" data-element_type=\"section\" data-e-type=\"section\">\n\t\t\t\t\t\t<div class=\"elementor-container elementor-column-gap-default\">\n\t\t\t\t\t<div class=\"elementor-column elementor-col-100 elementor-top-column elementor-element elementor-element-db8a37b\" data-id=\"db8a37b\" data-element_type=\"column\" data-e-type=\"column\">\n\t\t\t<div class=\"elementor-widget-wrap elementor-element-populated\">\n\t\t\t\t\t\t<div class=\"elementor-element elementor-element-af77fa1 elementor-widget elementor-widget-text-editor\" data-id=\"af77fa1\" data-element_type=\"widget\" data-e-type=\"widget\" data-widget_type=\"text-editor.default\">\n\t\t\t\t<div class=\"elementor-widget-container\">\n\t\t\t\t\t\t\t\t\t<p>El rinc\u00f3n de Margi es un blog de literatura, arte y autoayuda. Dirigido a escritores, artistas y cualquier persona que busque mejorar su bienestar y superarse a s\u00ed misma.<\/p><p>Este blog explora los efectos positivos de la literatura y el arte en la salud mental, en cada entrada del blog y publicaci\u00f3n que leas encontrar\u00e1s contenido \u00fanico y sincero donde te comparto mis experiencias y consejos valiosos que mejorar\u00e1n tu calidad de vida sobre diversos temas como: La gesti\u00f3n de tus emociones, c\u00f3mo hacer frente a la ansiedad o la depresi\u00f3n, estrategias para aumentar tu autoestima y autoconfianza y ayuda para personas suicidas.<\/p><p>Si te gusta escribir podr\u00e1s leer mis contenidos dise\u00f1ados para mejorar tu producci\u00f3n literaria, aprender\u00e1s a crear y desarrollar personajes, universos, conflictos, adaptar novelas a guiones de cine, \u00a1Y mucho m\u00e1s!<\/p><p>Tambi\u00e9n tendr\u00e1s acceso a mi trabajo literario y art\u00edstico, como lo son mis ilustraciones, mi novela de ciencia ficci\u00f3n que aborda temas de autodestrucci\u00f3n humana y salud mental, y mi revista literaria sobre la prevenci\u00f3n del suicidio.<\/p>\t\t\t\t\t\t\t\t<\/div>\n\t\t\t\t<\/div>\n\t\t\t\t\t<\/div>\n\t\t<\/div>\n\t\t\t\t\t<\/div>\n\t\t<\/section>\n\t\t\t\t<\/div>\n\t\t","protected":false},"excerpt":{"rendered":"<p>&#8220;El blog que te liberar\u00e1 de tus demonios internos&#8221; &#8220;Nuestro espacio seguro para los monstruos de la literatura y el arte&#8221; El rinc\u00f3n de Margi es un blog de literatura, arte y autoayuda. Dirigido a escritores, artistas y cualquier persona que busque mejorar su bienestar y superarse a s\u00ed misma. Este blog explora los efectos [&hellip;]<\/p>\n","protected":false},"author":1,"featured_media":563,"parent":0,"menu_order":0,"comment_status":"closed","ping_status":"closed","template":"","meta":{"om_disable_all_campaigns":false,"_monsterinsights_skip_tracking":false,"_monsterinsights_sitenote_active":false,"_monsterinsights_sitenote_note":"","_monsterinsights_sitenote_category":0,"footnotes":""},"class_list":["post-7","page","type-page","status-publish","has-post-thumbnail","hentry"],"aioseo_notices":[],"_links":{"self":[{"href":"https:\/\/xn--elrincndemargi-qob.com\/index.php\/wp-json\/wp\/v2\/pages\/7","targetHints":{"allow":["GET"]}}],"collection":[{"href":"https:\/\/xn--elrincndemargi-qob.com\/index.php\/wp-json\/wp\/v2\/pages"}],"about":[{"href":"https:\/\/xn--elrincndemargi-qob.com\/index.php\/wp-json\/wp\/v2\/types\/page"}],"author":[{"embeddable":true,"href":"https:\/\/xn--elrincndemargi-qob.com\/index.php\/wp-json\/wp\/v2\/users\/1"}],"replies":[{"embeddable":true,"href":"https:\/\/xn--elrincndemargi-qob.com\/index.php\/wp-json\/wp\/v2\/comments?post=7"}],"version-history":[{"count":26,"href":"https:\/\/xn--elrincndemargi-qob.com\/index.php\/wp-json\/wp\/v2\/pages\/7\/revisions"}],"predecessor-version":[{"id":1665,"href":"https:\/\/xn--elrincndemargi-qob.com\/index.php\/wp-json\/wp\/v2\/pages\/7\/revisions\/1665"}],"wp:featuredmedia":[{"embeddable":true,"href":"https:\/\/xn--elrincndemargi-qob.com\/index.php\/wp-json\/wp\/v2\/media\/563"}],"wp:attachment":[{"href":"https:\/\/xn--elrincndemargi-qob.com\/index.php\/wp-json\/wp\/v2\/media?parent=7"}],"curies":[{"name":"wp","href":"https:\/\/api.w.org\/{rel}","templated":true}]}}