{"id":3058,"date":"2025-10-28T22:30:53","date_gmt":"2025-10-28T22:30:53","guid":{"rendered":"https:\/\/xn--elrincndemargi-qob.com\/?page_id=3058"},"modified":"2025-10-28T22:33:54","modified_gmt":"2025-10-28T22:33:54","slug":"mis-piezas-de-crochet","status":"publish","type":"page","link":"https:\/\/xn--elrincndemargi-qob.com\/index.php\/mis-piezas-de-crochet\/","title":{"rendered":"Mis piezas de crochet"},"content":{"rendered":"\t\t<div data-elementor-type=\"wp-page\" data-elementor-id=\"3058\" class=\"elementor elementor-3058\">\n\t\t\t\t\t\t<section class=\"elementor-section elementor-top-section elementor-element elementor-element-002cb52 elementor-section-boxed elementor-section-height-default elementor-section-height-default\" data-id=\"002cb52\" data-element_type=\"section\" data-e-type=\"section\">\n\t\t\t\t\t\t<div class=\"elementor-container elementor-column-gap-default\">\n\t\t\t\t\t<div class=\"elementor-column elementor-col-100 elementor-top-column elementor-element elementor-element-8f62cfa\" data-id=\"8f62cfa\" data-element_type=\"column\" data-e-type=\"column\">\n\t\t\t<div class=\"elementor-widget-wrap elementor-element-populated\">\n\t\t\t\t\t\t<div class=\"elementor-element elementor-element-70cae5d elementor-widget elementor-widget-heading\" data-id=\"70cae5d\" data-element_type=\"widget\" data-e-type=\"widget\" data-widget_type=\"heading.default\">\n\t\t\t\t<div class=\"elementor-widget-container\">\n\t\t\t\t\t<h4 class=\"elementor-heading-title elementor-size-default\">Aqu\u00ed podr\u00e1s encontrar mis piezas de crochet, desde lo m\u00e1s reciente hasta lo m\u00e1s antiguo:<\/h4>\t\t\t\t<\/div>\n\t\t\t\t<\/div>\n\t\t\t\t\t<\/div>\n\t\t<\/div>\n\t\t\t\t\t<\/div>\n\t\t<\/section>\n\t\t\t\t<section class=\"elementor-section elementor-top-section elementor-element elementor-element-95e4699 elementor-section-boxed elementor-section-height-default elementor-section-height-default\" data-id=\"95e4699\" data-element_type=\"section\" data-e-type=\"section\">\n\t\t\t\t\t\t<div class=\"elementor-container elementor-column-gap-default\">\n\t\t\t\t\t<div class=\"elementor-column elementor-col-50 elementor-top-column elementor-element elementor-element-5a4786b\" data-id=\"5a4786b\" data-element_type=\"column\" data-e-type=\"column\">\n\t\t\t<div class=\"elementor-widget-wrap elementor-element-populated\">\n\t\t\t\t\t\t<div class=\"elementor-element elementor-element-3719057 elementor-widget elementor-widget-image\" data-id=\"3719057\" data-element_type=\"widget\" data-e-type=\"widget\" data-widget_type=\"image.default\">\n\t\t\t\t<div class=\"elementor-widget-container\">\n\t\t\t\t\t\t\t\t\t\t\t\t<figure class=\"wp-caption\">\n\t\t\t\t\t\t\t\t\t\t<img fetchpriority=\"high\" decoding=\"async\" width=\"576\" height=\"1024\" src=\"https:\/\/xn--elrincndemargi-qob.com\/wp-content\/uploads\/2025\/10\/Little-Crochet-Jellyfish_Wallpapaer_1080-x-1920-576x1024.jpg\" class=\"attachment-large size-large wp-image-3050\" alt=\"\" srcset=\"https:\/\/xn--elrincndemargi-qob.com\/wp-content\/uploads\/2025\/10\/Little-Crochet-Jellyfish_Wallpapaer_1080-x-1920-576x1024.jpg 576w, https:\/\/xn--elrincndemargi-qob.com\/wp-content\/uploads\/2025\/10\/Little-Crochet-Jellyfish_Wallpapaer_1080-x-1920-169x300.jpg 169w, https:\/\/xn--elrincndemargi-qob.com\/wp-content\/uploads\/2025\/10\/Little-Crochet-Jellyfish_Wallpapaer_1080-x-1920-768x1365.jpg 768w, https:\/\/xn--elrincndemargi-qob.com\/wp-content\/uploads\/2025\/10\/Little-Crochet-Jellyfish_Wallpapaer_1080-x-1920-864x1536.jpg 864w, https:\/\/xn--elrincndemargi-qob.com\/wp-content\/uploads\/2025\/10\/Little-Crochet-Jellyfish_Wallpapaer_1080-x-1920.jpg 1080w\" sizes=\"(max-width: 576px) 100vw, 576px\" \/>\t\t\t\t\t\t\t\t\t\t\t<figcaption class=\"widget-image-caption wp-caption-text\">T\u00edtulo: Medusita de crochet.  Autora: Marjaneh Vargas Barajas. T\u00e9cnica: Crochet. A\u00f1o: 2025.<\/figcaption>\n\t\t\t\t\t\t\t\t\t\t<\/figure>\n\t\t\t\t\t\t\t\t\t<\/div>\n\t\t\t\t<\/div>\n\t\t\t\t<div class=\"elementor-element elementor-element-28d79b1 elementor-widget elementor-widget-image\" data-id=\"28d79b1\" data-element_type=\"widget\" data-e-type=\"widget\" data-widget_type=\"image.default\">\n\t\t\t\t<div class=\"elementor-widget-container\">\n\t\t\t\t\t\t\t\t\t\t\t\t<figure class=\"wp-caption\">\n\t\t\t\t\t\t\t\t\t\t<img decoding=\"async\" width=\"576\" height=\"1024\" src=\"https:\/\/xn--elrincndemargi-qob.com\/wp-content\/uploads\/2025\/10\/Purple-Crochet-Fish_Wallpapaer_1080-x-1920-576x1024.jpg\" class=\"attachment-large size-large wp-image-3052\" alt=\"\" srcset=\"https:\/\/xn--elrincndemargi-qob.com\/wp-content\/uploads\/2025\/10\/Purple-Crochet-Fish_Wallpapaer_1080-x-1920-576x1024.jpg 576w, https:\/\/xn--elrincndemargi-qob.com\/wp-content\/uploads\/2025\/10\/Purple-Crochet-Fish_Wallpapaer_1080-x-1920-169x300.jpg 169w, https:\/\/xn--elrincndemargi-qob.com\/wp-content\/uploads\/2025\/10\/Purple-Crochet-Fish_Wallpapaer_1080-x-1920-768x1365.jpg 768w, https:\/\/xn--elrincndemargi-qob.com\/wp-content\/uploads\/2025\/10\/Purple-Crochet-Fish_Wallpapaer_1080-x-1920-864x1536.jpg 864w, https:\/\/xn--elrincndemargi-qob.com\/wp-content\/uploads\/2025\/10\/Purple-Crochet-Fish_Wallpapaer_1080-x-1920.jpg 1080w\" sizes=\"(max-width: 576px) 100vw, 576px\" \/>\t\t\t\t\t\t\t\t\t\t\t<figcaption class=\"widget-image-caption wp-caption-text\">T\u00edtulo: Pez morado de crochet. Autora: Marjaneh Vargas Barajas. T\u00e9cnica: Crochet. A\u00f1o: 2025.<\/figcaption>\n\t\t\t\t\t\t\t\t\t\t<\/figure>\n\t\t\t\t\t\t\t\t\t<\/div>\n\t\t\t\t<\/div>\n\t\t\t\t<div class=\"elementor-element elementor-element-1350d08 elementor-widget elementor-widget-image\" data-id=\"1350d08\" data-element_type=\"widget\" data-e-type=\"widget\" data-widget_type=\"image.default\">\n\t\t\t\t<div class=\"elementor-widget-container\">\n\t\t\t\t\t\t\t\t\t\t\t\t<figure class=\"wp-caption\">\n\t\t\t\t\t\t\t\t\t\t<img decoding=\"async\" width=\"576\" height=\"1024\" src=\"https:\/\/xn--elrincndemargi-qob.com\/wp-content\/uploads\/2025\/10\/Crochet-Baby-Octopus-with-Purple-Stripe-on-Its-Eyes_Wallpapaer_1080-x-1920-576x1024.jpg\" class=\"attachment-large size-large wp-image-3046\" alt=\"\" srcset=\"https:\/\/xn--elrincndemargi-qob.com\/wp-content\/uploads\/2025\/10\/Crochet-Baby-Octopus-with-Purple-Stripe-on-Its-Eyes_Wallpapaer_1080-x-1920-576x1024.jpg 576w, https:\/\/xn--elrincndemargi-qob.com\/wp-content\/uploads\/2025\/10\/Crochet-Baby-Octopus-with-Purple-Stripe-on-Its-Eyes_Wallpapaer_1080-x-1920-169x300.jpg 169w, https:\/\/xn--elrincndemargi-qob.com\/wp-content\/uploads\/2025\/10\/Crochet-Baby-Octopus-with-Purple-Stripe-on-Its-Eyes_Wallpapaer_1080-x-1920-768x1365.jpg 768w, https:\/\/xn--elrincndemargi-qob.com\/wp-content\/uploads\/2025\/10\/Crochet-Baby-Octopus-with-Purple-Stripe-on-Its-Eyes_Wallpapaer_1080-x-1920-864x1536.jpg 864w, https:\/\/xn--elrincndemargi-qob.com\/wp-content\/uploads\/2025\/10\/Crochet-Baby-Octopus-with-Purple-Stripe-on-Its-Eyes_Wallpapaer_1080-x-1920.jpg 1080w\" sizes=\"(max-width: 576px) 100vw, 576px\" \/>\t\t\t\t\t\t\t\t\t\t\t<figcaption class=\"widget-image-caption wp-caption-text\">T\u00edtulo: Pulpito beb\u00e9 de crochet con franja morada en sus ojos.  Autora: Marjaneh Vargas Barajas. T\u00e9cnica: Crochet. A\u00f1o: 2025.<\/figcaption>\n\t\t\t\t\t\t\t\t\t\t<\/figure>\n\t\t\t\t\t\t\t\t\t<\/div>\n\t\t\t\t<\/div>\n\t\t\t\t<div class=\"elementor-element elementor-element-cd146c6 elementor-widget elementor-widget-image\" data-id=\"cd146c6\" data-element_type=\"widget\" data-e-type=\"widget\" data-widget_type=\"image.default\">\n\t\t\t\t<div class=\"elementor-widget-container\">\n\t\t\t\t\t\t\t\t\t\t\t\t<figure class=\"wp-caption\">\n\t\t\t\t\t\t\t\t\t\t<img loading=\"lazy\" decoding=\"async\" width=\"576\" height=\"1024\" src=\"https:\/\/xn--elrincndemargi-qob.com\/wp-content\/uploads\/2025\/10\/Purple-Crochet-Octopus_Wallpapaer_1080-x-1920-576x1024.jpg\" class=\"attachment-large size-large wp-image-3053\" alt=\"\" srcset=\"https:\/\/xn--elrincndemargi-qob.com\/wp-content\/uploads\/2025\/10\/Purple-Crochet-Octopus_Wallpapaer_1080-x-1920-576x1024.jpg 576w, https:\/\/xn--elrincndemargi-qob.com\/wp-content\/uploads\/2025\/10\/Purple-Crochet-Octopus_Wallpapaer_1080-x-1920-169x300.jpg 169w, https:\/\/xn--elrincndemargi-qob.com\/wp-content\/uploads\/2025\/10\/Purple-Crochet-Octopus_Wallpapaer_1080-x-1920-768x1365.jpg 768w, https:\/\/xn--elrincndemargi-qob.com\/wp-content\/uploads\/2025\/10\/Purple-Crochet-Octopus_Wallpapaer_1080-x-1920-864x1536.jpg 864w, https:\/\/xn--elrincndemargi-qob.com\/wp-content\/uploads\/2025\/10\/Purple-Crochet-Octopus_Wallpapaer_1080-x-1920.jpg 1080w\" sizes=\"(max-width: 576px) 100vw, 576px\" \/>\t\t\t\t\t\t\t\t\t\t\t<figcaption class=\"widget-image-caption wp-caption-text\">T\u00edtulo: Pulpito morado de Crochet.  Autora: Marjaneh Vargas Barajas. T\u00e9cnica: Crochet. A\u00f1o: 2025.<\/figcaption>\n\t\t\t\t\t\t\t\t\t\t<\/figure>\n\t\t\t\t\t\t\t\t\t<\/div>\n\t\t\t\t<\/div>\n\t\t\t\t<div class=\"elementor-element elementor-element-acf85a4 elementor-widget elementor-widget-image\" data-id=\"acf85a4\" data-element_type=\"widget\" data-e-type=\"widget\" data-widget_type=\"image.default\">\n\t\t\t\t<div class=\"elementor-widget-container\">\n\t\t\t\t\t\t\t\t\t\t\t\t<figure class=\"wp-caption\">\n\t\t\t\t\t\t\t\t\t\t<img loading=\"lazy\" decoding=\"async\" width=\"576\" height=\"1024\" src=\"https:\/\/xn--elrincndemargi-qob.com\/wp-content\/uploads\/2025\/10\/Crochet-Cactus-UFO_Wallpapaer_1080-x-1920-576x1024.jpg\" class=\"attachment-large size-large wp-image-3047\" alt=\"\" srcset=\"https:\/\/xn--elrincndemargi-qob.com\/wp-content\/uploads\/2025\/10\/Crochet-Cactus-UFO_Wallpapaer_1080-x-1920-576x1024.jpg 576w, https:\/\/xn--elrincndemargi-qob.com\/wp-content\/uploads\/2025\/10\/Crochet-Cactus-UFO_Wallpapaer_1080-x-1920-169x300.jpg 169w, https:\/\/xn--elrincndemargi-qob.com\/wp-content\/uploads\/2025\/10\/Crochet-Cactus-UFO_Wallpapaer_1080-x-1920-768x1365.jpg 768w, https:\/\/xn--elrincndemargi-qob.com\/wp-content\/uploads\/2025\/10\/Crochet-Cactus-UFO_Wallpapaer_1080-x-1920-864x1536.jpg 864w, https:\/\/xn--elrincndemargi-qob.com\/wp-content\/uploads\/2025\/10\/Crochet-Cactus-UFO_Wallpapaer_1080-x-1920.jpg 1080w\" sizes=\"(max-width: 576px) 100vw, 576px\" \/>\t\t\t\t\t\t\t\t\t\t\t<figcaption class=\"widget-image-caption wp-caption-text\">T\u00edtulo: Cactus-Ovni de crochet.  Autora: Marjaneh Vargas Barajas. T\u00e9cnica: Crochet. A\u00f1o: 2025.<\/figcaption>\n\t\t\t\t\t\t\t\t\t\t<\/figure>\n\t\t\t\t\t\t\t\t\t<\/div>\n\t\t\t\t<\/div>\n\t\t\t\t\t<\/div>\n\t\t<\/div>\n\t\t\t\t<div class=\"elementor-column elementor-col-50 elementor-top-column elementor-element elementor-element-6c77ffd\" data-id=\"6c77ffd\" data-element_type=\"column\" data-e-type=\"column\">\n\t\t\t<div class=\"elementor-widget-wrap elementor-element-populated\">\n\t\t\t\t\t\t<div class=\"elementor-element elementor-element-a3d0113 elementor-widget elementor-widget-image\" data-id=\"a3d0113\" data-element_type=\"widget\" data-e-type=\"widget\" data-widget_type=\"image.default\">\n\t\t\t\t<div class=\"elementor-widget-container\">\n\t\t\t\t\t\t\t\t\t\t\t\t<figure class=\"wp-caption\">\n\t\t\t\t\t\t\t\t\t\t<img loading=\"lazy\" decoding=\"async\" width=\"576\" height=\"1024\" src=\"https:\/\/xn--elrincndemargi-qob.com\/wp-content\/uploads\/2025\/10\/Pink-Axolotl-Crochet_Wallpapaer_1080-x-1920-576x1024.jpg\" class=\"attachment-large size-large wp-image-3043\" alt=\"\" srcset=\"https:\/\/xn--elrincndemargi-qob.com\/wp-content\/uploads\/2025\/10\/Pink-Axolotl-Crochet_Wallpapaer_1080-x-1920-576x1024.jpg 576w, https:\/\/xn--elrincndemargi-qob.com\/wp-content\/uploads\/2025\/10\/Pink-Axolotl-Crochet_Wallpapaer_1080-x-1920-169x300.jpg 169w, https:\/\/xn--elrincndemargi-qob.com\/wp-content\/uploads\/2025\/10\/Pink-Axolotl-Crochet_Wallpapaer_1080-x-1920-768x1365.jpg 768w, https:\/\/xn--elrincndemargi-qob.com\/wp-content\/uploads\/2025\/10\/Pink-Axolotl-Crochet_Wallpapaer_1080-x-1920-864x1536.jpg 864w, https:\/\/xn--elrincndemargi-qob.com\/wp-content\/uploads\/2025\/10\/Pink-Axolotl-Crochet_Wallpapaer_1080-x-1920.jpg 1080w\" sizes=\"(max-width: 576px) 100vw, 576px\" \/>\t\t\t\t\t\t\t\t\t\t\t<figcaption class=\"widget-image-caption wp-caption-text\">T\u00edtulo: Ajolotito rosa de crochet.  Autora: Marjaneh Vargas Barajas. T\u00e9cnica: Crochet. A\u00f1o: 2025.<\/figcaption>\n\t\t\t\t\t\t\t\t\t\t<\/figure>\n\t\t\t\t\t\t\t\t\t<\/div>\n\t\t\t\t<\/div>\n\t\t\t\t<div class=\"elementor-element elementor-element-ef38977 elementor-widget elementor-widget-image\" data-id=\"ef38977\" data-element_type=\"widget\" data-e-type=\"widget\" data-widget_type=\"image.default\">\n\t\t\t\t<div class=\"elementor-widget-container\">\n\t\t\t\t\t\t\t\t\t\t\t\t<figure class=\"wp-caption\">\n\t\t\t\t\t\t\t\t\t\t<img loading=\"lazy\" decoding=\"async\" width=\"576\" height=\"1024\" src=\"https:\/\/xn--elrincndemargi-qob.com\/wp-content\/uploads\/2025\/10\/Baby-Crochet-Seahorse_Wallpapaer_1080-x-1920-px-576x1024.jpg\" class=\"attachment-large size-large wp-image-3044\" alt=\"\" srcset=\"https:\/\/xn--elrincndemargi-qob.com\/wp-content\/uploads\/2025\/10\/Baby-Crochet-Seahorse_Wallpapaer_1080-x-1920-px-576x1024.jpg 576w, https:\/\/xn--elrincndemargi-qob.com\/wp-content\/uploads\/2025\/10\/Baby-Crochet-Seahorse_Wallpapaer_1080-x-1920-px-169x300.jpg 169w, https:\/\/xn--elrincndemargi-qob.com\/wp-content\/uploads\/2025\/10\/Baby-Crochet-Seahorse_Wallpapaer_1080-x-1920-px-768x1365.jpg 768w, https:\/\/xn--elrincndemargi-qob.com\/wp-content\/uploads\/2025\/10\/Baby-Crochet-Seahorse_Wallpapaer_1080-x-1920-px-864x1536.jpg 864w, https:\/\/xn--elrincndemargi-qob.com\/wp-content\/uploads\/2025\/10\/Baby-Crochet-Seahorse_Wallpapaer_1080-x-1920-px.jpg 1080w\" sizes=\"(max-width: 576px) 100vw, 576px\" \/>\t\t\t\t\t\t\t\t\t\t\t<figcaption class=\"widget-image-caption wp-caption-text\">T\u00edtulo: Caballito de mar beb\u00e9 de crochet.  Autora: Marjaneh Vargas Barajas. T\u00e9cnica: Crochet. A\u00f1o: 2025.<\/figcaption>\n\t\t\t\t\t\t\t\t\t\t<\/figure>\n\t\t\t\t\t\t\t\t\t<\/div>\n\t\t\t\t<\/div>\n\t\t\t\t<div class=\"elementor-element elementor-element-8c15e06 elementor-widget elementor-widget-image\" data-id=\"8c15e06\" data-element_type=\"widget\" data-e-type=\"widget\" data-widget_type=\"image.default\">\n\t\t\t\t<div class=\"elementor-widget-container\">\n\t\t\t\t\t\t\t\t\t\t\t\t<figure class=\"wp-caption\">\n\t\t\t\t\t\t\t\t\t\t<img loading=\"lazy\" decoding=\"async\" width=\"576\" height=\"1024\" src=\"https:\/\/xn--elrincndemargi-qob.com\/wp-content\/uploads\/2025\/10\/Pink-Crochet-Starfish_Wallpapaer_1080-x-1920-576x1024.jpg\" class=\"attachment-large size-large wp-image-3051\" alt=\"\" srcset=\"https:\/\/xn--elrincndemargi-qob.com\/wp-content\/uploads\/2025\/10\/Pink-Crochet-Starfish_Wallpapaer_1080-x-1920-576x1024.jpg 576w, https:\/\/xn--elrincndemargi-qob.com\/wp-content\/uploads\/2025\/10\/Pink-Crochet-Starfish_Wallpapaer_1080-x-1920-169x300.jpg 169w, https:\/\/xn--elrincndemargi-qob.com\/wp-content\/uploads\/2025\/10\/Pink-Crochet-Starfish_Wallpapaer_1080-x-1920-768x1365.jpg 768w, https:\/\/xn--elrincndemargi-qob.com\/wp-content\/uploads\/2025\/10\/Pink-Crochet-Starfish_Wallpapaer_1080-x-1920-864x1536.jpg 864w, https:\/\/xn--elrincndemargi-qob.com\/wp-content\/uploads\/2025\/10\/Pink-Crochet-Starfish_Wallpapaer_1080-x-1920.jpg 1080w\" sizes=\"(max-width: 576px) 100vw, 576px\" \/>\t\t\t\t\t\t\t\t\t\t\t<figcaption class=\"widget-image-caption wp-caption-text\">T\u00edtulo: Estrella de mar rosa de crochet. Autora: Marjaneh Vargas Barajas. T\u00e9cnica: Crochet. A\u00f1o: 2025.<\/figcaption>\n\t\t\t\t\t\t\t\t\t\t<\/figure>\n\t\t\t\t\t\t\t\t\t<\/div>\n\t\t\t\t<\/div>\n\t\t\t\t<div class=\"elementor-element elementor-element-afe6e97 elementor-widget elementor-widget-image\" data-id=\"afe6e97\" data-element_type=\"widget\" data-e-type=\"widget\" data-widget_type=\"image.default\">\n\t\t\t\t<div class=\"elementor-widget-container\">\n\t\t\t\t\t\t\t\t\t\t\t\t<figure class=\"wp-caption\">\n\t\t\t\t\t\t\t\t\t\t<img loading=\"lazy\" decoding=\"async\" width=\"576\" height=\"1024\" src=\"https:\/\/xn--elrincndemargi-qob.com\/wp-content\/uploads\/2025\/10\/Crochet-Little-Cactus-with-Two-Flowers_Wallpapaer_1080-x-1920-576x1024.jpg\" class=\"attachment-large size-large wp-image-3049\" alt=\"\" srcset=\"https:\/\/xn--elrincndemargi-qob.com\/wp-content\/uploads\/2025\/10\/Crochet-Little-Cactus-with-Two-Flowers_Wallpapaer_1080-x-1920-576x1024.jpg 576w, https:\/\/xn--elrincndemargi-qob.com\/wp-content\/uploads\/2025\/10\/Crochet-Little-Cactus-with-Two-Flowers_Wallpapaer_1080-x-1920-169x300.jpg 169w, https:\/\/xn--elrincndemargi-qob.com\/wp-content\/uploads\/2025\/10\/Crochet-Little-Cactus-with-Two-Flowers_Wallpapaer_1080-x-1920-768x1365.jpg 768w, https:\/\/xn--elrincndemargi-qob.com\/wp-content\/uploads\/2025\/10\/Crochet-Little-Cactus-with-Two-Flowers_Wallpapaer_1080-x-1920-864x1536.jpg 864w, https:\/\/xn--elrincndemargi-qob.com\/wp-content\/uploads\/2025\/10\/Crochet-Little-Cactus-with-Two-Flowers_Wallpapaer_1080-x-1920.jpg 1080w\" sizes=\"(max-width: 576px) 100vw, 576px\" \/>\t\t\t\t\t\t\t\t\t\t\t<figcaption class=\"widget-image-caption wp-caption-text\">T\u00edtulo: Cactusito con dos flores. Autora: Marjaneh Vargas Barajas. T\u00e9cnica: Crochet. A\u00f1o: 2025.<\/figcaption>\n\t\t\t\t\t\t\t\t\t\t<\/figure>\n\t\t\t\t\t\t\t\t\t<\/div>\n\t\t\t\t<\/div>\n\t\t\t\t<div class=\"elementor-element elementor-element-f465c42 elementor-widget elementor-widget-image\" data-id=\"f465c42\" data-element_type=\"widget\" data-e-type=\"widget\" data-widget_type=\"image.default\">\n\t\t\t\t<div class=\"elementor-widget-container\">\n\t\t\t\t\t\t\t\t\t\t\t\t<figure class=\"wp-caption\">\n\t\t\t\t\t\t\t\t\t\t<img loading=\"lazy\" decoding=\"async\" width=\"576\" height=\"1024\" src=\"https:\/\/xn--elrincndemargi-qob.com\/wp-content\/uploads\/2025\/10\/Crochet-Halloween-Pumpkin_Wallpaper_1080-x-1920-576x1024.jpg\" class=\"attachment-large size-large wp-image-3048\" alt=\"\" srcset=\"https:\/\/xn--elrincndemargi-qob.com\/wp-content\/uploads\/2025\/10\/Crochet-Halloween-Pumpkin_Wallpaper_1080-x-1920-576x1024.jpg 576w, https:\/\/xn--elrincndemargi-qob.com\/wp-content\/uploads\/2025\/10\/Crochet-Halloween-Pumpkin_Wallpaper_1080-x-1920-169x300.jpg 169w, https:\/\/xn--elrincndemargi-qob.com\/wp-content\/uploads\/2025\/10\/Crochet-Halloween-Pumpkin_Wallpaper_1080-x-1920-768x1365.jpg 768w, https:\/\/xn--elrincndemargi-qob.com\/wp-content\/uploads\/2025\/10\/Crochet-Halloween-Pumpkin_Wallpaper_1080-x-1920-864x1536.jpg 864w, https:\/\/xn--elrincndemargi-qob.com\/wp-content\/uploads\/2025\/10\/Crochet-Halloween-Pumpkin_Wallpaper_1080-x-1920.jpg 1080w\" sizes=\"(max-width: 576px) 100vw, 576px\" \/>\t\t\t\t\t\t\t\t\t\t\t<figcaption class=\"widget-image-caption wp-caption-text\">T\u00edtulo: Calabaza de Halloween de crochet. Autora: Marjaneh Vargas Barajas. T\u00e9cnica: Crochet. A\u00f1o: 2025.<\/figcaption>\n\t\t\t\t\t\t\t\t\t\t<\/figure>\n\t\t\t\t\t\t\t\t\t<\/div>\n\t\t\t\t<\/div>\n\t\t\t\t\t<\/div>\n\t\t<\/div>\n\t\t\t\t\t<\/div>\n\t\t<\/section>\n\t\t\t\t<section class=\"elementor-section elementor-top-section elementor-element elementor-element-9eab9a0 elementor-section-boxed elementor-section-height-default elementor-section-height-default\" data-id=\"9eab9a0\" data-element_type=\"section\" data-e-type=\"section\">\n\t\t\t\t\t\t<div class=\"elementor-container elementor-column-gap-default\">\n\t\t\t\t\t<div class=\"elementor-column elementor-col-100 elementor-top-column elementor-element elementor-element-1cd60a0\" data-id=\"1cd60a0\" data-element_type=\"column\" data-e-type=\"column\">\n\t\t\t<div class=\"elementor-widget-wrap elementor-element-populated\">\n\t\t\t\t\t\t<div class=\"elementor-element elementor-element-bd2e238 elementor-widget elementor-widget-text-editor\" data-id=\"bd2e238\" data-element_type=\"widget\" data-e-type=\"widget\" data-widget_type=\"text-editor.default\">\n\t\t\t\t<div class=\"elementor-widget-container\">\n\t\t\t\t\t\t\t\t\t<p><strong>\u00a9 Marjaneh Vargas Barajas \u2014 Todos los derechos reservados. | <a href=\"https:\/\/xn--elrincndemargi-qob.com\/index.php\/derechos-de-autor\/\">Derechos de Autor<\/a><\/strong><\/p>\t\t\t\t\t\t\t\t<\/div>\n\t\t\t\t<\/div>\n\t\t\t\t\t<\/div>\n\t\t<\/div>\n\t\t\t\t\t<\/div>\n\t\t<\/section>\n\t\t\t\t<\/div>\n\t\t","protected":false},"excerpt":{"rendered":"<p>Aqu\u00ed podr\u00e1s encontrar mis piezas de crochet, desde lo m\u00e1s reciente hasta lo m\u00e1s antiguo: T\u00edtulo: Medusita de crochet. Autora: Marjaneh Vargas Barajas. T\u00e9cnica: Crochet. A\u00f1o: 2025. T\u00edtulo: Pez morado de crochet. Autora: Marjaneh Vargas Barajas. T\u00e9cnica: Crochet. A\u00f1o: 2025. T\u00edtulo: Pulpito beb\u00e9 de crochet con franja morada en sus ojos. Autora: Marjaneh Vargas Barajas. [&hellip;]<\/p>\n","protected":false},"author":1,"featured_media":0,"parent":0,"menu_order":0,"comment_status":"closed","ping_status":"closed","template":"","meta":{"om_disable_all_campaigns":false,"_monsterinsights_skip_tracking":false,"_monsterinsights_sitenote_active":false,"_monsterinsights_sitenote_note":"","_monsterinsights_sitenote_category":0,"footnotes":""},"class_list":["post-3058","page","type-page","status-publish","hentry"],"aioseo_notices":[],"_links":{"self":[{"href":"https:\/\/xn--elrincndemargi-qob.com\/index.php\/wp-json\/wp\/v2\/pages\/3058","targetHints":{"allow":["GET"]}}],"collection":[{"href":"https:\/\/xn--elrincndemargi-qob.com\/index.php\/wp-json\/wp\/v2\/pages"}],"about":[{"href":"https:\/\/xn--elrincndemargi-qob.com\/index.php\/wp-json\/wp\/v2\/types\/page"}],"author":[{"embeddable":true,"href":"https:\/\/xn--elrincndemargi-qob.com\/index.php\/wp-json\/wp\/v2\/users\/1"}],"replies":[{"embeddable":true,"href":"https:\/\/xn--elrincndemargi-qob.com\/index.php\/wp-json\/wp\/v2\/comments?post=3058"}],"version-history":[{"count":7,"href":"https:\/\/xn--elrincndemargi-qob.com\/index.php\/wp-json\/wp\/v2\/pages\/3058\/revisions"}],"predecessor-version":[{"id":3066,"href":"https:\/\/xn--elrincndemargi-qob.com\/index.php\/wp-json\/wp\/v2\/pages\/3058\/revisions\/3066"}],"wp:attachment":[{"href":"https:\/\/xn--elrincndemargi-qob.com\/index.php\/wp-json\/wp\/v2\/media?parent=3058"}],"curies":[{"name":"wp","href":"https:\/\/api.w.org\/{rel}","templated":true}]}}