{"id":3018,"date":"2025-10-11T05:21:27","date_gmt":"2025-10-11T05:21:27","guid":{"rendered":"https:\/\/xn--elrincndemargi-qob.com\/?page_id=3018"},"modified":"2025-10-11T05:22:47","modified_gmt":"2025-10-11T05:22:47","slug":"mis-publicaciones-de-obras-visuales","status":"publish","type":"page","link":"https:\/\/xn--elrincndemargi-qob.com\/index.php\/mis-publicaciones-de-obras-visuales\/","title":{"rendered":"Mis publicaciones de obras visuales"},"content":{"rendered":"\t\t<div data-elementor-type=\"wp-page\" data-elementor-id=\"3018\" class=\"elementor elementor-3018\">\n\t\t\t\t\t\t<section class=\"elementor-section elementor-top-section elementor-element elementor-element-8a1a855 elementor-section-boxed elementor-section-height-default elementor-section-height-default\" data-id=\"8a1a855\" data-element_type=\"section\" data-e-type=\"section\">\n\t\t\t\t\t\t<div class=\"elementor-container elementor-column-gap-default\">\n\t\t\t\t\t<div class=\"elementor-column elementor-col-100 elementor-top-column elementor-element elementor-element-f8af9f0\" data-id=\"f8af9f0\" data-element_type=\"column\" data-e-type=\"column\">\n\t\t\t<div class=\"elementor-widget-wrap elementor-element-populated\">\n\t\t\t\t\t\t<div class=\"elementor-element elementor-element-e37ceb4 elementor-widget elementor-widget-heading\" data-id=\"e37ceb4\" data-element_type=\"widget\" data-e-type=\"widget\" data-widget_type=\"heading.default\">\n\t\t\t\t<div class=\"elementor-widget-container\">\n\t\t\t\t\t<h2 class=\"elementor-heading-title elementor-size-default\">Aqu\u00ed podr\u00e1s encontrar todas las publicaciones de mis obras como artista, desde mi trabajo m\u00e1s reciente hasta el m\u00e1s antiguo:<\/h2>\t\t\t\t<\/div>\n\t\t\t\t<\/div>\n\t\t\t\t\t<\/div>\n\t\t<\/div>\n\t\t\t\t\t<\/div>\n\t\t<\/section>\n\t\t\t\t<section class=\"elementor-section elementor-top-section elementor-element elementor-element-a9f3bc0 elementor-section-boxed elementor-section-height-default elementor-section-height-default\" data-id=\"a9f3bc0\" data-element_type=\"section\" data-e-type=\"section\">\n\t\t\t\t\t\t<div class=\"elementor-container elementor-column-gap-default\">\n\t\t\t\t\t<div class=\"elementor-column elementor-col-100 elementor-top-column elementor-element elementor-element-770eeb8\" data-id=\"770eeb8\" data-element_type=\"column\" data-e-type=\"column\">\n\t\t\t<div class=\"elementor-widget-wrap elementor-element-populated\">\n\t\t\t\t\t\t<div class=\"elementor-element elementor-element-fd3742b elementor-widget elementor-widget-heading\" data-id=\"fd3742b\" data-element_type=\"widget\" data-e-type=\"widget\" data-widget_type=\"heading.default\">\n\t\t\t\t<div class=\"elementor-widget-container\">\n\t\t\t\t\t<h4 class=\"elementor-heading-title elementor-size-default\">Revista Albores Caipell N\u00b07 Vol 1 Setiembre <\/h4>\t\t\t\t<\/div>\n\t\t\t\t<\/div>\n\t\t\t\t\t<\/div>\n\t\t<\/div>\n\t\t\t\t\t<\/div>\n\t\t<\/section>\n\t\t\t\t<section class=\"elementor-section elementor-top-section elementor-element elementor-element-ca37df8 elementor-section-boxed elementor-section-height-default elementor-section-height-default\" data-id=\"ca37df8\" data-element_type=\"section\" data-e-type=\"section\">\n\t\t\t\t\t\t<div class=\"elementor-container elementor-column-gap-default\">\n\t\t\t\t\t<div class=\"elementor-column elementor-col-50 elementor-top-column elementor-element elementor-element-30551ac\" data-id=\"30551ac\" data-element_type=\"column\" data-e-type=\"column\">\n\t\t\t<div class=\"elementor-widget-wrap elementor-element-populated\">\n\t\t\t\t\t\t<div class=\"elementor-element elementor-element-66d2cc6 elementor-widget elementor-widget-image\" data-id=\"66d2cc6\" data-element_type=\"widget\" data-e-type=\"widget\" data-widget_type=\"image.default\">\n\t\t\t\t<div class=\"elementor-widget-container\">\n\t\t\t\t\t\t\t\t\t\t\t\t<figure class=\"wp-caption\">\n\t\t\t\t\t\t\t\t\t\t<img fetchpriority=\"high\" decoding=\"async\" width=\"580\" height=\"725\" src=\"https:\/\/xn--elrincndemargi-qob.com\/wp-content\/uploads\/2025\/07\/Supernova-en-colapso-819x1024.jpg\" class=\"attachment-large size-large wp-image-3008\" alt=\"\" srcset=\"https:\/\/xn--elrincndemargi-qob.com\/wp-content\/uploads\/2025\/07\/Supernova-en-colapso-819x1024.jpg 819w, https:\/\/xn--elrincndemargi-qob.com\/wp-content\/uploads\/2025\/07\/Supernova-en-colapso-240x300.jpg 240w, https:\/\/xn--elrincndemargi-qob.com\/wp-content\/uploads\/2025\/07\/Supernova-en-colapso-768x960.jpg 768w, https:\/\/xn--elrincndemargi-qob.com\/wp-content\/uploads\/2025\/07\/Supernova-en-colapso-1228x1536.jpg 1228w, https:\/\/xn--elrincndemargi-qob.com\/wp-content\/uploads\/2025\/07\/Supernova-en-colapso-1638x2048.jpg 1638w, https:\/\/xn--elrincndemargi-qob.com\/wp-content\/uploads\/2025\/07\/Supernova-en-colapso-1200x1500.jpg 1200w, https:\/\/xn--elrincndemargi-qob.com\/wp-content\/uploads\/2025\/07\/Supernova-en-colapso.jpg 1909w\" sizes=\"(max-width: 580px) 100vw, 580px\" \/>\t\t\t\t\t\t\t\t\t\t\t<figcaption class=\"widget-image-caption wp-caption-text\">T\u00edtulo: Supernova en Colapso.\nAutora: Marjaneh Vargas Barajas.\nT\u00e9cnica: Pintura al \u00f3leo. \nMedidas: 50 x 40 cm.\nA\u00f1o: 2024.\n<\/figcaption>\n\t\t\t\t\t\t\t\t\t\t<\/figure>\n\t\t\t\t\t\t\t\t\t<\/div>\n\t\t\t\t<\/div>\n\t\t\t\t\t<\/div>\n\t\t<\/div>\n\t\t\t\t<div class=\"elementor-column elementor-col-50 elementor-top-column elementor-element elementor-element-1250fa5\" data-id=\"1250fa5\" data-element_type=\"column\" data-e-type=\"column\">\n\t\t\t<div class=\"elementor-widget-wrap elementor-element-populated\">\n\t\t\t\t\t\t<div class=\"elementor-element elementor-element-5952212 elementor-widget elementor-widget-image\" data-id=\"5952212\" data-element_type=\"widget\" data-e-type=\"widget\" data-widget_type=\"image.default\">\n\t\t\t\t<div class=\"elementor-widget-container\">\n\t\t\t\t\t\t\t\t\t\t\t\t<figure class=\"wp-caption\">\n\t\t\t\t\t\t\t\t\t\t<img decoding=\"async\" width=\"580\" height=\"457\" src=\"https:\/\/xn--elrincndemargi-qob.com\/wp-content\/uploads\/2025\/07\/Cuasar-con-nucleo-de-agujero-negro-1024x806.jpg\" class=\"attachment-large size-large wp-image-3009\" alt=\"\" srcset=\"https:\/\/xn--elrincndemargi-qob.com\/wp-content\/uploads\/2025\/07\/Cuasar-con-nucleo-de-agujero-negro-1024x806.jpg 1024w, https:\/\/xn--elrincndemargi-qob.com\/wp-content\/uploads\/2025\/07\/Cuasar-con-nucleo-de-agujero-negro-300x236.jpg 300w, https:\/\/xn--elrincndemargi-qob.com\/wp-content\/uploads\/2025\/07\/Cuasar-con-nucleo-de-agujero-negro-768x605.jpg 768w, https:\/\/xn--elrincndemargi-qob.com\/wp-content\/uploads\/2025\/07\/Cuasar-con-nucleo-de-agujero-negro-1536x1209.jpg 1536w, https:\/\/xn--elrincndemargi-qob.com\/wp-content\/uploads\/2025\/07\/Cuasar-con-nucleo-de-agujero-negro-2048x1613.jpg 2048w, https:\/\/xn--elrincndemargi-qob.com\/wp-content\/uploads\/2025\/07\/Cuasar-con-nucleo-de-agujero-negro-1200x945.jpg 1200w, https:\/\/xn--elrincndemargi-qob.com\/wp-content\/uploads\/2025\/07\/Cuasar-con-nucleo-de-agujero-negro-1980x1559.jpg 1980w\" sizes=\"(max-width: 580px) 100vw, 580px\" \/>\t\t\t\t\t\t\t\t\t\t\t<figcaption class=\"widget-image-caption wp-caption-text\">T\u00edtulo: Cu\u00e1sar con n\u00facleo de agujero negro. \nAutora: Marjaneh Vargas Barajas.\nT\u00e9cnica: Pintura al \u00f3leo.\nMedidas: 40 x 50 cm.\nA\u00f1o: 2025.\n<\/figcaption>\n\t\t\t\t\t\t\t\t\t\t<\/figure>\n\t\t\t\t\t\t\t\t\t<\/div>\n\t\t\t\t<\/div>\n\t\t\t\t\t<\/div>\n\t\t<\/div>\n\t\t\t\t\t<\/div>\n\t\t<\/section>\n\t\t\t\t<section class=\"elementor-section elementor-top-section elementor-element elementor-element-6d8380c elementor-section-boxed elementor-section-height-default elementor-section-height-default\" data-id=\"6d8380c\" data-element_type=\"section\" data-e-type=\"section\">\n\t\t\t\t\t\t<div class=\"elementor-container elementor-column-gap-default\">\n\t\t\t\t\t<div class=\"elementor-column elementor-col-100 elementor-top-column elementor-element elementor-element-fe6e5cd\" data-id=\"fe6e5cd\" data-element_type=\"column\" data-e-type=\"column\">\n\t\t\t<div class=\"elementor-widget-wrap elementor-element-populated\">\n\t\t\t\t\t\t<div class=\"elementor-element elementor-element-4e9d34f elementor-widget elementor-widget-text-editor\" data-id=\"4e9d34f\" data-element_type=\"widget\" data-e-type=\"widget\" data-widget_type=\"text-editor.default\">\n\t\t\t\t<div class=\"elementor-widget-container\">\n\t\t\t\t\t\t\t\t\t<p>&#8220;Supernova en colapso&#8221; y &#8220;Cu\u00e1sar con n\u00facleo de agujero negro&#8221; son dos pinturas al \u00f3leo inspiradas en mi fascinaci\u00f3n por el espacio y la ciencia ficci\u00f3n, en ellas represento a una supernova y a un cu\u00e1sar por dentro del objeto celeste.<\/p><p>Puedes encontrar mis piezas publicadas en la p\u00e1gina 75 de la revista.<\/p>\t\t\t\t\t\t\t\t<\/div>\n\t\t\t\t<\/div>\n\t\t\t\t<div class=\"elementor-element elementor-element-9e6ceec elementor-align-center elementor-widget elementor-widget-button\" data-id=\"9e6ceec\" data-element_type=\"widget\" data-e-type=\"widget\" data-widget_type=\"button.default\">\n\t\t\t\t<div class=\"elementor-widget-container\">\n\t\t\t\t\t\t\t\t\t<div class=\"elementor-button-wrapper\">\n\t\t\t\t\t<a class=\"elementor-button elementor-button-link elementor-size-sm\" href=\"https:\/\/www.calameo.com\/read\/00668450235329af11b06\">\n\t\t\t\t\t\t<span class=\"elementor-button-content-wrapper\">\n\t\t\t\t\t\t\t\t\t<span class=\"elementor-button-text\">Puedes encontrarlo aqu\u00ed<\/span>\n\t\t\t\t\t<\/span>\n\t\t\t\t\t<\/a>\n\t\t\t\t<\/div>\n\t\t\t\t\t\t\t\t<\/div>\n\t\t\t\t<\/div>\n\t\t\t\t\t<\/div>\n\t\t<\/div>\n\t\t\t\t\t<\/div>\n\t\t<\/section>\n\t\t\t\t<section class=\"elementor-section elementor-top-section elementor-element elementor-element-7ea2060 elementor-section-boxed elementor-section-height-default elementor-section-height-default\" data-id=\"7ea2060\" data-element_type=\"section\" data-e-type=\"section\">\n\t\t\t\t\t\t<div class=\"elementor-container elementor-column-gap-default\">\n\t\t\t\t\t<div class=\"elementor-column elementor-col-100 elementor-top-column elementor-element elementor-element-0a31f08\" data-id=\"0a31f08\" data-element_type=\"column\" data-e-type=\"column\">\n\t\t\t<div class=\"elementor-widget-wrap elementor-element-populated\">\n\t\t\t\t\t\t<div class=\"elementor-element elementor-element-49fa469 elementor-widget elementor-widget-text-editor\" data-id=\"49fa469\" data-element_type=\"widget\" data-e-type=\"widget\" data-widget_type=\"text-editor.default\">\n\t\t\t\t<div class=\"elementor-widget-container\">\n\t\t\t\t\t\t\t\t\t<h6>\u00a9 Marjaneh Vargas Barajas \u2014 Todos los derechos reservados. | <a href=\"https:\/\/xn--elrincndemargi-qob.com\/index.php\/derechos-de-autor\/\">Derechos de Autor<\/a><\/h6>\t\t\t\t\t\t\t\t<\/div>\n\t\t\t\t<\/div>\n\t\t\t\t\t<\/div>\n\t\t<\/div>\n\t\t\t\t\t<\/div>\n\t\t<\/section>\n\t\t\t\t<\/div>\n\t\t","protected":false},"excerpt":{"rendered":"<p>Aqu\u00ed podr\u00e1s encontrar todas las publicaciones de mis obras como artista, desde mi trabajo m\u00e1s reciente hasta el m\u00e1s antiguo: Revista Albores Caipell N\u00b07 Vol 1 Setiembre T\u00edtulo: Supernova en Colapso. Autora: Marjaneh Vargas Barajas. T\u00e9cnica: Pintura al \u00f3leo. Medidas: 50 x 40 cm. A\u00f1o: 2024. T\u00edtulo: Cu\u00e1sar con n\u00facleo de agujero negro. Autora: Marjaneh [&hellip;]<\/p>\n","protected":false},"author":1,"featured_media":0,"parent":0,"menu_order":0,"comment_status":"closed","ping_status":"closed","template":"","meta":{"om_disable_all_campaigns":false,"_monsterinsights_skip_tracking":false,"_monsterinsights_sitenote_active":false,"_monsterinsights_sitenote_note":"","_monsterinsights_sitenote_category":0,"footnotes":""},"class_list":["post-3018","page","type-page","status-publish","hentry"],"aioseo_notices":[],"_links":{"self":[{"href":"https:\/\/xn--elrincndemargi-qob.com\/index.php\/wp-json\/wp\/v2\/pages\/3018","targetHints":{"allow":["GET"]}}],"collection":[{"href":"https:\/\/xn--elrincndemargi-qob.com\/index.php\/wp-json\/wp\/v2\/pages"}],"about":[{"href":"https:\/\/xn--elrincndemargi-qob.com\/index.php\/wp-json\/wp\/v2\/types\/page"}],"author":[{"embeddable":true,"href":"https:\/\/xn--elrincndemargi-qob.com\/index.php\/wp-json\/wp\/v2\/users\/1"}],"replies":[{"embeddable":true,"href":"https:\/\/xn--elrincndemargi-qob.com\/index.php\/wp-json\/wp\/v2\/comments?post=3018"}],"version-history":[{"count":8,"href":"https:\/\/xn--elrincndemargi-qob.com\/index.php\/wp-json\/wp\/v2\/pages\/3018\/revisions"}],"predecessor-version":[{"id":3028,"href":"https:\/\/xn--elrincndemargi-qob.com\/index.php\/wp-json\/wp\/v2\/pages\/3018\/revisions\/3028"}],"wp:attachment":[{"href":"https:\/\/xn--elrincndemargi-qob.com\/index.php\/wp-json\/wp\/v2\/media?parent=3018"}],"curies":[{"name":"wp","href":"https:\/\/api.w.org\/{rel}","templated":true}]}}