{"id":2911,"date":"2025-06-05T00:27:47","date_gmt":"2025-06-05T00:27:47","guid":{"rendered":"https:\/\/xn--elrincndemargi-qob.com\/?page_id=2911"},"modified":"2025-06-05T00:28:31","modified_gmt":"2025-06-05T00:28:31","slug":"derechos-de-autor","status":"publish","type":"page","link":"https:\/\/xn--elrincndemargi-qob.com\/index.php\/derechos-de-autor\/","title":{"rendered":"Derechos de Autor \u00a9"},"content":{"rendered":"\t\t<div data-elementor-type=\"wp-page\" data-elementor-id=\"2911\" class=\"elementor elementor-2911\">\n\t\t\t\t\t\t<section class=\"elementor-section elementor-top-section elementor-element elementor-element-38fcd02 elementor-section-boxed elementor-section-height-default elementor-section-height-default\" data-id=\"38fcd02\" data-element_type=\"section\" data-e-type=\"section\">\n\t\t\t\t\t\t<div class=\"elementor-container elementor-column-gap-default\">\n\t\t\t\t\t<div class=\"elementor-column elementor-col-100 elementor-top-column elementor-element elementor-element-a4e1ced\" data-id=\"a4e1ced\" data-element_type=\"column\" data-e-type=\"column\">\n\t\t\t<div class=\"elementor-widget-wrap elementor-element-populated\">\n\t\t\t\t\t\t<div class=\"elementor-element elementor-element-0117591 elementor-widget elementor-widget-text-editor\" data-id=\"0117591\" data-element_type=\"widget\" data-e-type=\"widget\" data-widget_type=\"text-editor.default\">\n\t\t\t\t<div class=\"elementor-widget-container\">\n\t\t\t\t\t\t\t\t\t<p><b>Todos los derechos reservados.<\/b><\/p><p>\u00a0<\/p><p><span style=\"font-weight: 400;\">Todo el contenido visual, escrito y audiovisual publicado en este sitio \u2014incluyendo textos literarios, dibujos, pinturas, grabados, fotograf\u00edas, ilustraciones, esculturas, videos, dise\u00f1os, fondos de pantalla y dem\u00e1s obras originales \u2014 es propiedad de <\/span><b>Marjaneh Vargas Barajas, <\/b><span style=\"font-weight: 400;\">y est\u00e1 protegido por la <\/span><b>Ley Federal del Derecho de Autor<\/b><span style=\"font-weight: 400;\"> y los <\/span><b>tratados internacionales vigentes en materia de propiedad intelectual<\/b><span style=\"font-weight: 400;\">.<\/span><\/p><p><span style=\"font-weight: 400;\">Queda estrictamente prohibida la reproducci\u00f3n, distribuci\u00f3n, modificaci\u00f3n, exhibici\u00f3n p\u00fablica o uso comercial de cualquiera de estas obras sin el consentimiento previo y por escrito de la autora.<\/span><\/p><p><span style=\"font-weight: 400;\">Para solicitar licencias, colaboraciones, adquisiciones o resolver dudas relacionadas con derechos de uso, por favor escribe a: <\/span><b>elrincondemargi@gmail.com<\/b><\/p>\t\t\t\t\t\t\t\t<\/div>\n\t\t\t\t<\/div>\n\t\t\t\t\t<\/div>\n\t\t<\/div>\n\t\t\t\t\t<\/div>\n\t\t<\/section>\n\t\t\t\t<\/div>\n\t\t","protected":false},"excerpt":{"rendered":"<p>Todos los derechos reservados. \u00a0 Todo el contenido visual, escrito y audiovisual publicado en este sitio \u2014incluyendo textos literarios, dibujos, pinturas, grabados, fotograf\u00edas, ilustraciones, esculturas, videos, dise\u00f1os, fondos de pantalla y dem\u00e1s obras originales \u2014 es propiedad de Marjaneh Vargas Barajas, y est\u00e1 protegido por la Ley Federal del Derecho de Autor y los tratados [&hellip;]<\/p>\n","protected":false},"author":1,"featured_media":0,"parent":0,"menu_order":0,"comment_status":"closed","ping_status":"closed","template":"","meta":{"om_disable_all_campaigns":false,"_monsterinsights_skip_tracking":false,"_monsterinsights_sitenote_active":false,"_monsterinsights_sitenote_note":"","_monsterinsights_sitenote_category":0,"footnotes":""},"class_list":["post-2911","page","type-page","status-publish","hentry"],"aioseo_notices":[],"_links":{"self":[{"href":"https:\/\/xn--elrincndemargi-qob.com\/index.php\/wp-json\/wp\/v2\/pages\/2911","targetHints":{"allow":["GET"]}}],"collection":[{"href":"https:\/\/xn--elrincndemargi-qob.com\/index.php\/wp-json\/wp\/v2\/pages"}],"about":[{"href":"https:\/\/xn--elrincndemargi-qob.com\/index.php\/wp-json\/wp\/v2\/types\/page"}],"author":[{"embeddable":true,"href":"https:\/\/xn--elrincndemargi-qob.com\/index.php\/wp-json\/wp\/v2\/users\/1"}],"replies":[{"embeddable":true,"href":"https:\/\/xn--elrincndemargi-qob.com\/index.php\/wp-json\/wp\/v2\/comments?post=2911"}],"version-history":[{"count":11,"href":"https:\/\/xn--elrincndemargi-qob.com\/index.php\/wp-json\/wp\/v2\/pages\/2911\/revisions"}],"predecessor-version":[{"id":2922,"href":"https:\/\/xn--elrincndemargi-qob.com\/index.php\/wp-json\/wp\/v2\/pages\/2911\/revisions\/2922"}],"wp:attachment":[{"href":"https:\/\/xn--elrincndemargi-qob.com\/index.php\/wp-json\/wp\/v2\/media?parent=2911"}],"curies":[{"name":"wp","href":"https:\/\/api.w.org\/{rel}","templated":true}]}}