{"id":2874,"date":"2024-11-23T03:57:17","date_gmt":"2024-11-23T03:57:17","guid":{"rendered":"https:\/\/xn--elrincndemargi-qob.com\/?page_id=2874"},"modified":"2025-10-13T20:16:39","modified_gmt":"2025-10-13T20:16:39","slug":"mi-curriculum-vitae","status":"publish","type":"page","link":"https:\/\/xn--elrincndemargi-qob.com\/index.php\/mi-curriculum-vitae\/","title":{"rendered":"Mi Curr\u00edculum Vitae"},"content":{"rendered":"\t\t<div data-elementor-type=\"wp-page\" data-elementor-id=\"2874\" class=\"elementor elementor-2874\">\n\t\t\t\t\t\t<section class=\"elementor-section elementor-top-section elementor-element elementor-element-65b2540 elementor-section-boxed elementor-section-height-default elementor-section-height-default\" data-id=\"65b2540\" data-element_type=\"section\" data-e-type=\"section\">\n\t\t\t\t\t\t<div class=\"elementor-container elementor-column-gap-default\">\n\t\t\t\t\t<div class=\"elementor-column elementor-col-100 elementor-top-column elementor-element elementor-element-e2e4f3e\" data-id=\"e2e4f3e\" data-element_type=\"column\" data-e-type=\"column\">\n\t\t\t<div class=\"elementor-widget-wrap elementor-element-populated\">\n\t\t\t\t\t\t<div class=\"elementor-element elementor-element-ff8465f elementor-widget elementor-widget-heading\" data-id=\"ff8465f\" data-element_type=\"widget\" data-e-type=\"widget\" data-widget_type=\"heading.default\">\n\t\t\t\t<div class=\"elementor-widget-container\">\n\t\t\t\t\t<h4 class=\"elementor-heading-title elementor-size-default\">A continuaci\u00f3n podr\u00e1s encontrar m\u00e1s informaci\u00f3n sobre mi trabajo como artista visual y escritora:\n<\/h4>\t\t\t\t<\/div>\n\t\t\t\t<\/div>\n\t\t\t\t\t<\/div>\n\t\t<\/div>\n\t\t\t\t\t<\/div>\n\t\t<\/section>\n\t\t\t\t<section class=\"elementor-section elementor-top-section elementor-element elementor-element-c27d763 elementor-section-boxed elementor-section-height-default elementor-section-height-default\" data-id=\"c27d763\" data-element_type=\"section\" data-e-type=\"section\">\n\t\t\t\t\t\t<div class=\"elementor-container elementor-column-gap-default\">\n\t\t\t\t\t<div class=\"elementor-column elementor-col-100 elementor-top-column elementor-element elementor-element-c321f2b\" data-id=\"c321f2b\" data-element_type=\"column\" data-e-type=\"column\">\n\t\t\t<div class=\"elementor-widget-wrap elementor-element-populated\">\n\t\t\t\t\t\t<div class=\"elementor-element elementor-element-61ccc21 elementor-widget elementor-widget-heading\" data-id=\"61ccc21\" data-element_type=\"widget\" data-e-type=\"widget\" data-widget_type=\"heading.default\">\n\t\t\t\t<div class=\"elementor-widget-container\">\n\t\t\t\t\t<h4 class=\"elementor-heading-title elementor-size-default\">CV en espa\u00f1ol:<\/h4>\t\t\t\t<\/div>\n\t\t\t\t<\/div>\n\t\t\t\t<div class=\"elementor-element elementor-element-cc0efd9 elementor-widget elementor-widget-html\" data-id=\"cc0efd9\" data-element_type=\"widget\" data-e-type=\"widget\" data-widget_type=\"html.default\">\n\t\t\t\t<div class=\"elementor-widget-container\">\n\t\t\t\t\t<!-- Contenedor responsive para iframe -->\r\n<style>\r\n  .pdf-container {\r\n    position: relative;\r\n    width: 100%;\r\n    padding-bottom: 56.25%; \/* ratio 16:9 \u2014 ajusta si quieres m\u00e1s alto (por ejemplo 75% para 4:3) *\/\r\n    height: 0;\r\n    overflow: hidden;\r\n  }\r\n  .pdf-container iframe {\r\n    position: absolute;\r\n    top: 0; left: 0;\r\n    width: 100%;\r\n    height: 100%;\r\n    border: 0;\r\n  }\r\n<\/style>\r\n\r\n<div class=\"pdf-container\" aria-label=\"Vista previa del curriculum\">\r\n  <iframe\r\n    src=\"https:\/\/drive.google.com\/file\/d\/1bPT29VtFt-C_aFpbkeygTHC6CTxyQ-zL\/preview\"\r\n    title=\"Curriculum Vitae \u2014 vista previa\"\r\n    allow=\"autoplay; encrypted-media\"\r\n    loading=\"lazy\">\r\n  <\/iframe>\r\n<\/div>\r\n\t\t\t\t<\/div>\n\t\t\t\t<\/div>\n\t\t\t\t\t<\/div>\n\t\t<\/div>\n\t\t\t\t\t<\/div>\n\t\t<\/section>\n\t\t\t\t<section class=\"elementor-section elementor-top-section elementor-element elementor-element-4303260 elementor-section-boxed elementor-section-height-default elementor-section-height-default\" data-id=\"4303260\" data-element_type=\"section\" data-e-type=\"section\">\n\t\t\t\t\t\t<div class=\"elementor-container elementor-column-gap-default\">\n\t\t\t\t\t<div class=\"elementor-column elementor-col-100 elementor-top-column elementor-element elementor-element-f5f4dfc\" data-id=\"f5f4dfc\" data-element_type=\"column\" data-e-type=\"column\">\n\t\t\t<div class=\"elementor-widget-wrap elementor-element-populated\">\n\t\t\t\t\t\t<div class=\"elementor-element elementor-element-6883a22 elementor-widget elementor-widget-heading\" data-id=\"6883a22\" data-element_type=\"widget\" data-e-type=\"widget\" data-widget_type=\"heading.default\">\n\t\t\t\t<div class=\"elementor-widget-container\">\n\t\t\t\t\t<h4 class=\"elementor-heading-title elementor-size-default\">CV in english:<\/h4>\t\t\t\t<\/div>\n\t\t\t\t<\/div>\n\t\t\t\t<div class=\"elementor-element elementor-element-ca58d6b elementor-widget elementor-widget-html\" data-id=\"ca58d6b\" data-element_type=\"widget\" data-e-type=\"widget\" data-widget_type=\"html.default\">\n\t\t\t\t<div class=\"elementor-widget-container\">\n\t\t\t\t\t<!-- Contenedor responsive para vista previa del CV -->\r\n<style>\r\n  .pdf-container {\r\n    position: relative;\r\n    width: 100%;\r\n    padding-bottom: 56.25%; \/* Ajusta la altura: usa 75% si quieres que se vea m\u00e1s alto *\/\r\n    height: 0;\r\n    overflow: hidden;\r\n  }\r\n  .pdf-container iframe {\r\n    position: absolute;\r\n    top: 0; \r\n    left: 0;\r\n    width: 100%;\r\n    height: 100%;\r\n    border: 0;\r\n  }\r\n<\/style>\r\n\r\n<div class=\"pdf-container\" aria-label=\"Vista previa del curriculum\">\r\n  <iframe\r\n    src=\"https:\/\/drive.google.com\/file\/d\/174hEUYubXTJ7wt6ONaeU1DLPPIitGPeI\/preview\"\r\n    title=\"Curriculum Vitae \u2014 vista previa\"\r\n    allow=\"autoplay; encrypted-media\"\r\n    loading=\"lazy\">\r\n  <\/iframe>\r\n<\/div>\r\n\t\t\t\t<\/div>\n\t\t\t\t<\/div>\n\t\t\t\t\t<\/div>\n\t\t<\/div>\n\t\t\t\t\t<\/div>\n\t\t<\/section>\n\t\t\t\t<\/div>\n\t\t","protected":false},"excerpt":{"rendered":"<p>A continuaci\u00f3n podr\u00e1s encontrar m\u00e1s informaci\u00f3n sobre mi trabajo como artista visual y escritora: CV en espa\u00f1ol: CV in english:<\/p>\n","protected":false},"author":1,"featured_media":0,"parent":0,"menu_order":0,"comment_status":"closed","ping_status":"closed","template":"","meta":{"om_disable_all_campaigns":false,"_monsterinsights_skip_tracking":false,"_monsterinsights_sitenote_active":false,"_monsterinsights_sitenote_note":"","_monsterinsights_sitenote_category":0,"footnotes":""},"class_list":["post-2874","page","type-page","status-publish","hentry"],"aioseo_notices":[],"_links":{"self":[{"href":"https:\/\/xn--elrincndemargi-qob.com\/index.php\/wp-json\/wp\/v2\/pages\/2874","targetHints":{"allow":["GET"]}}],"collection":[{"href":"https:\/\/xn--elrincndemargi-qob.com\/index.php\/wp-json\/wp\/v2\/pages"}],"about":[{"href":"https:\/\/xn--elrincndemargi-qob.com\/index.php\/wp-json\/wp\/v2\/types\/page"}],"author":[{"embeddable":true,"href":"https:\/\/xn--elrincndemargi-qob.com\/index.php\/wp-json\/wp\/v2\/users\/1"}],"replies":[{"embeddable":true,"href":"https:\/\/xn--elrincndemargi-qob.com\/index.php\/wp-json\/wp\/v2\/comments?post=2874"}],"version-history":[{"count":13,"href":"https:\/\/xn--elrincndemargi-qob.com\/index.php\/wp-json\/wp\/v2\/pages\/2874\/revisions"}],"predecessor-version":[{"id":3033,"href":"https:\/\/xn--elrincndemargi-qob.com\/index.php\/wp-json\/wp\/v2\/pages\/2874\/revisions\/3033"}],"wp:attachment":[{"href":"https:\/\/xn--elrincndemargi-qob.com\/index.php\/wp-json\/wp\/v2\/media?parent=2874"}],"curies":[{"name":"wp","href":"https:\/\/api.w.org\/{rel}","templated":true}]}}