{"id":2320,"date":"2024-05-14T06:04:09","date_gmt":"2024-05-14T06:04:09","guid":{"rendered":"https:\/\/xn--elrincndemargi-qob.com\/?page_id=2320"},"modified":"2024-05-14T06:04:58","modified_gmt":"2024-05-14T06:04:58","slug":"mi-planeta-se-esta-cocinando","status":"publish","type":"page","link":"https:\/\/xn--elrincndemargi-qob.com\/index.php\/mi-planeta-se-esta-cocinando\/","title":{"rendered":"Mi planeta se est\u00e1 cocinando"},"content":{"rendered":"\t\t<div data-elementor-type=\"wp-page\" data-elementor-id=\"2320\" class=\"elementor elementor-2320\">\n\t\t\t\t\t\t<section class=\"elementor-section elementor-top-section elementor-element elementor-element-1094274 elementor-section-boxed elementor-section-height-default elementor-section-height-default\" data-id=\"1094274\" data-element_type=\"section\" data-e-type=\"section\">\n\t\t\t\t\t\t<div class=\"elementor-container elementor-column-gap-default\">\n\t\t\t\t\t<div class=\"elementor-column elementor-col-100 elementor-top-column elementor-element elementor-element-ace8964\" data-id=\"ace8964\" data-element_type=\"column\" data-e-type=\"column\">\n\t\t\t<div class=\"elementor-widget-wrap elementor-element-populated\">\n\t\t\t\t\t\t<div class=\"elementor-element elementor-element-d2c1fb3 elementor-widget elementor-widget-image\" data-id=\"d2c1fb3\" data-element_type=\"widget\" data-e-type=\"widget\" data-widget_type=\"image.default\">\n\t\t\t\t<div class=\"elementor-widget-container\">\n\t\t\t\t\t\t\t\t\t\t\t\t<figure class=\"wp-caption\">\n\t\t\t\t\t\t\t\t\t\t<img fetchpriority=\"high\" decoding=\"async\" width=\"580\" height=\"326\" src=\"https:\/\/xn--elrincndemargi-qob.com\/wp-content\/uploads\/2024\/05\/Mi-planeta-se-esta-cocinando-1024x576.jpeg\" class=\"attachment-large size-large wp-image-2321\" alt=\"\" srcset=\"https:\/\/xn--elrincndemargi-qob.com\/wp-content\/uploads\/2024\/05\/Mi-planeta-se-esta-cocinando-1024x576.jpeg 1024w, https:\/\/xn--elrincndemargi-qob.com\/wp-content\/uploads\/2024\/05\/Mi-planeta-se-esta-cocinando-300x169.jpeg 300w, https:\/\/xn--elrincndemargi-qob.com\/wp-content\/uploads\/2024\/05\/Mi-planeta-se-esta-cocinando-768x432.jpeg 768w, https:\/\/xn--elrincndemargi-qob.com\/wp-content\/uploads\/2024\/05\/Mi-planeta-se-esta-cocinando-1536x864.jpeg 1536w, https:\/\/xn--elrincndemargi-qob.com\/wp-content\/uploads\/2024\/05\/Mi-planeta-se-esta-cocinando-2048x1152.jpeg 2048w, https:\/\/xn--elrincndemargi-qob.com\/wp-content\/uploads\/2024\/05\/Mi-planeta-se-esta-cocinando-1200x675.jpeg 1200w, https:\/\/xn--elrincndemargi-qob.com\/wp-content\/uploads\/2024\/05\/Mi-planeta-se-esta-cocinando-1980x1114.jpeg 1980w\" sizes=\"(max-width: 580px) 100vw, 580px\" \/>\t\t\t\t\t\t\t\t\t\t\t<figcaption class=\"widget-image-caption wp-caption-text\">T\u00edtulo: Mi planeta se est\u00e1 cocinando.\nAutora: Marjaneh Vargas Barajas.\nT\u00e9cnica: Escultura.\nDimensiones: 20x55x25.\nA\u00f1o: 2024.<\/figcaption>\n\t\t\t\t\t\t\t\t\t\t<\/figure>\n\t\t\t\t\t\t\t\t\t<\/div>\n\t\t\t\t<\/div>\n\t\t\t\t\t<\/div>\n\t\t<\/div>\n\t\t\t\t\t<\/div>\n\t\t<\/section>\n\t\t\t\t<section class=\"elementor-section elementor-top-section elementor-element elementor-element-109c6aa elementor-section-boxed elementor-section-height-default elementor-section-height-default\" data-id=\"109c6aa\" data-element_type=\"section\" data-e-type=\"section\">\n\t\t\t\t\t\t<div class=\"elementor-container elementor-column-gap-default\">\n\t\t\t\t\t<div class=\"elementor-column elementor-col-50 elementor-top-column elementor-element elementor-element-1bf69db\" data-id=\"1bf69db\" data-element_type=\"column\" data-e-type=\"column\">\n\t\t\t<div class=\"elementor-widget-wrap elementor-element-populated\">\n\t\t\t\t\t\t<div class=\"elementor-element elementor-element-1765a0a elementor-widget elementor-widget-image\" data-id=\"1765a0a\" data-element_type=\"widget\" data-e-type=\"widget\" data-widget_type=\"image.default\">\n\t\t\t\t<div class=\"elementor-widget-container\">\n\t\t\t\t\t\t\t\t\t\t\t\t\t\t\t<img decoding=\"async\" width=\"580\" height=\"326\" src=\"https:\/\/xn--elrincndemargi-qob.com\/wp-content\/uploads\/2024\/05\/Mi-planeta-se-esta-cocinando-1-1024x576.jpeg\" class=\"attachment-large size-large wp-image-2324\" alt=\"\" srcset=\"https:\/\/xn--elrincndemargi-qob.com\/wp-content\/uploads\/2024\/05\/Mi-planeta-se-esta-cocinando-1-1024x576.jpeg 1024w, https:\/\/xn--elrincndemargi-qob.com\/wp-content\/uploads\/2024\/05\/Mi-planeta-se-esta-cocinando-1-300x169.jpeg 300w, https:\/\/xn--elrincndemargi-qob.com\/wp-content\/uploads\/2024\/05\/Mi-planeta-se-esta-cocinando-1-768x432.jpeg 768w, https:\/\/xn--elrincndemargi-qob.com\/wp-content\/uploads\/2024\/05\/Mi-planeta-se-esta-cocinando-1-1536x864.jpeg 1536w, https:\/\/xn--elrincndemargi-qob.com\/wp-content\/uploads\/2024\/05\/Mi-planeta-se-esta-cocinando-1-2048x1152.jpeg 2048w, https:\/\/xn--elrincndemargi-qob.com\/wp-content\/uploads\/2024\/05\/Mi-planeta-se-esta-cocinando-1-1200x675.jpeg 1200w, https:\/\/xn--elrincndemargi-qob.com\/wp-content\/uploads\/2024\/05\/Mi-planeta-se-esta-cocinando-1-1980x1114.jpeg 1980w\" sizes=\"(max-width: 580px) 100vw, 580px\" \/>\t\t\t\t\t\t\t\t\t\t\t\t\t\t\t<\/div>\n\t\t\t\t<\/div>\n\t\t\t\t<div class=\"elementor-element elementor-element-dfdf22d elementor-widget elementor-widget-image\" data-id=\"dfdf22d\" data-element_type=\"widget\" data-e-type=\"widget\" data-widget_type=\"image.default\">\n\t\t\t\t<div class=\"elementor-widget-container\">\n\t\t\t\t\t\t\t\t\t\t\t\t\t\t\t<img decoding=\"async\" width=\"580\" height=\"326\" src=\"https:\/\/xn--elrincndemargi-qob.com\/wp-content\/uploads\/2024\/05\/Mi-planeta-se-esta-cocinando-3-1024x576.jpeg\" class=\"attachment-large size-large wp-image-2326\" alt=\"\" srcset=\"https:\/\/xn--elrincndemargi-qob.com\/wp-content\/uploads\/2024\/05\/Mi-planeta-se-esta-cocinando-3-1024x576.jpeg 1024w, https:\/\/xn--elrincndemargi-qob.com\/wp-content\/uploads\/2024\/05\/Mi-planeta-se-esta-cocinando-3-300x169.jpeg 300w, https:\/\/xn--elrincndemargi-qob.com\/wp-content\/uploads\/2024\/05\/Mi-planeta-se-esta-cocinando-3-768x432.jpeg 768w, https:\/\/xn--elrincndemargi-qob.com\/wp-content\/uploads\/2024\/05\/Mi-planeta-se-esta-cocinando-3-1536x864.jpeg 1536w, https:\/\/xn--elrincndemargi-qob.com\/wp-content\/uploads\/2024\/05\/Mi-planeta-se-esta-cocinando-3-2048x1152.jpeg 2048w, https:\/\/xn--elrincndemargi-qob.com\/wp-content\/uploads\/2024\/05\/Mi-planeta-se-esta-cocinando-3-1200x675.jpeg 1200w, https:\/\/xn--elrincndemargi-qob.com\/wp-content\/uploads\/2024\/05\/Mi-planeta-se-esta-cocinando-3-1980x1114.jpeg 1980w\" sizes=\"(max-width: 580px) 100vw, 580px\" \/>\t\t\t\t\t\t\t\t\t\t\t\t\t\t\t<\/div>\n\t\t\t\t<\/div>\n\t\t\t\t<div class=\"elementor-element elementor-element-ada2e9e elementor-widget elementor-widget-image\" data-id=\"ada2e9e\" data-element_type=\"widget\" data-e-type=\"widget\" data-widget_type=\"image.default\">\n\t\t\t\t<div class=\"elementor-widget-container\">\n\t\t\t\t\t\t\t\t\t\t\t\t\t\t\t<img loading=\"lazy\" decoding=\"async\" width=\"580\" height=\"326\" src=\"https:\/\/xn--elrincndemargi-qob.com\/wp-content\/uploads\/2024\/05\/Mi-planeta-se-esta-cocinando-5-1024x576.jpeg\" class=\"attachment-large size-large wp-image-2328\" alt=\"\" srcset=\"https:\/\/xn--elrincndemargi-qob.com\/wp-content\/uploads\/2024\/05\/Mi-planeta-se-esta-cocinando-5-1024x576.jpeg 1024w, https:\/\/xn--elrincndemargi-qob.com\/wp-content\/uploads\/2024\/05\/Mi-planeta-se-esta-cocinando-5-300x169.jpeg 300w, https:\/\/xn--elrincndemargi-qob.com\/wp-content\/uploads\/2024\/05\/Mi-planeta-se-esta-cocinando-5-768x432.jpeg 768w, https:\/\/xn--elrincndemargi-qob.com\/wp-content\/uploads\/2024\/05\/Mi-planeta-se-esta-cocinando-5-1536x864.jpeg 1536w, https:\/\/xn--elrincndemargi-qob.com\/wp-content\/uploads\/2024\/05\/Mi-planeta-se-esta-cocinando-5-2048x1152.jpeg 2048w, https:\/\/xn--elrincndemargi-qob.com\/wp-content\/uploads\/2024\/05\/Mi-planeta-se-esta-cocinando-5-1200x675.jpeg 1200w, https:\/\/xn--elrincndemargi-qob.com\/wp-content\/uploads\/2024\/05\/Mi-planeta-se-esta-cocinando-5-1980x1114.jpeg 1980w\" sizes=\"(max-width: 580px) 100vw, 580px\" \/>\t\t\t\t\t\t\t\t\t\t\t\t\t\t\t<\/div>\n\t\t\t\t<\/div>\n\t\t\t\t<div class=\"elementor-element elementor-element-9cc8d8e elementor-widget elementor-widget-image\" data-id=\"9cc8d8e\" data-element_type=\"widget\" data-e-type=\"widget\" data-widget_type=\"image.default\">\n\t\t\t\t<div class=\"elementor-widget-container\">\n\t\t\t\t\t\t\t\t\t\t\t\t\t\t\t<img loading=\"lazy\" decoding=\"async\" width=\"580\" height=\"326\" src=\"https:\/\/xn--elrincndemargi-qob.com\/wp-content\/uploads\/2024\/05\/Mi-planeta-se-esta-cocinando-7-1024x576.jpeg\" class=\"attachment-large size-large wp-image-2330\" alt=\"\" srcset=\"https:\/\/xn--elrincndemargi-qob.com\/wp-content\/uploads\/2024\/05\/Mi-planeta-se-esta-cocinando-7-1024x576.jpeg 1024w, https:\/\/xn--elrincndemargi-qob.com\/wp-content\/uploads\/2024\/05\/Mi-planeta-se-esta-cocinando-7-300x169.jpeg 300w, https:\/\/xn--elrincndemargi-qob.com\/wp-content\/uploads\/2024\/05\/Mi-planeta-se-esta-cocinando-7-768x432.jpeg 768w, https:\/\/xn--elrincndemargi-qob.com\/wp-content\/uploads\/2024\/05\/Mi-planeta-se-esta-cocinando-7-1536x864.jpeg 1536w, https:\/\/xn--elrincndemargi-qob.com\/wp-content\/uploads\/2024\/05\/Mi-planeta-se-esta-cocinando-7-2048x1152.jpeg 2048w, https:\/\/xn--elrincndemargi-qob.com\/wp-content\/uploads\/2024\/05\/Mi-planeta-se-esta-cocinando-7-1200x675.jpeg 1200w, https:\/\/xn--elrincndemargi-qob.com\/wp-content\/uploads\/2024\/05\/Mi-planeta-se-esta-cocinando-7-1980x1114.jpeg 1980w\" sizes=\"(max-width: 580px) 100vw, 580px\" \/>\t\t\t\t\t\t\t\t\t\t\t\t\t\t\t<\/div>\n\t\t\t\t<\/div>\n\t\t\t\t<div class=\"elementor-element elementor-element-fd28325 elementor-widget elementor-widget-image\" data-id=\"fd28325\" data-element_type=\"widget\" data-e-type=\"widget\" data-widget_type=\"image.default\">\n\t\t\t\t<div class=\"elementor-widget-container\">\n\t\t\t\t\t\t\t\t\t\t\t\t\t\t\t<img loading=\"lazy\" decoding=\"async\" width=\"580\" height=\"326\" src=\"https:\/\/xn--elrincndemargi-qob.com\/wp-content\/uploads\/2024\/05\/Mi-planeta-se-esta-cocinando-9-1024x576.jpeg\" class=\"attachment-large size-large wp-image-2332\" alt=\"\" srcset=\"https:\/\/xn--elrincndemargi-qob.com\/wp-content\/uploads\/2024\/05\/Mi-planeta-se-esta-cocinando-9-1024x576.jpeg 1024w, https:\/\/xn--elrincndemargi-qob.com\/wp-content\/uploads\/2024\/05\/Mi-planeta-se-esta-cocinando-9-300x169.jpeg 300w, https:\/\/xn--elrincndemargi-qob.com\/wp-content\/uploads\/2024\/05\/Mi-planeta-se-esta-cocinando-9-768x432.jpeg 768w, https:\/\/xn--elrincndemargi-qob.com\/wp-content\/uploads\/2024\/05\/Mi-planeta-se-esta-cocinando-9-1536x864.jpeg 1536w, https:\/\/xn--elrincndemargi-qob.com\/wp-content\/uploads\/2024\/05\/Mi-planeta-se-esta-cocinando-9-2048x1152.jpeg 2048w, https:\/\/xn--elrincndemargi-qob.com\/wp-content\/uploads\/2024\/05\/Mi-planeta-se-esta-cocinando-9-1200x675.jpeg 1200w, https:\/\/xn--elrincndemargi-qob.com\/wp-content\/uploads\/2024\/05\/Mi-planeta-se-esta-cocinando-9-1980x1114.jpeg 1980w\" sizes=\"(max-width: 580px) 100vw, 580px\" \/>\t\t\t\t\t\t\t\t\t\t\t\t\t\t\t<\/div>\n\t\t\t\t<\/div>\n\t\t\t\t\t<\/div>\n\t\t<\/div>\n\t\t\t\t<div class=\"elementor-column elementor-col-50 elementor-top-column elementor-element elementor-element-7844ca1\" data-id=\"7844ca1\" data-element_type=\"column\" data-e-type=\"column\">\n\t\t\t<div class=\"elementor-widget-wrap elementor-element-populated\">\n\t\t\t\t\t\t<div class=\"elementor-element elementor-element-a6165d9 elementor-widget elementor-widget-image\" data-id=\"a6165d9\" data-element_type=\"widget\" data-e-type=\"widget\" data-widget_type=\"image.default\">\n\t\t\t\t<div class=\"elementor-widget-container\">\n\t\t\t\t\t\t\t\t\t\t\t\t\t\t\t<img loading=\"lazy\" decoding=\"async\" width=\"580\" height=\"326\" src=\"https:\/\/xn--elrincndemargi-qob.com\/wp-content\/uploads\/2024\/05\/Mi-planeta-se-esta-cocinando-2-1024x576.jpeg\" class=\"attachment-large size-large wp-image-2325\" alt=\"\" srcset=\"https:\/\/xn--elrincndemargi-qob.com\/wp-content\/uploads\/2024\/05\/Mi-planeta-se-esta-cocinando-2-1024x576.jpeg 1024w, https:\/\/xn--elrincndemargi-qob.com\/wp-content\/uploads\/2024\/05\/Mi-planeta-se-esta-cocinando-2-300x169.jpeg 300w, https:\/\/xn--elrincndemargi-qob.com\/wp-content\/uploads\/2024\/05\/Mi-planeta-se-esta-cocinando-2-768x432.jpeg 768w, https:\/\/xn--elrincndemargi-qob.com\/wp-content\/uploads\/2024\/05\/Mi-planeta-se-esta-cocinando-2-1536x864.jpeg 1536w, https:\/\/xn--elrincndemargi-qob.com\/wp-content\/uploads\/2024\/05\/Mi-planeta-se-esta-cocinando-2-2048x1152.jpeg 2048w, https:\/\/xn--elrincndemargi-qob.com\/wp-content\/uploads\/2024\/05\/Mi-planeta-se-esta-cocinando-2-1200x675.jpeg 1200w, https:\/\/xn--elrincndemargi-qob.com\/wp-content\/uploads\/2024\/05\/Mi-planeta-se-esta-cocinando-2-1980x1114.jpeg 1980w\" sizes=\"(max-width: 580px) 100vw, 580px\" \/>\t\t\t\t\t\t\t\t\t\t\t\t\t\t\t<\/div>\n\t\t\t\t<\/div>\n\t\t\t\t<div class=\"elementor-element elementor-element-76163d4 elementor-widget elementor-widget-image\" data-id=\"76163d4\" data-element_type=\"widget\" data-e-type=\"widget\" data-widget_type=\"image.default\">\n\t\t\t\t<div class=\"elementor-widget-container\">\n\t\t\t\t\t\t\t\t\t\t\t\t\t\t\t<img loading=\"lazy\" decoding=\"async\" width=\"580\" height=\"326\" src=\"https:\/\/xn--elrincndemargi-qob.com\/wp-content\/uploads\/2024\/05\/Mi-planeta-se-esta-cocinando-4-1024x576.jpeg\" class=\"attachment-large size-large wp-image-2327\" alt=\"\" srcset=\"https:\/\/xn--elrincndemargi-qob.com\/wp-content\/uploads\/2024\/05\/Mi-planeta-se-esta-cocinando-4-1024x576.jpeg 1024w, https:\/\/xn--elrincndemargi-qob.com\/wp-content\/uploads\/2024\/05\/Mi-planeta-se-esta-cocinando-4-300x169.jpeg 300w, https:\/\/xn--elrincndemargi-qob.com\/wp-content\/uploads\/2024\/05\/Mi-planeta-se-esta-cocinando-4-768x432.jpeg 768w, https:\/\/xn--elrincndemargi-qob.com\/wp-content\/uploads\/2024\/05\/Mi-planeta-se-esta-cocinando-4-1536x864.jpeg 1536w, https:\/\/xn--elrincndemargi-qob.com\/wp-content\/uploads\/2024\/05\/Mi-planeta-se-esta-cocinando-4-2048x1152.jpeg 2048w, https:\/\/xn--elrincndemargi-qob.com\/wp-content\/uploads\/2024\/05\/Mi-planeta-se-esta-cocinando-4-1200x675.jpeg 1200w, https:\/\/xn--elrincndemargi-qob.com\/wp-content\/uploads\/2024\/05\/Mi-planeta-se-esta-cocinando-4-1980x1114.jpeg 1980w\" sizes=\"(max-width: 580px) 100vw, 580px\" \/>\t\t\t\t\t\t\t\t\t\t\t\t\t\t\t<\/div>\n\t\t\t\t<\/div>\n\t\t\t\t<div class=\"elementor-element elementor-element-83e325e elementor-widget elementor-widget-image\" data-id=\"83e325e\" data-element_type=\"widget\" data-e-type=\"widget\" data-widget_type=\"image.default\">\n\t\t\t\t<div class=\"elementor-widget-container\">\n\t\t\t\t\t\t\t\t\t\t\t\t\t\t\t<img loading=\"lazy\" decoding=\"async\" width=\"580\" height=\"326\" src=\"https:\/\/xn--elrincndemargi-qob.com\/wp-content\/uploads\/2024\/05\/Mi-planeta-se-esta-cocinando-6-1024x576.jpeg\" class=\"attachment-large size-large wp-image-2329\" alt=\"\" srcset=\"https:\/\/xn--elrincndemargi-qob.com\/wp-content\/uploads\/2024\/05\/Mi-planeta-se-esta-cocinando-6-1024x576.jpeg 1024w, https:\/\/xn--elrincndemargi-qob.com\/wp-content\/uploads\/2024\/05\/Mi-planeta-se-esta-cocinando-6-300x169.jpeg 300w, https:\/\/xn--elrincndemargi-qob.com\/wp-content\/uploads\/2024\/05\/Mi-planeta-se-esta-cocinando-6-768x432.jpeg 768w, https:\/\/xn--elrincndemargi-qob.com\/wp-content\/uploads\/2024\/05\/Mi-planeta-se-esta-cocinando-6-1536x864.jpeg 1536w, https:\/\/xn--elrincndemargi-qob.com\/wp-content\/uploads\/2024\/05\/Mi-planeta-se-esta-cocinando-6-2048x1152.jpeg 2048w, https:\/\/xn--elrincndemargi-qob.com\/wp-content\/uploads\/2024\/05\/Mi-planeta-se-esta-cocinando-6-1200x675.jpeg 1200w, https:\/\/xn--elrincndemargi-qob.com\/wp-content\/uploads\/2024\/05\/Mi-planeta-se-esta-cocinando-6-1980x1114.jpeg 1980w\" sizes=\"(max-width: 580px) 100vw, 580px\" \/>\t\t\t\t\t\t\t\t\t\t\t\t\t\t\t<\/div>\n\t\t\t\t<\/div>\n\t\t\t\t<div class=\"elementor-element elementor-element-20c2310 elementor-widget elementor-widget-image\" data-id=\"20c2310\" data-element_type=\"widget\" data-e-type=\"widget\" data-widget_type=\"image.default\">\n\t\t\t\t<div class=\"elementor-widget-container\">\n\t\t\t\t\t\t\t\t\t\t\t\t\t\t\t<img loading=\"lazy\" decoding=\"async\" width=\"580\" height=\"326\" src=\"https:\/\/xn--elrincndemargi-qob.com\/wp-content\/uploads\/2024\/05\/Mi-planeta-se-esta-cocinando-8-1024x576.jpeg\" class=\"attachment-large size-large wp-image-2331\" alt=\"\" srcset=\"https:\/\/xn--elrincndemargi-qob.com\/wp-content\/uploads\/2024\/05\/Mi-planeta-se-esta-cocinando-8-1024x576.jpeg 1024w, https:\/\/xn--elrincndemargi-qob.com\/wp-content\/uploads\/2024\/05\/Mi-planeta-se-esta-cocinando-8-300x169.jpeg 300w, https:\/\/xn--elrincndemargi-qob.com\/wp-content\/uploads\/2024\/05\/Mi-planeta-se-esta-cocinando-8-768x432.jpeg 768w, https:\/\/xn--elrincndemargi-qob.com\/wp-content\/uploads\/2024\/05\/Mi-planeta-se-esta-cocinando-8-1536x864.jpeg 1536w, https:\/\/xn--elrincndemargi-qob.com\/wp-content\/uploads\/2024\/05\/Mi-planeta-se-esta-cocinando-8-2048x1152.jpeg 2048w, https:\/\/xn--elrincndemargi-qob.com\/wp-content\/uploads\/2024\/05\/Mi-planeta-se-esta-cocinando-8-1200x675.jpeg 1200w, https:\/\/xn--elrincndemargi-qob.com\/wp-content\/uploads\/2024\/05\/Mi-planeta-se-esta-cocinando-8-1980x1114.jpeg 1980w\" sizes=\"(max-width: 580px) 100vw, 580px\" \/>\t\t\t\t\t\t\t\t\t\t\t\t\t\t\t<\/div>\n\t\t\t\t<\/div>\n\t\t\t\t<div class=\"elementor-element elementor-element-5ae11fc elementor-widget elementor-widget-image\" data-id=\"5ae11fc\" data-element_type=\"widget\" data-e-type=\"widget\" data-widget_type=\"image.default\">\n\t\t\t\t<div class=\"elementor-widget-container\">\n\t\t\t\t\t\t\t\t\t\t\t\t\t\t\t<img loading=\"lazy\" decoding=\"async\" width=\"580\" height=\"326\" src=\"https:\/\/xn--elrincndemargi-qob.com\/wp-content\/uploads\/2024\/05\/Mi-planeta-se-esta-cocinando-10-1024x576.jpeg\" class=\"attachment-large size-large wp-image-2333\" alt=\"\" srcset=\"https:\/\/xn--elrincndemargi-qob.com\/wp-content\/uploads\/2024\/05\/Mi-planeta-se-esta-cocinando-10-1024x576.jpeg 1024w, https:\/\/xn--elrincndemargi-qob.com\/wp-content\/uploads\/2024\/05\/Mi-planeta-se-esta-cocinando-10-300x169.jpeg 300w, https:\/\/xn--elrincndemargi-qob.com\/wp-content\/uploads\/2024\/05\/Mi-planeta-se-esta-cocinando-10-768x432.jpeg 768w, https:\/\/xn--elrincndemargi-qob.com\/wp-content\/uploads\/2024\/05\/Mi-planeta-se-esta-cocinando-10-1536x864.jpeg 1536w, https:\/\/xn--elrincndemargi-qob.com\/wp-content\/uploads\/2024\/05\/Mi-planeta-se-esta-cocinando-10-2048x1152.jpeg 2048w, https:\/\/xn--elrincndemargi-qob.com\/wp-content\/uploads\/2024\/05\/Mi-planeta-se-esta-cocinando-10-1200x675.jpeg 1200w, https:\/\/xn--elrincndemargi-qob.com\/wp-content\/uploads\/2024\/05\/Mi-planeta-se-esta-cocinando-10-1980x1114.jpeg 1980w\" sizes=\"(max-width: 580px) 100vw, 580px\" \/>\t\t\t\t\t\t\t\t\t\t\t\t\t\t\t<\/div>\n\t\t\t\t<\/div>\n\t\t\t\t\t<\/div>\n\t\t<\/div>\n\t\t\t\t\t<\/div>\n\t\t<\/section>\n\t\t\t\t<\/div>\n\t\t","protected":false},"excerpt":{"rendered":"<p>T\u00edtulo: Mi planeta se est\u00e1 cocinando. Autora: Marjaneh Vargas Barajas. T\u00e9cnica: Escultura. Dimensiones: 20x55x25. A\u00f1o: 2024.<\/p>\n","protected":false},"author":1,"featured_media":0,"parent":0,"menu_order":0,"comment_status":"closed","ping_status":"closed","template":"","meta":{"om_disable_all_campaigns":false,"_monsterinsights_skip_tracking":false,"_monsterinsights_sitenote_active":false,"_monsterinsights_sitenote_note":"","_monsterinsights_sitenote_category":0,"footnotes":""},"class_list":["post-2320","page","type-page","status-publish","hentry"],"aioseo_notices":[],"_links":{"self":[{"href":"https:\/\/xn--elrincndemargi-qob.com\/index.php\/wp-json\/wp\/v2\/pages\/2320","targetHints":{"allow":["GET"]}}],"collection":[{"href":"https:\/\/xn--elrincndemargi-qob.com\/index.php\/wp-json\/wp\/v2\/pages"}],"about":[{"href":"https:\/\/xn--elrincndemargi-qob.com\/index.php\/wp-json\/wp\/v2\/types\/page"}],"author":[{"embeddable":true,"href":"https:\/\/xn--elrincndemargi-qob.com\/index.php\/wp-json\/wp\/v2\/users\/1"}],"replies":[{"embeddable":true,"href":"https:\/\/xn--elrincndemargi-qob.com\/index.php\/wp-json\/wp\/v2\/comments?post=2320"}],"version-history":[{"count":7,"href":"https:\/\/xn--elrincndemargi-qob.com\/index.php\/wp-json\/wp\/v2\/pages\/2320\/revisions"}],"predecessor-version":[{"id":2345,"href":"https:\/\/xn--elrincndemargi-qob.com\/index.php\/wp-json\/wp\/v2\/pages\/2320\/revisions\/2345"}],"wp:attachment":[{"href":"https:\/\/xn--elrincndemargi-qob.com\/index.php\/wp-json\/wp\/v2\/media?parent=2320"}],"curies":[{"name":"wp","href":"https:\/\/api.w.org\/{rel}","templated":true}]}}