{"id":2211,"date":"2024-03-03T23:52:43","date_gmt":"2024-03-03T23:52:43","guid":{"rendered":"https:\/\/xn--elrincndemargi-qob.com\/?page_id=2211"},"modified":"2024-03-03T23:52:49","modified_gmt":"2024-03-03T23:52:49","slug":"mi-manifiesto-artistico","status":"publish","type":"page","link":"https:\/\/xn--elrincndemargi-qob.com\/index.php\/mi-manifiesto-artistico\/","title":{"rendered":"Mi manifiesto art\u00edstico"},"content":{"rendered":"\t\t<div data-elementor-type=\"wp-page\" data-elementor-id=\"2211\" class=\"elementor elementor-2211\">\n\t\t\t\t\t\t<section class=\"elementor-section elementor-top-section elementor-element elementor-element-05bebc4 elementor-section-boxed elementor-section-height-default elementor-section-height-default\" data-id=\"05bebc4\" data-element_type=\"section\" data-e-type=\"section\">\n\t\t\t\t\t\t<div class=\"elementor-container elementor-column-gap-default\">\n\t\t\t\t\t<div class=\"elementor-column elementor-col-100 elementor-top-column elementor-element elementor-element-bbef1ac\" data-id=\"bbef1ac\" data-element_type=\"column\" data-e-type=\"column\">\n\t\t\t<div class=\"elementor-widget-wrap elementor-element-populated\">\n\t\t\t\t\t\t<div class=\"elementor-element elementor-element-283419c elementor-widget elementor-widget-text-editor\" data-id=\"283419c\" data-element_type=\"widget\" data-e-type=\"widget\" data-widget_type=\"text-editor.default\">\n\t\t\t\t<div class=\"elementor-widget-container\">\n\t\t\t\t\t\t\t\t\t<p><span style=\"font-weight: 400;\">A continuaci\u00f3n podr\u00e1s encontrar mi manifiesto art\u00edstico, d\u00f3nde te contar\u00e9 mi definici\u00f3n personal del arte, un arte para la expresi\u00f3n, la conexi\u00f3n, y el mejoramiento de la realidad humana. Por qu\u00e9 el arte es una terapia personal y colectiva, capaz de tratar la salud mental.\u00a0<\/span><\/p>\t\t\t\t\t\t\t\t<\/div>\n\t\t\t\t<\/div>\n\t\t\t\t<div class=\"elementor-element elementor-element-31fedc1 elementor-widget elementor-widget-text-editor\" data-id=\"31fedc1\" data-element_type=\"widget\" data-e-type=\"widget\" data-widget_type=\"text-editor.default\">\n\t\t\t\t<div class=\"elementor-widget-container\">\n\t\t\t\t\t\t\t\t\t<p><iframe title=\"Mi manifiesto art\u00edstico\" src=\"https:\/\/e.issuu.com\/embed.html?u=margiwowabe&d=mi_manifiesto_art_stico\" style=\"border:none; width: 580px; height: 445px;\" allow=\"clipboard-write,allow-top-navigation,allow-top-navigation-by-user-activation,allow-downloads,allow-scripts,allow-same-origin,allow-popups,allow-modals,allow-popups-to-escape-sandbox,allow-forms\"  allowfullscreen=\"true\"><\/iframe><\/p><p>\u00a0<\/p>\t\t\t\t\t\t\t\t<\/div>\n\t\t\t\t<\/div>\n\t\t\t\t\t<\/div>\n\t\t<\/div>\n\t\t\t\t\t<\/div>\n\t\t<\/section>\n\t\t\t\t<\/div>\n\t\t","protected":false},"excerpt":{"rendered":"<p>A continuaci\u00f3n podr\u00e1s encontrar mi manifiesto art\u00edstico, d\u00f3nde te contar\u00e9 mi definici\u00f3n personal del arte, un arte para la expresi\u00f3n, la conexi\u00f3n, y el mejoramiento de la realidad humana. Por qu\u00e9 el arte es una terapia personal y colectiva, capaz de tratar la salud mental.\u00a0 \u00a0<\/p>\n","protected":false},"author":1,"featured_media":0,"parent":0,"menu_order":0,"comment_status":"closed","ping_status":"closed","template":"","meta":{"om_disable_all_campaigns":false,"_monsterinsights_skip_tracking":false,"_monsterinsights_sitenote_active":false,"_monsterinsights_sitenote_note":"","_monsterinsights_sitenote_category":0,"footnotes":""},"class_list":["post-2211","page","type-page","status-publish","hentry"],"aioseo_notices":[],"_links":{"self":[{"href":"https:\/\/xn--elrincndemargi-qob.com\/index.php\/wp-json\/wp\/v2\/pages\/2211","targetHints":{"allow":["GET"]}}],"collection":[{"href":"https:\/\/xn--elrincndemargi-qob.com\/index.php\/wp-json\/wp\/v2\/pages"}],"about":[{"href":"https:\/\/xn--elrincndemargi-qob.com\/index.php\/wp-json\/wp\/v2\/types\/page"}],"author":[{"embeddable":true,"href":"https:\/\/xn--elrincndemargi-qob.com\/index.php\/wp-json\/wp\/v2\/users\/1"}],"replies":[{"embeddable":true,"href":"https:\/\/xn--elrincndemargi-qob.com\/index.php\/wp-json\/wp\/v2\/comments?post=2211"}],"version-history":[{"count":13,"href":"https:\/\/xn--elrincndemargi-qob.com\/index.php\/wp-json\/wp\/v2\/pages\/2211\/revisions"}],"predecessor-version":[{"id":2226,"href":"https:\/\/xn--elrincndemargi-qob.com\/index.php\/wp-json\/wp\/v2\/pages\/2211\/revisions\/2226"}],"wp:attachment":[{"href":"https:\/\/xn--elrincndemargi-qob.com\/index.php\/wp-json\/wp\/v2\/media?parent=2211"}],"curies":[{"name":"wp","href":"https:\/\/api.w.org\/{rel}","templated":true}]}}