{"id":2124,"date":"2023-11-17T01:44:25","date_gmt":"2023-11-17T01:44:25","guid":{"rendered":"https:\/\/xn--elrincndemargi-qob.com\/?page_id=2124"},"modified":"2026-01-08T05:22:49","modified_gmt":"2026-01-08T05:22:49","slug":"mis-videos","status":"publish","type":"page","link":"https:\/\/xn--elrincndemargi-qob.com\/index.php\/mis-videos\/","title":{"rendered":"Mis v\u00eddeos"},"content":{"rendered":"\t\t<div data-elementor-type=\"wp-page\" data-elementor-id=\"2124\" class=\"elementor elementor-2124\">\n\t\t\t\t\t\t<section class=\"elementor-section elementor-top-section elementor-element elementor-element-1af0816 elementor-section-boxed elementor-section-height-default elementor-section-height-default\" data-id=\"1af0816\" data-element_type=\"section\" data-e-type=\"section\">\n\t\t\t\t\t\t<div class=\"elementor-container elementor-column-gap-default\">\n\t\t\t\t\t<div class=\"elementor-column elementor-col-100 elementor-top-column elementor-element elementor-element-86af9e0\" data-id=\"86af9e0\" data-element_type=\"column\" data-e-type=\"column\">\n\t\t\t<div class=\"elementor-widget-wrap elementor-element-populated\">\n\t\t\t\t\t\t<div class=\"elementor-element elementor-element-6389e20 elementor-widget elementor-widget-heading\" data-id=\"6389e20\" data-element_type=\"widget\" data-e-type=\"widget\" data-widget_type=\"heading.default\">\n\t\t\t\t<div class=\"elementor-widget-container\">\n\t\t\t\t\t<h2 class=\"elementor-heading-title elementor-size-large\">Aqu\u00ed podr\u00e1s encontrar mis v\u00eddeos, desde lo m\u00e1s reciente hasta lo m\u00e1s antiguo. <\/h2>\t\t\t\t<\/div>\n\t\t\t\t<\/div>\n\t\t\t\t\t<\/div>\n\t\t<\/div>\n\t\t\t\t\t<\/div>\n\t\t<\/section>\n\t\t\t\t<section class=\"elementor-section elementor-top-section elementor-element elementor-element-686b8bd elementor-section-boxed elementor-section-height-default elementor-section-height-default\" data-id=\"686b8bd\" data-element_type=\"section\" data-e-type=\"section\">\n\t\t\t\t\t\t<div class=\"elementor-container elementor-column-gap-default\">\n\t\t\t\t\t<div class=\"elementor-column elementor-col-100 elementor-top-column elementor-element elementor-element-3ab5387\" data-id=\"3ab5387\" data-element_type=\"column\" data-e-type=\"column\">\n\t\t\t<div class=\"elementor-widget-wrap elementor-element-populated\">\n\t\t\t\t\t\t<div class=\"elementor-element elementor-element-7dfddd5 elementor-widget elementor-widget-video\" data-id=\"7dfddd5\" data-element_type=\"widget\" data-e-type=\"widget\" data-settings=\"{&quot;youtube_url&quot;:&quot;https:\\\/\\\/youtu.be\\\/tO7BRQxxzjg&quot;,&quot;video_type&quot;:&quot;youtube&quot;,&quot;controls&quot;:&quot;yes&quot;}\" data-widget_type=\"video.default\">\n\t\t\t\t<div class=\"elementor-widget-container\">\n\t\t\t\t\t\t\t<div class=\"elementor-wrapper elementor-open-inline\">\n\t\t\t<div class=\"elementor-video\"><\/div>\t\t<\/div>\n\t\t\t\t\t\t<\/div>\n\t\t\t\t<\/div>\n\t\t\t\t<div class=\"elementor-element elementor-element-414af5a elementor-widget elementor-widget-text-editor\" data-id=\"414af5a\" data-element_type=\"widget\" data-e-type=\"widget\" data-widget_type=\"text-editor.default\">\n\t\t\t\t<div class=\"elementor-widget-container\">\n\t\t\t\t\t\t\t\t\t<p>T\u00edtulo: Recuerdo cada pelito tuyo.<\/p><p>Autora: Marjaneh Vargas Barajas.<\/p><p>T\u00e9cnica: Videoarte.\u00a0<\/p><p>A\u00f1o: 2026.<\/p>\t\t\t\t\t\t\t\t<\/div>\n\t\t\t\t<\/div>\n\t\t\t\t\t<\/div>\n\t\t<\/div>\n\t\t\t\t\t<\/div>\n\t\t<\/section>\n\t\t\t\t<section class=\"elementor-section elementor-top-section elementor-element elementor-element-da987d7 elementor-section-boxed elementor-section-height-default elementor-section-height-default\" data-id=\"da987d7\" data-element_type=\"section\" data-e-type=\"section\">\n\t\t\t\t\t\t<div class=\"elementor-container elementor-column-gap-default\">\n\t\t\t\t\t<div class=\"elementor-column elementor-col-100 elementor-top-column elementor-element elementor-element-12b7cc6\" data-id=\"12b7cc6\" data-element_type=\"column\" data-e-type=\"column\">\n\t\t\t<div class=\"elementor-widget-wrap elementor-element-populated\">\n\t\t\t\t\t\t<div class=\"elementor-element elementor-element-5edd521 elementor-widget elementor-widget-video\" data-id=\"5edd521\" data-element_type=\"widget\" data-e-type=\"widget\" data-settings=\"{&quot;youtube_url&quot;:&quot;https:\\\/\\\/youtu.be\\\/UwxpzfUNQN4?si=KLp1KEwiQcF1imtI&quot;,&quot;video_type&quot;:&quot;youtube&quot;,&quot;controls&quot;:&quot;yes&quot;}\" data-widget_type=\"video.default\">\n\t\t\t\t<div class=\"elementor-widget-container\">\n\t\t\t\t\t\t\t<div class=\"elementor-wrapper elementor-open-inline\">\n\t\t\t<div class=\"elementor-video\"><\/div>\t\t<\/div>\n\t\t\t\t\t\t<\/div>\n\t\t\t\t<\/div>\n\t\t\t\t<div class=\"elementor-element elementor-element-bc75895 elementor-widget elementor-widget-text-editor\" data-id=\"bc75895\" data-element_type=\"widget\" data-e-type=\"widget\" data-widget_type=\"text-editor.default\">\n\t\t\t\t<div class=\"elementor-widget-container\">\n\t\t\t\t\t\t\t\t\t<p>T\u00edtulo: Pintando por mi vida.<\/p><p>Autora: Marjaneh Vargas Barajas.<\/p><p>T\u00e9cnica: Videoarte.<\/p><p>A\u00f1o: 2024<\/p>\t\t\t\t\t\t\t\t<\/div>\n\t\t\t\t<\/div>\n\t\t\t\t\t<\/div>\n\t\t<\/div>\n\t\t\t\t\t<\/div>\n\t\t<\/section>\n\t\t\t\t<section class=\"elementor-section elementor-top-section elementor-element elementor-element-8fa4a46 elementor-section-boxed elementor-section-height-default elementor-section-height-default\" data-id=\"8fa4a46\" data-element_type=\"section\" data-e-type=\"section\">\n\t\t\t\t\t\t<div class=\"elementor-container elementor-column-gap-default\">\n\t\t\t\t\t<div class=\"elementor-column elementor-col-100 elementor-top-column elementor-element elementor-element-e5c9fef\" data-id=\"e5c9fef\" data-element_type=\"column\" data-e-type=\"column\">\n\t\t\t<div class=\"elementor-widget-wrap elementor-element-populated\">\n\t\t\t\t\t\t<div class=\"elementor-element elementor-element-a7b30cd elementor-widget elementor-widget-video\" data-id=\"a7b30cd\" data-element_type=\"widget\" data-e-type=\"widget\" data-settings=\"{&quot;youtube_url&quot;:&quot;https:\\\/\\\/youtu.be\\\/lw9S-iD1jFM?si=BWE8mjCR86FdDM2p&quot;,&quot;video_type&quot;:&quot;youtube&quot;,&quot;controls&quot;:&quot;yes&quot;}\" data-widget_type=\"video.default\">\n\t\t\t\t<div class=\"elementor-widget-container\">\n\t\t\t\t\t\t\t<div class=\"elementor-wrapper elementor-open-inline\">\n\t\t\t<div class=\"elementor-video\"><\/div>\t\t<\/div>\n\t\t\t\t\t\t<\/div>\n\t\t\t\t<\/div>\n\t\t\t\t<div class=\"elementor-element elementor-element-eae4fe5 elementor-widget elementor-widget-text-editor\" data-id=\"eae4fe5\" data-element_type=\"widget\" data-e-type=\"widget\" data-widget_type=\"text-editor.default\">\n\t\t\t\t<div class=\"elementor-widget-container\">\n\t\t\t\t\t\t\t\t\t<p>T\u00edtulo: Presentaci\u00f3n de mi l\u00ednea de trabajo.\u00a0<\/p><p>Autora: Marjaneh Vargas Barajas.<\/p><p>T\u00e9cnica: V\u00eddeo.<\/p><p>A\u00f1o: 2023.<\/p>\t\t\t\t\t\t\t\t<\/div>\n\t\t\t\t<\/div>\n\t\t\t\t<div class=\"elementor-element elementor-element-f466e16 elementor-widget elementor-widget-image\" data-id=\"f466e16\" data-element_type=\"widget\" data-e-type=\"widget\" data-widget_type=\"image.default\">\n\t\t\t\t<div class=\"elementor-widget-container\">\n\t\t\t\t\t\t\t\t\t\t\t\t\t\t\t<img fetchpriority=\"high\" decoding=\"async\" width=\"580\" height=\"326\" src=\"https:\/\/xn--elrincndemargi-qob.com\/wp-content\/uploads\/2023\/11\/Vela_Nunca-mas-1024x576.jpg\" class=\"attachment-large size-large wp-image-2132\" alt=\"\" srcset=\"https:\/\/xn--elrincndemargi-qob.com\/wp-content\/uploads\/2023\/11\/Vela_Nunca-mas-1024x576.jpg 1024w, https:\/\/xn--elrincndemargi-qob.com\/wp-content\/uploads\/2023\/11\/Vela_Nunca-mas-300x169.jpg 300w, https:\/\/xn--elrincndemargi-qob.com\/wp-content\/uploads\/2023\/11\/Vela_Nunca-mas-768x432.jpg 768w, https:\/\/xn--elrincndemargi-qob.com\/wp-content\/uploads\/2023\/11\/Vela_Nunca-mas.jpg 1101w\" sizes=\"(max-width: 580px) 100vw, 580px\" \/>\t\t\t\t\t\t\t\t\t\t\t\t\t\t\t<\/div>\n\t\t\t\t<\/div>\n\t\t\t\t<div class=\"elementor-element elementor-element-2a73bce elementor-widget elementor-widget-text-editor\" data-id=\"2a73bce\" data-element_type=\"widget\" data-e-type=\"widget\" data-widget_type=\"text-editor.default\">\n\t\t\t\t<div class=\"elementor-widget-container\">\n\t\t\t\t\t\t\t\t\t<p>T\u00edtulo: Lectura de un fragmento del cuento: Nunca m\u00e1s- Edgar Allan Poe.<\/p><p>Autora: Marjaneh Vargas Barajas.<\/p><p>T\u00e9cnica: V\u00eddeo.<\/p><p>A\u00f1o: 2023.<\/p>\t\t\t\t\t\t\t\t<\/div>\n\t\t\t\t<\/div>\n\t\t\t\t<div class=\"elementor-element elementor-element-525fbd5 elementor-align-center elementor-widget elementor-widget-button\" data-id=\"525fbd5\" data-element_type=\"widget\" data-e-type=\"widget\" data-widget_type=\"button.default\">\n\t\t\t\t<div class=\"elementor-widget-container\">\n\t\t\t\t\t\t\t\t\t<div class=\"elementor-button-wrapper\">\n\t\t\t\t\t<a class=\"elementor-button elementor-button-link elementor-size-sm\" href=\"https:\/\/www.facebook.com\/reel\/3553212634899175\">\n\t\t\t\t\t\t<span class=\"elementor-button-content-wrapper\">\n\t\t\t\t\t\t\t\t\t<span class=\"elementor-button-text\">Haz clic aqu\u00ed<\/span>\n\t\t\t\t\t<\/span>\n\t\t\t\t\t<\/a>\n\t\t\t\t<\/div>\n\t\t\t\t\t\t\t\t<\/div>\n\t\t\t\t<\/div>\n\t\t\t\t<div class=\"elementor-element elementor-element-d93f941 elementor-widget elementor-widget-image\" data-id=\"d93f941\" data-element_type=\"widget\" data-e-type=\"widget\" data-widget_type=\"image.default\">\n\t\t\t\t<div class=\"elementor-widget-container\">\n\t\t\t\t\t\t\t\t\t\t\t\t\t\t\t<img decoding=\"async\" width=\"580\" height=\"773\" src=\"https:\/\/xn--elrincndemargi-qob.com\/wp-content\/uploads\/2022\/12\/Forma-768x1024.jpg\" class=\"attachment-large size-large wp-image-1094\" alt=\"\" srcset=\"https:\/\/xn--elrincndemargi-qob.com\/wp-content\/uploads\/2022\/12\/Forma-768x1024.jpg 768w, https:\/\/xn--elrincndemargi-qob.com\/wp-content\/uploads\/2022\/12\/Forma-225x300.jpg 225w, https:\/\/xn--elrincndemargi-qob.com\/wp-content\/uploads\/2022\/12\/Forma-1152x1536.jpg 1152w, https:\/\/xn--elrincndemargi-qob.com\/wp-content\/uploads\/2022\/12\/Forma-1536x2048.jpg 1536w, https:\/\/xn--elrincndemargi-qob.com\/wp-content\/uploads\/2022\/12\/Forma-1200x1600.jpg 1200w, https:\/\/xn--elrincndemargi-qob.com\/wp-content\/uploads\/2022\/12\/Forma-1980x2640.jpg 1980w, https:\/\/xn--elrincndemargi-qob.com\/wp-content\/uploads\/2022\/12\/Forma-scaled.jpg 1920w\" sizes=\"(max-width: 580px) 100vw, 580px\" \/>\t\t\t\t\t\t\t\t\t\t\t\t\t\t\t<\/div>\n\t\t\t\t<\/div>\n\t\t\t\t<div class=\"elementor-element elementor-element-868fea9 elementor-widget elementor-widget-text-editor\" data-id=\"868fea9\" data-element_type=\"widget\" data-e-type=\"widget\" data-widget_type=\"text-editor.default\">\n\t\t\t\t<div class=\"elementor-widget-container\">\n\t\t\t\t\t\t\t\t\t<p>T\u00edtulo: Lectura de un fragmento del cuento: El coraz\u00f3n delator- Edgar Allan Poe.<\/p><p>Autora: Marjaneh Vargas Barajas.<\/p><p>T\u00e9cnica: V\u00eddeo.<\/p><p>A\u00f1o: 2023.<\/p>\t\t\t\t\t\t\t\t<\/div>\n\t\t\t\t<\/div>\n\t\t\t\t<div class=\"elementor-element elementor-element-11e4e64 elementor-align-center elementor-widget elementor-widget-button\" data-id=\"11e4e64\" data-element_type=\"widget\" data-e-type=\"widget\" data-widget_type=\"button.default\">\n\t\t\t\t<div class=\"elementor-widget-container\">\n\t\t\t\t\t\t\t\t\t<div class=\"elementor-button-wrapper\">\n\t\t\t\t\t<a class=\"elementor-button elementor-button-link elementor-size-sm\" href=\"https:\/\/www.facebook.com\/reel\/846972613820515\">\n\t\t\t\t\t\t<span class=\"elementor-button-content-wrapper\">\n\t\t\t\t\t\t\t\t\t<span class=\"elementor-button-text\">Ver aqu\u00ed<\/span>\n\t\t\t\t\t<\/span>\n\t\t\t\t\t<\/a>\n\t\t\t\t<\/div>\n\t\t\t\t\t\t\t\t<\/div>\n\t\t\t\t<\/div>\n\t\t\t\t<div class=\"elementor-element elementor-element-e552391 elementor-widget elementor-widget-image\" data-id=\"e552391\" data-element_type=\"widget\" data-e-type=\"widget\" data-widget_type=\"image.default\">\n\t\t\t\t<div class=\"elementor-widget-container\">\n\t\t\t\t\t\t\t\t\t\t\t\t\t\t\t<img decoding=\"async\" width=\"580\" height=\"435\" src=\"https:\/\/xn--elrincndemargi-qob.com\/wp-content\/uploads\/2023\/11\/Autorretrato-1024x768.jpg\" class=\"attachment-large size-large wp-image-2089\" alt=\"\" srcset=\"https:\/\/xn--elrincndemargi-qob.com\/wp-content\/uploads\/2023\/11\/Autorretrato-1024x768.jpg 1024w, https:\/\/xn--elrincndemargi-qob.com\/wp-content\/uploads\/2023\/11\/Autorretrato-300x225.jpg 300w, https:\/\/xn--elrincndemargi-qob.com\/wp-content\/uploads\/2023\/11\/Autorretrato-768x576.jpg 768w, https:\/\/xn--elrincndemargi-qob.com\/wp-content\/uploads\/2023\/11\/Autorretrato-1536x1152.jpg 1536w, https:\/\/xn--elrincndemargi-qob.com\/wp-content\/uploads\/2023\/11\/Autorretrato-2048x1536.jpg 2048w, https:\/\/xn--elrincndemargi-qob.com\/wp-content\/uploads\/2023\/11\/Autorretrato-1200x900.jpg 1200w, https:\/\/xn--elrincndemargi-qob.com\/wp-content\/uploads\/2023\/11\/Autorretrato-1980x1485.jpg 1980w\" sizes=\"(max-width: 580px) 100vw, 580px\" \/>\t\t\t\t\t\t\t\t\t\t\t\t\t\t\t<\/div>\n\t\t\t\t<\/div>\n\t\t\t\t<div class=\"elementor-element elementor-element-a9e8dac elementor-widget elementor-widget-text-editor\" data-id=\"a9e8dac\" data-element_type=\"widget\" data-e-type=\"widget\" data-widget_type=\"text-editor.default\">\n\t\t\t\t<div class=\"elementor-widget-container\">\n\t\t\t\t\t\t\t\t\t<p>T\u00edtulo: Lectura de un fragmento del cuento: William Wilson- Edgar Allan Poe.<\/p><p>Autora: Marjaneh Vargas Barajas.<\/p><p>T\u00e9cnica: V\u00eddeo.<\/p><p>A\u00f1o: 2023.<\/p>\t\t\t\t\t\t\t\t<\/div>\n\t\t\t\t<\/div>\n\t\t\t\t<div class=\"elementor-element elementor-element-39c0a4e elementor-align-center elementor-widget elementor-widget-button\" data-id=\"39c0a4e\" data-element_type=\"widget\" data-e-type=\"widget\" data-widget_type=\"button.default\">\n\t\t\t\t<div class=\"elementor-widget-container\">\n\t\t\t\t\t\t\t\t\t<div class=\"elementor-button-wrapper\">\n\t\t\t\t\t<a class=\"elementor-button elementor-button-link elementor-size-sm\" href=\"https:\/\/www.facebook.com\/reel\/1387055351884502\">\n\t\t\t\t\t\t<span class=\"elementor-button-content-wrapper\">\n\t\t\t\t\t\t\t\t\t<span class=\"elementor-button-text\">Ver aqu\u00ed<\/span>\n\t\t\t\t\t<\/span>\n\t\t\t\t\t<\/a>\n\t\t\t\t<\/div>\n\t\t\t\t\t\t\t\t<\/div>\n\t\t\t\t<\/div>\n\t\t\t\t<div class=\"elementor-element elementor-element-4da329b elementor-widget elementor-widget-image\" data-id=\"4da329b\" data-element_type=\"widget\" data-e-type=\"widget\" data-widget_type=\"image.default\">\n\t\t\t\t<div class=\"elementor-widget-container\">\n\t\t\t\t\t\t\t\t\t\t\t\t\t\t\t<img loading=\"lazy\" decoding=\"async\" width=\"576\" height=\"1024\" src=\"https:\/\/xn--elrincndemargi-qob.com\/wp-content\/uploads\/2023\/11\/Visitante-indeseado-576x1024.jpg\" class=\"attachment-large size-large wp-image-2134\" alt=\"\" srcset=\"https:\/\/xn--elrincndemargi-qob.com\/wp-content\/uploads\/2023\/11\/Visitante-indeseado-576x1024.jpg 576w, https:\/\/xn--elrincndemargi-qob.com\/wp-content\/uploads\/2023\/11\/Visitante-indeseado-169x300.jpg 169w, https:\/\/xn--elrincndemargi-qob.com\/wp-content\/uploads\/2023\/11\/Visitante-indeseado-768x1365.jpg 768w, https:\/\/xn--elrincndemargi-qob.com\/wp-content\/uploads\/2023\/11\/Visitante-indeseado-864x1536.jpg 864w, https:\/\/xn--elrincndemargi-qob.com\/wp-content\/uploads\/2023\/11\/Visitante-indeseado-1152x2048.jpg 1152w, https:\/\/xn--elrincndemargi-qob.com\/wp-content\/uploads\/2023\/11\/Visitante-indeseado-1200x2133.jpg 1200w, https:\/\/xn--elrincndemargi-qob.com\/wp-content\/uploads\/2023\/11\/Visitante-indeseado-1980x3520.jpg 1980w, https:\/\/xn--elrincndemargi-qob.com\/wp-content\/uploads\/2023\/11\/Visitante-indeseado-scaled.jpg 1440w\" sizes=\"(max-width: 576px) 100vw, 576px\" \/>\t\t\t\t\t\t\t\t\t\t\t\t\t\t\t<\/div>\n\t\t\t\t<\/div>\n\t\t\t\t<div class=\"elementor-element elementor-element-b967cc7 elementor-widget elementor-widget-text-editor\" data-id=\"b967cc7\" data-element_type=\"widget\" data-e-type=\"widget\" data-widget_type=\"text-editor.default\">\n\t\t\t\t<div class=\"elementor-widget-container\">\n\t\t\t\t\t\t\t\t\t<p>T\u00edtulo: Visitante indeseado. [Lectura de Microcuento de mi autor\u00eda].<\/p><p>Autora: Marjaneh Vargas Barajas.<\/p><p>T\u00e9cnica: V\u00eddeo.<\/p><p>A\u00f1o: 2023.<\/p>\t\t\t\t\t\t\t\t<\/div>\n\t\t\t\t<\/div>\n\t\t\t\t<div class=\"elementor-element elementor-element-071bed2 elementor-align-center elementor-widget elementor-widget-button\" data-id=\"071bed2\" data-element_type=\"widget\" data-e-type=\"widget\" data-widget_type=\"button.default\">\n\t\t\t\t<div class=\"elementor-widget-container\">\n\t\t\t\t\t\t\t\t\t<div class=\"elementor-button-wrapper\">\n\t\t\t\t\t<a class=\"elementor-button elementor-button-link elementor-size-sm\" href=\"https:\/\/www.facebook.com\/reel\/3517811355127539\">\n\t\t\t\t\t\t<span class=\"elementor-button-content-wrapper\">\n\t\t\t\t\t\t\t\t\t<span class=\"elementor-button-text\">Ver aqu\u00ed<\/span>\n\t\t\t\t\t<\/span>\n\t\t\t\t\t<\/a>\n\t\t\t\t<\/div>\n\t\t\t\t\t\t\t\t<\/div>\n\t\t\t\t<\/div>\n\t\t\t\t<div class=\"elementor-element elementor-element-deb02e2 elementor-widget elementor-widget-image\" data-id=\"deb02e2\" data-element_type=\"widget\" data-e-type=\"widget\" data-widget_type=\"image.default\">\n\t\t\t\t<div class=\"elementor-widget-container\">\n\t\t\t\t\t\t\t\t\t\t\t\t\t\t\t<img loading=\"lazy\" decoding=\"async\" width=\"580\" height=\"449\" src=\"https:\/\/xn--elrincndemargi-qob.com\/wp-content\/uploads\/2023\/11\/Esperando-el-camion-al-mundo-de-los-muertos-1024x792.jpg\" class=\"attachment-large size-large wp-image-2133\" alt=\"\" srcset=\"https:\/\/xn--elrincndemargi-qob.com\/wp-content\/uploads\/2023\/11\/Esperando-el-camion-al-mundo-de-los-muertos-1024x792.jpg 1024w, https:\/\/xn--elrincndemargi-qob.com\/wp-content\/uploads\/2023\/11\/Esperando-el-camion-al-mundo-de-los-muertos-300x232.jpg 300w, https:\/\/xn--elrincndemargi-qob.com\/wp-content\/uploads\/2023\/11\/Esperando-el-camion-al-mundo-de-los-muertos-768x594.jpg 768w, https:\/\/xn--elrincndemargi-qob.com\/wp-content\/uploads\/2023\/11\/Esperando-el-camion-al-mundo-de-los-muertos-1536x1187.jpg 1536w, https:\/\/xn--elrincndemargi-qob.com\/wp-content\/uploads\/2023\/11\/Esperando-el-camion-al-mundo-de-los-muertos-2048x1583.jpg 2048w, https:\/\/xn--elrincndemargi-qob.com\/wp-content\/uploads\/2023\/11\/Esperando-el-camion-al-mundo-de-los-muertos-1200x928.jpg 1200w, https:\/\/xn--elrincndemargi-qob.com\/wp-content\/uploads\/2023\/11\/Esperando-el-camion-al-mundo-de-los-muertos-1980x1531.jpg 1980w\" sizes=\"(max-width: 580px) 100vw, 580px\" \/>\t\t\t\t\t\t\t\t\t\t\t\t\t\t\t<\/div>\n\t\t\t\t<\/div>\n\t\t\t\t<div class=\"elementor-element elementor-element-67a5de6 elementor-widget elementor-widget-text-editor\" data-id=\"67a5de6\" data-element_type=\"widget\" data-e-type=\"widget\" data-widget_type=\"text-editor.default\">\n\t\t\t\t<div class=\"elementor-widget-container\">\n\t\t\t\t\t\t\t\t\t<p>T\u00edtulo: Esperando el cami\u00f3n al mundo de los muertos. [Lectura de Microcuento de mi autor\u00eda].<\/p><p>Autora: Marjaneh Vargas Barajas.<\/p><p>T\u00e9cnica: Stopmotion.<\/p><p>A\u00f1o: 2023.<\/p>\t\t\t\t\t\t\t\t<\/div>\n\t\t\t\t<\/div>\n\t\t\t\t<div class=\"elementor-element elementor-element-c1faa03 elementor-align-center elementor-widget elementor-widget-button\" data-id=\"c1faa03\" data-element_type=\"widget\" data-e-type=\"widget\" data-widget_type=\"button.default\">\n\t\t\t\t<div class=\"elementor-widget-container\">\n\t\t\t\t\t\t\t\t\t<div class=\"elementor-button-wrapper\">\n\t\t\t\t\t<a class=\"elementor-button elementor-button-link elementor-size-sm\" href=\"https:\/\/www.facebook.com\/reel\/6959032990799216\">\n\t\t\t\t\t\t<span class=\"elementor-button-content-wrapper\">\n\t\t\t\t\t\t\t\t\t<span class=\"elementor-button-text\">Ver aqu\u00ed<\/span>\n\t\t\t\t\t<\/span>\n\t\t\t\t\t<\/a>\n\t\t\t\t<\/div>\n\t\t\t\t\t\t\t\t<\/div>\n\t\t\t\t<\/div>\n\t\t\t\t<div class=\"elementor-element elementor-element-a76b44f elementor-widget elementor-widget-video\" data-id=\"a76b44f\" data-element_type=\"widget\" data-e-type=\"widget\" data-settings=\"{&quot;youtube_url&quot;:&quot;https:\\\/\\\/youtu.be\\\/pvZb8KdSRFg?si=hAk02gjWDYAs-eBf&quot;,&quot;video_type&quot;:&quot;youtube&quot;,&quot;controls&quot;:&quot;yes&quot;}\" data-widget_type=\"video.default\">\n\t\t\t\t<div class=\"elementor-widget-container\">\n\t\t\t\t\t\t\t<div class=\"elementor-wrapper elementor-open-inline\">\n\t\t\t<div class=\"elementor-video\"><\/div>\t\t<\/div>\n\t\t\t\t\t\t<\/div>\n\t\t\t\t<\/div>\n\t\t\t\t<div class=\"elementor-element elementor-element-1b5087e elementor-widget elementor-widget-text-editor\" data-id=\"1b5087e\" data-element_type=\"widget\" data-e-type=\"widget\" data-widget_type=\"text-editor.default\">\n\t\t\t\t<div class=\"elementor-widget-container\">\n\t\t\t\t\t\t\t\t\t<p>T\u00edtulo: Qui\u00e9n soy.<\/p><p>Autora: Marjaneh Vargas Barajas.<\/p><p>T\u00e9cnica: V\u00eddeo.<\/p><p>A\u00f1o: 2023.<\/p>\t\t\t\t\t\t\t\t<\/div>\n\t\t\t\t<\/div>\n\t\t\t\t<div class=\"elementor-element elementor-element-49fdbee elementor-widget elementor-widget-video\" data-id=\"49fdbee\" data-element_type=\"widget\" data-e-type=\"widget\" data-settings=\"{&quot;youtube_url&quot;:&quot;https:\\\/\\\/youtu.be\\\/xfz-zD-kPPQ&quot;,&quot;video_type&quot;:&quot;youtube&quot;,&quot;controls&quot;:&quot;yes&quot;}\" data-widget_type=\"video.default\">\n\t\t\t\t<div class=\"elementor-widget-container\">\n\t\t\t\t\t\t\t<div class=\"elementor-wrapper elementor-open-inline\">\n\t\t\t<div class=\"elementor-video\"><\/div>\t\t<\/div>\n\t\t\t\t\t\t<\/div>\n\t\t\t\t<\/div>\n\t\t\t\t<div class=\"elementor-element elementor-element-99e9ab6 elementor-widget elementor-widget-text-editor\" data-id=\"99e9ab6\" data-element_type=\"widget\" data-e-type=\"widget\" data-widget_type=\"text-editor.default\">\n\t\t\t\t<div class=\"elementor-widget-container\">\n\t\t\t\t\t\t\t\t\t<p>T\u00edtulo:\u00a0<\/p><p>Autora: Marjaneh Vargas Barajas.<\/p><p>T\u00e9cnica: V\u00eddeo.<\/p><p>A\u00f1o: 2023.<\/p>\t\t\t\t\t\t\t\t<\/div>\n\t\t\t\t<\/div>\n\t\t\t\t\t<\/div>\n\t\t<\/div>\n\t\t\t\t\t<\/div>\n\t\t<\/section>\n\t\t\t\t<section class=\"elementor-section elementor-top-section elementor-element elementor-element-d1c27a5 elementor-section-boxed elementor-section-height-default elementor-section-height-default\" data-id=\"d1c27a5\" data-element_type=\"section\" data-e-type=\"section\">\n\t\t\t\t\t\t<div class=\"elementor-container elementor-column-gap-default\">\n\t\t\t\t\t<div class=\"elementor-column elementor-col-100 elementor-top-column elementor-element elementor-element-a1e68f3\" data-id=\"a1e68f3\" data-element_type=\"column\" data-e-type=\"column\">\n\t\t\t<div class=\"elementor-widget-wrap elementor-element-populated\">\n\t\t\t\t\t\t<div class=\"elementor-element elementor-element-c7dee03 elementor-widget elementor-widget-text-editor\" data-id=\"c7dee03\" data-element_type=\"widget\" data-e-type=\"widget\" data-widget_type=\"text-editor.default\">\n\t\t\t\t<div class=\"elementor-widget-container\">\n\t\t\t\t\t\t\t\t\t<h6>\u00a9 Marjaneh Vargas Barajas \u2014 Todos los derechos reservados. | <a href=\"https:\/\/xn--elrincndemargi-qob.com\/index.php\/derechos-de-autor\/\">Derechos de Autor<\/a><\/h6>\t\t\t\t\t\t\t\t<\/div>\n\t\t\t\t<\/div>\n\t\t\t\t\t<\/div>\n\t\t<\/div>\n\t\t\t\t\t<\/div>\n\t\t<\/section>\n\t\t\t\t<\/div>\n\t\t","protected":false},"excerpt":{"rendered":"<p>Aqu\u00ed podr\u00e1s encontrar mis v\u00eddeos, desde lo m\u00e1s reciente hasta lo m\u00e1s antiguo. https:\/\/youtu.be\/tO7BRQxxzjg T\u00edtulo: Recuerdo cada pelito tuyo. Autora: Marjaneh Vargas Barajas. T\u00e9cnica: Videoarte.\u00a0 A\u00f1o: 2026. https:\/\/youtu.be\/UwxpzfUNQN4?si=KLp1KEwiQcF1imtI T\u00edtulo: Pintando por mi vida. Autora: Marjaneh Vargas Barajas. T\u00e9cnica: Videoarte. A\u00f1o: 2024 https:\/\/youtu.be\/lw9S-iD1jFM?si=BWE8mjCR86FdDM2p T\u00edtulo: Presentaci\u00f3n de mi l\u00ednea de trabajo.\u00a0 Autora: Marjaneh Vargas Barajas. T\u00e9cnica: V\u00eddeo. [&hellip;]<\/p>\n","protected":false},"author":1,"featured_media":0,"parent":0,"menu_order":0,"comment_status":"closed","ping_status":"closed","template":"","meta":{"om_disable_all_campaigns":false,"_monsterinsights_skip_tracking":false,"_monsterinsights_sitenote_active":false,"_monsterinsights_sitenote_note":"","_monsterinsights_sitenote_category":0,"footnotes":""},"class_list":["post-2124","page","type-page","status-publish","hentry"],"aioseo_notices":[],"_links":{"self":[{"href":"https:\/\/xn--elrincndemargi-qob.com\/index.php\/wp-json\/wp\/v2\/pages\/2124","targetHints":{"allow":["GET"]}}],"collection":[{"href":"https:\/\/xn--elrincndemargi-qob.com\/index.php\/wp-json\/wp\/v2\/pages"}],"about":[{"href":"https:\/\/xn--elrincndemargi-qob.com\/index.php\/wp-json\/wp\/v2\/types\/page"}],"author":[{"embeddable":true,"href":"https:\/\/xn--elrincndemargi-qob.com\/index.php\/wp-json\/wp\/v2\/users\/1"}],"replies":[{"embeddable":true,"href":"https:\/\/xn--elrincndemargi-qob.com\/index.php\/wp-json\/wp\/v2\/comments?post=2124"}],"version-history":[{"count":41,"href":"https:\/\/xn--elrincndemargi-qob.com\/index.php\/wp-json\/wp\/v2\/pages\/2124\/revisions"}],"predecessor-version":[{"id":3126,"href":"https:\/\/xn--elrincndemargi-qob.com\/index.php\/wp-json\/wp\/v2\/pages\/2124\/revisions\/3126"}],"wp:attachment":[{"href":"https:\/\/xn--elrincndemargi-qob.com\/index.php\/wp-json\/wp\/v2\/media?parent=2124"}],"curies":[{"name":"wp","href":"https:\/\/api.w.org\/{rel}","templated":true}]}}