{"id":2058,"date":"2023-11-11T05:33:20","date_gmt":"2023-11-11T05:33:20","guid":{"rendered":"https:\/\/xn--elrincndemargi-qob.com\/?page_id=2058"},"modified":"2023-11-11T05:39:07","modified_gmt":"2023-11-11T05:39:07","slug":"la-naturaleza-es-una-fantasia","status":"publish","type":"page","link":"https:\/\/xn--elrincndemargi-qob.com\/index.php\/la-naturaleza-es-una-fantasia\/","title":{"rendered":"La naturaleza es una fantas\u00eda"},"content":{"rendered":"\t\t<div data-elementor-type=\"wp-page\" data-elementor-id=\"2058\" class=\"elementor elementor-2058\">\n\t\t\t\t\t\t<section class=\"elementor-section elementor-top-section elementor-element elementor-element-3c6f823 elementor-section-boxed elementor-section-height-default elementor-section-height-default\" data-id=\"3c6f823\" data-element_type=\"section\" data-e-type=\"section\">\n\t\t\t\t\t\t<div class=\"elementor-container elementor-column-gap-default\">\n\t\t\t\t\t<div class=\"elementor-column elementor-col-100 elementor-top-column elementor-element elementor-element-97dc3a3\" data-id=\"97dc3a3\" data-element_type=\"column\" data-e-type=\"column\">\n\t\t\t<div class=\"elementor-widget-wrap elementor-element-populated\">\n\t\t\t\t\t\t<div class=\"elementor-element elementor-element-b373964 elementor-widget elementor-widget-image\" data-id=\"b373964\" data-element_type=\"widget\" data-e-type=\"widget\" data-widget_type=\"image.default\">\n\t\t\t\t<div class=\"elementor-widget-container\">\n\t\t\t\t\t\t\t\t\t\t\t\t<figure class=\"wp-caption\">\n\t\t\t\t\t\t\t\t\t\t<img fetchpriority=\"high\" decoding=\"async\" width=\"580\" height=\"435\" src=\"https:\/\/xn--elrincndemargi-qob.com\/wp-content\/uploads\/2023\/11\/La-naturaleza-es-una-fantasia-1024x768.jpg\" class=\"attachment-large size-large wp-image-2060\" alt=\"\" srcset=\"https:\/\/xn--elrincndemargi-qob.com\/wp-content\/uploads\/2023\/11\/La-naturaleza-es-una-fantasia-1024x768.jpg 1024w, https:\/\/xn--elrincndemargi-qob.com\/wp-content\/uploads\/2023\/11\/La-naturaleza-es-una-fantasia-300x225.jpg 300w, https:\/\/xn--elrincndemargi-qob.com\/wp-content\/uploads\/2023\/11\/La-naturaleza-es-una-fantasia-768x576.jpg 768w, https:\/\/xn--elrincndemargi-qob.com\/wp-content\/uploads\/2023\/11\/La-naturaleza-es-una-fantasia-1536x1152.jpg 1536w, https:\/\/xn--elrincndemargi-qob.com\/wp-content\/uploads\/2023\/11\/La-naturaleza-es-una-fantasia-2048x1536.jpg 2048w, https:\/\/xn--elrincndemargi-qob.com\/wp-content\/uploads\/2023\/11\/La-naturaleza-es-una-fantasia-1200x900.jpg 1200w, https:\/\/xn--elrincndemargi-qob.com\/wp-content\/uploads\/2023\/11\/La-naturaleza-es-una-fantasia-1980x1485.jpg 1980w\" sizes=\"(max-width: 580px) 100vw, 580px\" \/>\t\t\t\t\t\t\t\t\t\t\t<figcaption class=\"widget-image-caption wp-caption-text\">T\u00edtulo: La naturaleza es una fantas\u00eda.\nAutora: Marjaneh Vargas Barajas.\nT\u00e9cnica: Escultura.\nA\u00f1o: 2022.\n<\/figcaption>\n\t\t\t\t\t\t\t\t\t\t<\/figure>\n\t\t\t\t\t\t\t\t\t<\/div>\n\t\t\t\t<\/div>\n\t\t\t\t<div class=\"elementor-element elementor-element-65315d0 elementor-widget elementor-widget-image\" data-id=\"65315d0\" data-element_type=\"widget\" data-e-type=\"widget\" data-widget_type=\"image.default\">\n\t\t\t\t<div class=\"elementor-widget-container\">\n\t\t\t\t\t\t\t\t\t\t\t\t<figure class=\"wp-caption\">\n\t\t\t\t\t\t\t\t\t\t<img decoding=\"async\" width=\"580\" height=\"435\" src=\"https:\/\/xn--elrincndemargi-qob.com\/wp-content\/uploads\/2023\/11\/Glaciar-en-una-caja-1024x768.jpg\" class=\"attachment-large size-large wp-image-2059\" alt=\"\" srcset=\"https:\/\/xn--elrincndemargi-qob.com\/wp-content\/uploads\/2023\/11\/Glaciar-en-una-caja-1024x768.jpg 1024w, https:\/\/xn--elrincndemargi-qob.com\/wp-content\/uploads\/2023\/11\/Glaciar-en-una-caja-300x225.jpg 300w, https:\/\/xn--elrincndemargi-qob.com\/wp-content\/uploads\/2023\/11\/Glaciar-en-una-caja-768x576.jpg 768w, https:\/\/xn--elrincndemargi-qob.com\/wp-content\/uploads\/2023\/11\/Glaciar-en-una-caja-1536x1152.jpg 1536w, https:\/\/xn--elrincndemargi-qob.com\/wp-content\/uploads\/2023\/11\/Glaciar-en-una-caja-2048x1536.jpg 2048w, https:\/\/xn--elrincndemargi-qob.com\/wp-content\/uploads\/2023\/11\/Glaciar-en-una-caja-1200x900.jpg 1200w, https:\/\/xn--elrincndemargi-qob.com\/wp-content\/uploads\/2023\/11\/Glaciar-en-una-caja-1980x1485.jpg 1980w\" sizes=\"(max-width: 580px) 100vw, 580px\" \/>\t\t\t\t\t\t\t\t\t\t\t<figcaption class=\"widget-image-caption wp-caption-text\">T\u00edtulo: Glaciar en una caja.\nAutora: Marjaneh Vargas Barajas.\nT\u00e9cnica: Escultura.\nA\u00f1o: 2022.\n<\/figcaption>\n\t\t\t\t\t\t\t\t\t\t<\/figure>\n\t\t\t\t\t\t\t\t\t<\/div>\n\t\t\t\t<\/div>\n\t\t\t\t\t<\/div>\n\t\t<\/div>\n\t\t\t\t\t<\/div>\n\t\t<\/section>\n\t\t\t\t<section class=\"elementor-section elementor-top-section elementor-element elementor-element-f2fb33d elementor-section-boxed elementor-section-height-default elementor-section-height-default\" data-id=\"f2fb33d\" data-element_type=\"section\" data-e-type=\"section\">\n\t\t\t\t\t\t<div class=\"elementor-container elementor-column-gap-default\">\n\t\t\t\t\t<div class=\"elementor-column elementor-col-50 elementor-top-column elementor-element elementor-element-ac60bdd\" data-id=\"ac60bdd\" data-element_type=\"column\" data-e-type=\"column\">\n\t\t\t<div class=\"elementor-widget-wrap elementor-element-populated\">\n\t\t\t\t\t\t<div class=\"elementor-element elementor-element-e5a7574 elementor-widget elementor-widget-image\" data-id=\"e5a7574\" data-element_type=\"widget\" data-e-type=\"widget\" data-widget_type=\"image.default\">\n\t\t\t\t<div class=\"elementor-widget-container\">\n\t\t\t\t\t\t\t\t\t\t\t\t<figure class=\"wp-caption\">\n\t\t\t\t\t\t\t\t\t\t<img decoding=\"async\" width=\"580\" height=\"435\" src=\"https:\/\/xn--elrincndemargi-qob.com\/wp-content\/uploads\/2023\/11\/Naturaleza-como-ficcion.jpg\" class=\"attachment-large size-large wp-image-2064\" alt=\"\" srcset=\"https:\/\/xn--elrincndemargi-qob.com\/wp-content\/uploads\/2023\/11\/Naturaleza-como-ficcion.jpg 839w, https:\/\/xn--elrincndemargi-qob.com\/wp-content\/uploads\/2023\/11\/Naturaleza-como-ficcion-300x225.jpg 300w, https:\/\/xn--elrincndemargi-qob.com\/wp-content\/uploads\/2023\/11\/Naturaleza-como-ficcion-768x576.jpg 768w\" sizes=\"(max-width: 580px) 100vw, 580px\" \/>\t\t\t\t\t\t\t\t\t\t\t<figcaption class=\"widget-image-caption wp-caption-text\">T\u00edtulo: Naturaleza como ficci\u00f3n.\nAutora: Marjaneh Vargas Barajas.\nT\u00e9cnica: Escultura.\nA\u00f1o: 2022.\n<\/figcaption>\n\t\t\t\t\t\t\t\t\t\t<\/figure>\n\t\t\t\t\t\t\t\t\t<\/div>\n\t\t\t\t<\/div>\n\t\t\t\t<div class=\"elementor-element elementor-element-89d12dc elementor-widget elementor-widget-image\" data-id=\"89d12dc\" data-element_type=\"widget\" data-e-type=\"widget\" data-widget_type=\"image.default\">\n\t\t\t\t<div class=\"elementor-widget-container\">\n\t\t\t\t\t\t\t\t\t\t\t\t<figure class=\"wp-caption\">\n\t\t\t\t\t\t\t\t\t\t<img loading=\"lazy\" decoding=\"async\" width=\"580\" height=\"435\" src=\"https:\/\/xn--elrincndemargi-qob.com\/wp-content\/uploads\/2023\/11\/La-naturaleza-es-una-fantasia2.jpg\" class=\"attachment-large size-large wp-image-2061\" alt=\"\" srcset=\"https:\/\/xn--elrincndemargi-qob.com\/wp-content\/uploads\/2023\/11\/La-naturaleza-es-una-fantasia2.jpg 839w, https:\/\/xn--elrincndemargi-qob.com\/wp-content\/uploads\/2023\/11\/La-naturaleza-es-una-fantasia2-300x225.jpg 300w, https:\/\/xn--elrincndemargi-qob.com\/wp-content\/uploads\/2023\/11\/La-naturaleza-es-una-fantasia2-768x576.jpg 768w\" sizes=\"(max-width: 580px) 100vw, 580px\" \/>\t\t\t\t\t\t\t\t\t\t\t<figcaption class=\"widget-image-caption wp-caption-text\">T\u00edtulo: La naturaleza tiene caducidad.\nAutora: Marjaneh Vargas Barajas.\nT\u00e9cnica: Escultura.\nA\u00f1o: 2022.\n<\/figcaption>\n\t\t\t\t\t\t\t\t\t\t<\/figure>\n\t\t\t\t\t\t\t\t\t<\/div>\n\t\t\t\t<\/div>\n\t\t\t\t\t<\/div>\n\t\t<\/div>\n\t\t\t\t<div class=\"elementor-column elementor-col-50 elementor-top-column elementor-element elementor-element-be30fd1\" data-id=\"be30fd1\" data-element_type=\"column\" data-e-type=\"column\">\n\t\t\t<div class=\"elementor-widget-wrap elementor-element-populated\">\n\t\t\t\t\t\t<div class=\"elementor-element elementor-element-4793a84 elementor-widget elementor-widget-image\" data-id=\"4793a84\" data-element_type=\"widget\" data-e-type=\"widget\" data-widget_type=\"image.default\">\n\t\t\t\t<div class=\"elementor-widget-container\">\n\t\t\t\t\t\t\t\t\t\t\t\t<figure class=\"wp-caption\">\n\t\t\t\t\t\t\t\t\t\t<img loading=\"lazy\" decoding=\"async\" width=\"580\" height=\"435\" src=\"https:\/\/xn--elrincndemargi-qob.com\/wp-content\/uploads\/2023\/11\/La-naturaleza-es-una-fantasia3.jpg\" class=\"attachment-large size-large wp-image-2062\" alt=\"\" srcset=\"https:\/\/xn--elrincndemargi-qob.com\/wp-content\/uploads\/2023\/11\/La-naturaleza-es-una-fantasia3.jpg 839w, https:\/\/xn--elrincndemargi-qob.com\/wp-content\/uploads\/2023\/11\/La-naturaleza-es-una-fantasia3-300x225.jpg 300w, https:\/\/xn--elrincndemargi-qob.com\/wp-content\/uploads\/2023\/11\/La-naturaleza-es-una-fantasia3-768x576.jpg 768w\" sizes=\"(max-width: 580px) 100vw, 580px\" \/>\t\t\t\t\t\t\t\t\t\t\t<figcaption class=\"widget-image-caption wp-caption-text\">T\u00edtulo: La naturaleza tiene caducidad.\nAutora: Marjaneh Vargas Barajas.\nT\u00e9cnica: Escultura.\nA\u00f1o: 2022.\n<\/figcaption>\n\t\t\t\t\t\t\t\t\t\t<\/figure>\n\t\t\t\t\t\t\t\t\t<\/div>\n\t\t\t\t<\/div>\n\t\t\t\t<div class=\"elementor-element elementor-element-3bcbdf9 elementor-widget elementor-widget-image\" data-id=\"3bcbdf9\" data-element_type=\"widget\" data-e-type=\"widget\" data-widget_type=\"image.default\">\n\t\t\t\t<div class=\"elementor-widget-container\">\n\t\t\t\t\t\t\t\t\t\t\t\t<figure class=\"wp-caption\">\n\t\t\t\t\t\t\t\t\t\t<img loading=\"lazy\" decoding=\"async\" width=\"580\" height=\"435\" src=\"https:\/\/xn--elrincndemargi-qob.com\/wp-content\/uploads\/2023\/11\/La-naturaleza-tiene-caducidad.jpg\" class=\"attachment-large size-large wp-image-2063\" alt=\"\" srcset=\"https:\/\/xn--elrincndemargi-qob.com\/wp-content\/uploads\/2023\/11\/La-naturaleza-tiene-caducidad.jpg 839w, https:\/\/xn--elrincndemargi-qob.com\/wp-content\/uploads\/2023\/11\/La-naturaleza-tiene-caducidad-300x225.jpg 300w, https:\/\/xn--elrincndemargi-qob.com\/wp-content\/uploads\/2023\/11\/La-naturaleza-tiene-caducidad-768x576.jpg 768w\" sizes=\"(max-width: 580px) 100vw, 580px\" \/>\t\t\t\t\t\t\t\t\t\t\t<figcaption class=\"widget-image-caption wp-caption-text\">T\u00edtulo: La naturaleza tiene caducidad.\nAutora: Marjaneh Vargas Barajas.\nT\u00e9cnica: Escultura.\nA\u00f1o: 2022.\n<\/figcaption>\n\t\t\t\t\t\t\t\t\t\t<\/figure>\n\t\t\t\t\t\t\t\t\t<\/div>\n\t\t\t\t<\/div>\n\t\t\t\t\t<\/div>\n\t\t<\/div>\n\t\t\t\t\t<\/div>\n\t\t<\/section>\n\t\t\t\t<\/div>\n\t\t","protected":false},"excerpt":{"rendered":"<p>T\u00edtulo: La naturaleza es una fantas\u00eda. Autora: Marjaneh Vargas Barajas. T\u00e9cnica: Escultura. A\u00f1o: 2022. T\u00edtulo: Glaciar en una caja. Autora: Marjaneh Vargas Barajas. T\u00e9cnica: Escultura. A\u00f1o: 2022. T\u00edtulo: Naturaleza como ficci\u00f3n. Autora: Marjaneh Vargas Barajas. T\u00e9cnica: Escultura. A\u00f1o: 2022. T\u00edtulo: La naturaleza tiene caducidad. Autora: Marjaneh Vargas Barajas. T\u00e9cnica: Escultura. A\u00f1o: 2022. T\u00edtulo: La naturaleza [&hellip;]<\/p>\n","protected":false},"author":1,"featured_media":0,"parent":0,"menu_order":0,"comment_status":"closed","ping_status":"closed","template":"","meta":{"om_disable_all_campaigns":false,"_monsterinsights_skip_tracking":false,"_monsterinsights_sitenote_active":false,"_monsterinsights_sitenote_note":"","_monsterinsights_sitenote_category":0,"footnotes":""},"class_list":["post-2058","page","type-page","status-publish","hentry"],"aioseo_notices":[],"_links":{"self":[{"href":"https:\/\/xn--elrincndemargi-qob.com\/index.php\/wp-json\/wp\/v2\/pages\/2058","targetHints":{"allow":["GET"]}}],"collection":[{"href":"https:\/\/xn--elrincndemargi-qob.com\/index.php\/wp-json\/wp\/v2\/pages"}],"about":[{"href":"https:\/\/xn--elrincndemargi-qob.com\/index.php\/wp-json\/wp\/v2\/types\/page"}],"author":[{"embeddable":true,"href":"https:\/\/xn--elrincndemargi-qob.com\/index.php\/wp-json\/wp\/v2\/users\/1"}],"replies":[{"embeddable":true,"href":"https:\/\/xn--elrincndemargi-qob.com\/index.php\/wp-json\/wp\/v2\/comments?post=2058"}],"version-history":[{"count":4,"href":"https:\/\/xn--elrincndemargi-qob.com\/index.php\/wp-json\/wp\/v2\/pages\/2058\/revisions"}],"predecessor-version":[{"id":2068,"href":"https:\/\/xn--elrincndemargi-qob.com\/index.php\/wp-json\/wp\/v2\/pages\/2058\/revisions\/2068"}],"wp:attachment":[{"href":"https:\/\/xn--elrincndemargi-qob.com\/index.php\/wp-json\/wp\/v2\/media?parent=2058"}],"curies":[{"name":"wp","href":"https:\/\/api.w.org\/{rel}","templated":true}]}}