{"id":1737,"date":"2023-11-01T00:03:23","date_gmt":"2023-11-01T00:03:23","guid":{"rendered":"https:\/\/xn--elrincndemargi-qob.com\/?page_id=1737"},"modified":"2025-06-05T00:58:35","modified_gmt":"2025-06-05T00:58:35","slug":"grabados","status":"publish","type":"page","link":"https:\/\/xn--elrincndemargi-qob.com\/index.php\/grabados\/","title":{"rendered":"Mis grabados"},"content":{"rendered":"\t\t<div data-elementor-type=\"wp-page\" data-elementor-id=\"1737\" class=\"elementor elementor-1737\">\n\t\t\t\t\t\t<section class=\"elementor-section elementor-top-section elementor-element elementor-element-d38794f elementor-section-boxed elementor-section-height-default elementor-section-height-default\" data-id=\"d38794f\" data-element_type=\"section\" data-e-type=\"section\">\n\t\t\t\t\t\t<div class=\"elementor-container elementor-column-gap-default\">\n\t\t\t\t\t<div class=\"elementor-column elementor-col-100 elementor-top-column elementor-element elementor-element-ad12f6e\" data-id=\"ad12f6e\" data-element_type=\"column\" data-e-type=\"column\">\n\t\t\t<div class=\"elementor-widget-wrap elementor-element-populated\">\n\t\t\t\t\t\t<div class=\"elementor-element elementor-element-cc164ce elementor-widget elementor-widget-heading\" data-id=\"cc164ce\" data-element_type=\"widget\" data-e-type=\"widget\" data-widget_type=\"heading.default\">\n\t\t\t\t<div class=\"elementor-widget-container\">\n\t\t\t\t\t<h2 class=\"elementor-heading-title elementor-size-large\">Aqu\u00ed podr\u00e1s encontrar todos mis grabados, desde mi trabajo m\u00e1s reciente hasta el m\u00e1s antiguo.<\/h2>\t\t\t\t<\/div>\n\t\t\t\t<\/div>\n\t\t\t\t\t<\/div>\n\t\t<\/div>\n\t\t\t\t\t<\/div>\n\t\t<\/section>\n\t\t\t\t<section class=\"elementor-section elementor-top-section elementor-element elementor-element-10ad7b3 elementor-section-boxed elementor-section-height-default elementor-section-height-default\" data-id=\"10ad7b3\" data-element_type=\"section\" data-e-type=\"section\">\n\t\t\t\t\t\t<div class=\"elementor-container elementor-column-gap-default\">\n\t\t\t\t\t<div class=\"elementor-column elementor-col-50 elementor-top-column elementor-element elementor-element-438c718\" data-id=\"438c718\" data-element_type=\"column\" data-e-type=\"column\">\n\t\t\t<div class=\"elementor-widget-wrap elementor-element-populated\">\n\t\t\t\t\t\t<div class=\"elementor-element elementor-element-4a34602 elementor-widget elementor-widget-image\" data-id=\"4a34602\" data-element_type=\"widget\" data-e-type=\"widget\" data-widget_type=\"image.default\">\n\t\t\t\t<div class=\"elementor-widget-container\">\n\t\t\t\t\t\t\t\t\t\t\t\t<figure class=\"wp-caption\">\n\t\t\t\t\t\t\t\t\t\t<img fetchpriority=\"high\" decoding=\"async\" width=\"580\" height=\"397\" src=\"https:\/\/xn--elrincndemargi-qob.com\/wp-content\/uploads\/2023\/01\/Libro-reproductor-a-blanco-y-negro-1024x701.jpg\" class=\"attachment-large size-large wp-image-1292\" alt=\"\" srcset=\"https:\/\/xn--elrincndemargi-qob.com\/wp-content\/uploads\/2023\/01\/Libro-reproductor-a-blanco-y-negro-1024x701.jpg 1024w, https:\/\/xn--elrincndemargi-qob.com\/wp-content\/uploads\/2023\/01\/Libro-reproductor-a-blanco-y-negro-300x205.jpg 300w, https:\/\/xn--elrincndemargi-qob.com\/wp-content\/uploads\/2023\/01\/Libro-reproductor-a-blanco-y-negro-768x526.jpg 768w, https:\/\/xn--elrincndemargi-qob.com\/wp-content\/uploads\/2023\/01\/Libro-reproductor-a-blanco-y-negro-1536x1052.jpg 1536w, https:\/\/xn--elrincndemargi-qob.com\/wp-content\/uploads\/2023\/01\/Libro-reproductor-a-blanco-y-negro-1200x822.jpg 1200w, https:\/\/xn--elrincndemargi-qob.com\/wp-content\/uploads\/2023\/01\/Libro-reproductor-a-blanco-y-negro.jpg 1700w\" sizes=\"(max-width: 580px) 100vw, 580px\" \/>\t\t\t\t\t\t\t\t\t\t\t<figcaption class=\"widget-image-caption wp-caption-text\">T\u00edtulo: Libro reproductor.\nAutora: Marjaneh Vargas Barajas.\nT\u00e9cnica: Grabado con lin\u00f3leo. \nA\u00f1o: 2023.<\/figcaption>\n\t\t\t\t\t\t\t\t\t\t<\/figure>\n\t\t\t\t\t\t\t\t\t<\/div>\n\t\t\t\t<\/div>\n\t\t\t\t<div class=\"elementor-element elementor-element-9242039 elementor-widget elementor-widget-image\" data-id=\"9242039\" data-element_type=\"widget\" data-e-type=\"widget\" data-widget_type=\"image.default\">\n\t\t\t\t<div class=\"elementor-widget-container\">\n\t\t\t\t\t\t\t\t\t\t\t\t<figure class=\"wp-caption\">\n\t\t\t\t\t\t\t\t\t\t<img decoding=\"async\" width=\"580\" height=\"750\" src=\"https:\/\/xn--elrincndemargi-qob.com\/wp-content\/uploads\/2022\/10\/Mi-ansiedad_1-1-792x1024.jpg\" class=\"attachment-large size-large wp-image-323\" alt=\"\" srcset=\"https:\/\/xn--elrincndemargi-qob.com\/wp-content\/uploads\/2022\/10\/Mi-ansiedad_1-1-792x1024.jpg 792w, https:\/\/xn--elrincndemargi-qob.com\/wp-content\/uploads\/2022\/10\/Mi-ansiedad_1-1-232x300.jpg 232w, https:\/\/xn--elrincndemargi-qob.com\/wp-content\/uploads\/2022\/10\/Mi-ansiedad_1-1-768x993.jpg 768w, https:\/\/xn--elrincndemargi-qob.com\/wp-content\/uploads\/2022\/10\/Mi-ansiedad_1-1-1189x1536.jpg 1189w, https:\/\/xn--elrincndemargi-qob.com\/wp-content\/uploads\/2022\/10\/Mi-ansiedad_1-1-1585x2048.jpg 1585w, https:\/\/xn--elrincndemargi-qob.com\/wp-content\/uploads\/2022\/10\/Mi-ansiedad_1-1-1200x1551.jpg 1200w, https:\/\/xn--elrincndemargi-qob.com\/wp-content\/uploads\/2022\/10\/Mi-ansiedad_1-1.jpg 1700w\" sizes=\"(max-width: 580px) 100vw, 580px\" \/>\t\t\t\t\t\t\t\t\t\t\t<figcaption class=\"widget-image-caption wp-caption-text\">T\u00edtulo: Mi ansiedad.\nAutora: Marjaneh Vargas Barajas.\nT\u00e9cnica: Grabado con lin\u00f3leo. \nA\u00f1o: 2021.<\/figcaption>\n\t\t\t\t\t\t\t\t\t\t<\/figure>\n\t\t\t\t\t\t\t\t\t<\/div>\n\t\t\t\t<\/div>\n\t\t\t\t<div class=\"elementor-element elementor-element-83f6a18 elementor-widget elementor-widget-image\" data-id=\"83f6a18\" data-element_type=\"widget\" data-e-type=\"widget\" data-widget_type=\"image.default\">\n\t\t\t\t<div class=\"elementor-widget-container\">\n\t\t\t\t\t\t\t\t\t\t\t\t<figure class=\"wp-caption\">\n\t\t\t\t\t\t\t\t\t\t<img decoding=\"async\" width=\"580\" height=\"934\" src=\"https:\/\/xn--elrincndemargi-qob.com\/wp-content\/uploads\/2023\/11\/Ojo-magico-636x1024.jpg\" class=\"attachment-large size-large wp-image-1803\" alt=\"\" srcset=\"https:\/\/xn--elrincndemargi-qob.com\/wp-content\/uploads\/2023\/11\/Ojo-magico-636x1024.jpg 636w, https:\/\/xn--elrincndemargi-qob.com\/wp-content\/uploads\/2023\/11\/Ojo-magico-186x300.jpg 186w, https:\/\/xn--elrincndemargi-qob.com\/wp-content\/uploads\/2023\/11\/Ojo-magico-768x1236.jpg 768w, https:\/\/xn--elrincndemargi-qob.com\/wp-content\/uploads\/2023\/11\/Ojo-magico-954x1536.jpg 954w, https:\/\/xn--elrincndemargi-qob.com\/wp-content\/uploads\/2023\/11\/Ojo-magico-1273x2048.jpg 1273w, https:\/\/xn--elrincndemargi-qob.com\/wp-content\/uploads\/2023\/11\/Ojo-magico-1200x1931.jpg 1200w, https:\/\/xn--elrincndemargi-qob.com\/wp-content\/uploads\/2023\/11\/Ojo-magico.jpg 1367w\" sizes=\"(max-width: 580px) 100vw, 580px\" \/>\t\t\t\t\t\t\t\t\t\t\t<figcaption class=\"widget-image-caption wp-caption-text\">T\u00edtulo: Ojo m\u00e1gico.\nAutora: Marjaneh Vargas Barajas.\nT\u00e9cnica: Monotipo sustractivo. \nA\u00f1o: 2021.<\/figcaption>\n\t\t\t\t\t\t\t\t\t\t<\/figure>\n\t\t\t\t\t\t\t\t\t<\/div>\n\t\t\t\t<\/div>\n\t\t\t\t<div class=\"elementor-element elementor-element-0896597 elementor-widget elementor-widget-image\" data-id=\"0896597\" data-element_type=\"widget\" data-e-type=\"widget\" data-widget_type=\"image.default\">\n\t\t\t\t<div class=\"elementor-widget-container\">\n\t\t\t\t\t\t\t\t\t\t\t\t<figure class=\"wp-caption\">\n\t\t\t\t\t\t\t\t\t\t<img loading=\"lazy\" decoding=\"async\" width=\"580\" height=\"360\" src=\"https:\/\/xn--elrincndemargi-qob.com\/wp-content\/uploads\/2023\/10\/Monotipo1-1024x635.jpg\" class=\"attachment-large size-large wp-image-1742\" alt=\"\" srcset=\"https:\/\/xn--elrincndemargi-qob.com\/wp-content\/uploads\/2023\/10\/Monotipo1-1024x635.jpg 1024w, https:\/\/xn--elrincndemargi-qob.com\/wp-content\/uploads\/2023\/10\/Monotipo1-300x186.jpg 300w, https:\/\/xn--elrincndemargi-qob.com\/wp-content\/uploads\/2023\/10\/Monotipo1-768x476.jpg 768w, https:\/\/xn--elrincndemargi-qob.com\/wp-content\/uploads\/2023\/10\/Monotipo1-1536x952.jpg 1536w, https:\/\/xn--elrincndemargi-qob.com\/wp-content\/uploads\/2023\/10\/Monotipo1-2048x1270.jpg 2048w, https:\/\/xn--elrincndemargi-qob.com\/wp-content\/uploads\/2023\/10\/Monotipo1-1200x744.jpg 1200w, https:\/\/xn--elrincndemargi-qob.com\/wp-content\/uploads\/2023\/10\/Monotipo1-1980x1228.jpg 1980w\" sizes=\"(max-width: 580px) 100vw, 580px\" \/>\t\t\t\t\t\t\t\t\t\t\t<figcaption class=\"widget-image-caption wp-caption-text\">T\u00edtulo: Galaxia masiva.\nAutora: Marjaneh Vargas Barajas.\nT\u00e9cnica: Monotipo a cuatro tintas.\nA\u00f1o: 2021.<\/figcaption>\n\t\t\t\t\t\t\t\t\t\t<\/figure>\n\t\t\t\t\t\t\t\t\t<\/div>\n\t\t\t\t<\/div>\n\t\t\t\t<div class=\"elementor-element elementor-element-61b8c49 elementor-widget elementor-widget-image\" data-id=\"61b8c49\" data-element_type=\"widget\" data-e-type=\"widget\" data-widget_type=\"image.default\">\n\t\t\t\t<div class=\"elementor-widget-container\">\n\t\t\t\t\t\t\t\t\t\t\t\t<figure class=\"wp-caption\">\n\t\t\t\t\t\t\t\t\t\t<img loading=\"lazy\" decoding=\"async\" width=\"580\" height=\"373\" src=\"https:\/\/xn--elrincndemargi-qob.com\/wp-content\/uploads\/2023\/10\/Galaxia-de-materia-oscura-1024x658.jpg\" class=\"attachment-large size-large wp-image-1739\" alt=\"\" srcset=\"https:\/\/xn--elrincndemargi-qob.com\/wp-content\/uploads\/2023\/10\/Galaxia-de-materia-oscura-1024x658.jpg 1024w, https:\/\/xn--elrincndemargi-qob.com\/wp-content\/uploads\/2023\/10\/Galaxia-de-materia-oscura-300x193.jpg 300w, https:\/\/xn--elrincndemargi-qob.com\/wp-content\/uploads\/2023\/10\/Galaxia-de-materia-oscura-768x494.jpg 768w, https:\/\/xn--elrincndemargi-qob.com\/wp-content\/uploads\/2023\/10\/Galaxia-de-materia-oscura-1536x987.jpg 1536w, https:\/\/xn--elrincndemargi-qob.com\/wp-content\/uploads\/2023\/10\/Galaxia-de-materia-oscura-2048x1316.jpg 2048w, https:\/\/xn--elrincndemargi-qob.com\/wp-content\/uploads\/2023\/10\/Galaxia-de-materia-oscura-1200x771.jpg 1200w, https:\/\/xn--elrincndemargi-qob.com\/wp-content\/uploads\/2023\/10\/Galaxia-de-materia-oscura-1980x1273.jpg 1980w\" sizes=\"(max-width: 580px) 100vw, 580px\" \/>\t\t\t\t\t\t\t\t\t\t\t<figcaption class=\"widget-image-caption wp-caption-text\">T\u00edtulo: Galaxia de materia oscura.\nAutora: Marjaneh Vargas Barajas.\nT\u00e9cnica: Monotipo sustractivo. \nA\u00f1o: 2021.<\/figcaption>\n\t\t\t\t\t\t\t\t\t\t<\/figure>\n\t\t\t\t\t\t\t\t\t<\/div>\n\t\t\t\t<\/div>\n\t\t\t\t\t<\/div>\n\t\t<\/div>\n\t\t\t\t<div class=\"elementor-column elementor-col-50 elementor-top-column elementor-element elementor-element-b224a2b\" data-id=\"b224a2b\" data-element_type=\"column\" data-e-type=\"column\">\n\t\t\t<div class=\"elementor-widget-wrap elementor-element-populated\">\n\t\t\t\t\t\t<div class=\"elementor-element elementor-element-f5e6e4f elementor-widget elementor-widget-image\" data-id=\"f5e6e4f\" data-element_type=\"widget\" data-e-type=\"widget\" data-widget_type=\"image.default\">\n\t\t\t\t<div class=\"elementor-widget-container\">\n\t\t\t\t\t\t\t\t\t\t\t\t<figure class=\"wp-caption\">\n\t\t\t\t\t\t\t\t\t\t<img loading=\"lazy\" decoding=\"async\" width=\"580\" height=\"396\" src=\"https:\/\/xn--elrincndemargi-qob.com\/wp-content\/uploads\/2023\/01\/Libro-reproductor-a-color-1024x699.png\" class=\"attachment-large size-large wp-image-1293\" alt=\"\" srcset=\"https:\/\/xn--elrincndemargi-qob.com\/wp-content\/uploads\/2023\/01\/Libro-reproductor-a-color-1024x699.png 1024w, https:\/\/xn--elrincndemargi-qob.com\/wp-content\/uploads\/2023\/01\/Libro-reproductor-a-color-300x205.png 300w, https:\/\/xn--elrincndemargi-qob.com\/wp-content\/uploads\/2023\/01\/Libro-reproductor-a-color-768x524.png 768w, https:\/\/xn--elrincndemargi-qob.com\/wp-content\/uploads\/2023\/01\/Libro-reproductor-a-color-1536x1049.png 1536w, https:\/\/xn--elrincndemargi-qob.com\/wp-content\/uploads\/2023\/01\/Libro-reproductor-a-color-1200x820.png 1200w, https:\/\/xn--elrincndemargi-qob.com\/wp-content\/uploads\/2023\/01\/Libro-reproductor-a-color.png 1700w\" sizes=\"(max-width: 580px) 100vw, 580px\" \/>\t\t\t\t\t\t\t\t\t\t\t<figcaption class=\"widget-image-caption wp-caption-text\">T\u00edtulo: Libro reproductor.\nAutora: Marjaneh Vargas Barajas.\nT\u00e9cnica: Grabado con lin\u00f3leo. \nA\u00f1o: 2023.<\/figcaption>\n\t\t\t\t\t\t\t\t\t\t<\/figure>\n\t\t\t\t\t\t\t\t\t<\/div>\n\t\t\t\t<\/div>\n\t\t\t\t<div class=\"elementor-element elementor-element-c36c22d elementor-widget elementor-widget-image\" data-id=\"c36c22d\" data-element_type=\"widget\" data-e-type=\"widget\" data-widget_type=\"image.default\">\n\t\t\t\t<div class=\"elementor-widget-container\">\n\t\t\t\t\t\t\t\t\t\t\t\t<figure class=\"wp-caption\">\n\t\t\t\t\t\t\t\t\t\t<img loading=\"lazy\" decoding=\"async\" width=\"580\" height=\"750\" src=\"https:\/\/xn--elrincndemargi-qob.com\/wp-content\/uploads\/2022\/10\/Mi-ansiedad_1-792x1024.jpg\" class=\"attachment-large size-large wp-image-322\" alt=\"\" srcset=\"https:\/\/xn--elrincndemargi-qob.com\/wp-content\/uploads\/2022\/10\/Mi-ansiedad_1-792x1024.jpg 792w, https:\/\/xn--elrincndemargi-qob.com\/wp-content\/uploads\/2022\/10\/Mi-ansiedad_1-232x300.jpg 232w, https:\/\/xn--elrincndemargi-qob.com\/wp-content\/uploads\/2022\/10\/Mi-ansiedad_1-768x993.jpg 768w, https:\/\/xn--elrincndemargi-qob.com\/wp-content\/uploads\/2022\/10\/Mi-ansiedad_1-1187x1536.jpg 1187w, https:\/\/xn--elrincndemargi-qob.com\/wp-content\/uploads\/2022\/10\/Mi-ansiedad_1-1583x2048.jpg 1583w, https:\/\/xn--elrincndemargi-qob.com\/wp-content\/uploads\/2022\/10\/Mi-ansiedad_1-1200x1552.jpg 1200w, https:\/\/xn--elrincndemargi-qob.com\/wp-content\/uploads\/2022\/10\/Mi-ansiedad_1.jpg 1700w\" sizes=\"(max-width: 580px) 100vw, 580px\" \/>\t\t\t\t\t\t\t\t\t\t\t<figcaption class=\"widget-image-caption wp-caption-text\">T\u00edtulo: Mi ansiedad.\nAutora: Marjaneh Vargas Barajas.\nT\u00e9cnica: Grabado con lin\u00f3leo. \nA\u00f1o: 2021.<\/figcaption>\n\t\t\t\t\t\t\t\t\t\t<\/figure>\n\t\t\t\t\t\t\t\t\t<\/div>\n\t\t\t\t<\/div>\n\t\t\t\t<div class=\"elementor-element elementor-element-3658fb9 elementor-widget elementor-widget-image\" data-id=\"3658fb9\" data-element_type=\"widget\" data-e-type=\"widget\" data-widget_type=\"image.default\">\n\t\t\t\t<div class=\"elementor-widget-container\">\n\t\t\t\t\t\t\t\t\t\t\t\t<figure class=\"wp-caption\">\n\t\t\t\t\t\t\t\t\t\t<img loading=\"lazy\" decoding=\"async\" width=\"580\" height=\"722\" src=\"https:\/\/xn--elrincndemargi-qob.com\/wp-content\/uploads\/2023\/11\/Alma-encadenada-823x1024.jpg\" class=\"attachment-large size-large wp-image-1805\" alt=\"\" srcset=\"https:\/\/xn--elrincndemargi-qob.com\/wp-content\/uploads\/2023\/11\/Alma-encadenada-823x1024.jpg 823w, https:\/\/xn--elrincndemargi-qob.com\/wp-content\/uploads\/2023\/11\/Alma-encadenada-241x300.jpg 241w, https:\/\/xn--elrincndemargi-qob.com\/wp-content\/uploads\/2023\/11\/Alma-encadenada-768x955.jpg 768w, https:\/\/xn--elrincndemargi-qob.com\/wp-content\/uploads\/2023\/11\/Alma-encadenada-1235x1536.jpg 1235w, https:\/\/xn--elrincndemargi-qob.com\/wp-content\/uploads\/2023\/11\/Alma-encadenada-1647x2048.jpg 1647w, https:\/\/xn--elrincndemargi-qob.com\/wp-content\/uploads\/2023\/11\/Alma-encadenada-1200x1492.jpg 1200w, https:\/\/xn--elrincndemargi-qob.com\/wp-content\/uploads\/2023\/11\/Alma-encadenada.jpg 1700w\" sizes=\"(max-width: 580px) 100vw, 580px\" \/>\t\t\t\t\t\t\t\t\t\t\t<figcaption class=\"widget-image-caption wp-caption-text\">T\u00edtulo: Alma encadenada.\nAutora: Marjaneh Vargas Barajas.\nT\u00e9cnica: Grabado con lin\u00f3leo. \nA\u00f1o: 2021.<\/figcaption>\n\t\t\t\t\t\t\t\t\t\t<\/figure>\n\t\t\t\t\t\t\t\t\t<\/div>\n\t\t\t\t<\/div>\n\t\t\t\t<div class=\"elementor-element elementor-element-950f5f6 elementor-widget elementor-widget-image\" data-id=\"950f5f6\" data-element_type=\"widget\" data-e-type=\"widget\" data-widget_type=\"image.default\">\n\t\t\t\t<div class=\"elementor-widget-container\">\n\t\t\t\t\t\t\t\t\t\t\t\t<figure class=\"wp-caption\">\n\t\t\t\t\t\t\t\t\t\t<img loading=\"lazy\" decoding=\"async\" width=\"580\" height=\"330\" src=\"https:\/\/xn--elrincndemargi-qob.com\/wp-content\/uploads\/2023\/10\/Monotipo2-1024x582.jpg\" class=\"attachment-large size-large wp-image-1743\" alt=\"\" srcset=\"https:\/\/xn--elrincndemargi-qob.com\/wp-content\/uploads\/2023\/10\/Monotipo2-1024x582.jpg 1024w, https:\/\/xn--elrincndemargi-qob.com\/wp-content\/uploads\/2023\/10\/Monotipo2-300x170.jpg 300w, https:\/\/xn--elrincndemargi-qob.com\/wp-content\/uploads\/2023\/10\/Monotipo2-768x436.jpg 768w, https:\/\/xn--elrincndemargi-qob.com\/wp-content\/uploads\/2023\/10\/Monotipo2-1536x873.jpg 1536w, https:\/\/xn--elrincndemargi-qob.com\/wp-content\/uploads\/2023\/10\/Monotipo2-2048x1164.jpg 2048w, https:\/\/xn--elrincndemargi-qob.com\/wp-content\/uploads\/2023\/10\/Monotipo2-1200x682.jpg 1200w, https:\/\/xn--elrincndemargi-qob.com\/wp-content\/uploads\/2023\/10\/Monotipo2-1980x1125.jpg 1980w\" sizes=\"(max-width: 580px) 100vw, 580px\" \/>\t\t\t\t\t\t\t\t\t\t\t<figcaption class=\"widget-image-caption wp-caption-text\">T\u00edtulo: Galaxia espiral.\nAutora: Marjaneh Vargas Barajas.\nT\u00e9cnica: Monotipo a cuatro tintas. \nA\u00f1o: 2021.<\/figcaption>\n\t\t\t\t\t\t\t\t\t\t<\/figure>\n\t\t\t\t\t\t\t\t\t<\/div>\n\t\t\t\t<\/div>\n\t\t\t\t<div class=\"elementor-element elementor-element-b7bd19a elementor-widget elementor-widget-image\" data-id=\"b7bd19a\" data-element_type=\"widget\" data-e-type=\"widget\" data-widget_type=\"image.default\">\n\t\t\t\t<div class=\"elementor-widget-container\">\n\t\t\t\t\t\t\t\t\t\t\t\t<figure class=\"wp-caption\">\n\t\t\t\t\t\t\t\t\t\t<img loading=\"lazy\" decoding=\"async\" width=\"580\" height=\"921\" src=\"https:\/\/xn--elrincndemargi-qob.com\/wp-content\/uploads\/2023\/10\/Estrella-solitaria-645x1024.jpg\" class=\"attachment-large size-large wp-image-1741\" alt=\"\" srcset=\"https:\/\/xn--elrincndemargi-qob.com\/wp-content\/uploads\/2023\/10\/Estrella-solitaria-645x1024.jpg 645w, https:\/\/xn--elrincndemargi-qob.com\/wp-content\/uploads\/2023\/10\/Estrella-solitaria-189x300.jpg 189w, https:\/\/xn--elrincndemargi-qob.com\/wp-content\/uploads\/2023\/10\/Estrella-solitaria-768x1220.jpg 768w, https:\/\/xn--elrincndemargi-qob.com\/wp-content\/uploads\/2023\/10\/Estrella-solitaria-967x1536.jpg 967w, https:\/\/xn--elrincndemargi-qob.com\/wp-content\/uploads\/2023\/10\/Estrella-solitaria-1289x2048.jpg 1289w, https:\/\/xn--elrincndemargi-qob.com\/wp-content\/uploads\/2023\/10\/Estrella-solitaria-1200x1906.jpg 1200w, https:\/\/xn--elrincndemargi-qob.com\/wp-content\/uploads\/2023\/10\/Estrella-solitaria.jpg 1385w\" sizes=\"(max-width: 580px) 100vw, 580px\" \/>\t\t\t\t\t\t\t\t\t\t\t<figcaption class=\"widget-image-caption wp-caption-text\">T\u00edtulo: Estrella solitaria.\nAutora: Marjaneh Vargas Barajas.\nT\u00e9cnica: Monotipo sustractivo.\nA\u00f1o: 2021.<\/figcaption>\n\t\t\t\t\t\t\t\t\t\t<\/figure>\n\t\t\t\t\t\t\t\t\t<\/div>\n\t\t\t\t<\/div>\n\t\t\t\t\t<\/div>\n\t\t<\/div>\n\t\t\t\t\t<\/div>\n\t\t<\/section>\n\t\t\t\t<section class=\"elementor-section elementor-top-section elementor-element elementor-element-89454a6 elementor-section-boxed elementor-section-height-default elementor-section-height-default\" data-id=\"89454a6\" data-element_type=\"section\" data-e-type=\"section\">\n\t\t\t\t\t\t<div class=\"elementor-container elementor-column-gap-default\">\n\t\t\t\t\t<div class=\"elementor-column elementor-col-100 elementor-top-column elementor-element elementor-element-790a0f3\" data-id=\"790a0f3\" data-element_type=\"column\" data-e-type=\"column\">\n\t\t\t<div class=\"elementor-widget-wrap elementor-element-populated\">\n\t\t\t\t\t\t<div class=\"elementor-element elementor-element-ce8598d elementor-widget elementor-widget-text-editor\" data-id=\"ce8598d\" data-element_type=\"widget\" data-e-type=\"widget\" data-widget_type=\"text-editor.default\">\n\t\t\t\t<div class=\"elementor-widget-container\">\n\t\t\t\t\t\t\t\t\t<h6>\u00a9 Marjaneh Vargas Barajas \u2014 Todos los derechos reservados. | <a href=\"https:\/\/xn--elrincndemargi-qob.com\/index.php\/derechos-de-autor\/\">Derechos de Autor<\/a><\/h6>\t\t\t\t\t\t\t\t<\/div>\n\t\t\t\t<\/div>\n\t\t\t\t\t<\/div>\n\t\t<\/div>\n\t\t\t\t\t<\/div>\n\t\t<\/section>\n\t\t\t\t<\/div>\n\t\t","protected":false},"excerpt":{"rendered":"<p>Aqu\u00ed podr\u00e1s encontrar todos mis grabados, desde mi trabajo m\u00e1s reciente hasta el m\u00e1s antiguo. T\u00edtulo: Libro reproductor. Autora: Marjaneh Vargas Barajas. T\u00e9cnica: Grabado con lin\u00f3leo. A\u00f1o: 2023. T\u00edtulo: Mi ansiedad. Autora: Marjaneh Vargas Barajas. T\u00e9cnica: Grabado con lin\u00f3leo. A\u00f1o: 2021. T\u00edtulo: Ojo m\u00e1gico. Autora: Marjaneh Vargas Barajas. T\u00e9cnica: Monotipo sustractivo. A\u00f1o: 2021. T\u00edtulo: Galaxia [&hellip;]<\/p>\n","protected":false},"author":1,"featured_media":0,"parent":0,"menu_order":0,"comment_status":"closed","ping_status":"closed","template":"","meta":{"om_disable_all_campaigns":false,"_monsterinsights_skip_tracking":false,"_monsterinsights_sitenote_active":false,"_monsterinsights_sitenote_note":"","_monsterinsights_sitenote_category":0,"footnotes":""},"class_list":["post-1737","page","type-page","status-publish","hentry"],"aioseo_notices":[],"_links":{"self":[{"href":"https:\/\/xn--elrincndemargi-qob.com\/index.php\/wp-json\/wp\/v2\/pages\/1737","targetHints":{"allow":["GET"]}}],"collection":[{"href":"https:\/\/xn--elrincndemargi-qob.com\/index.php\/wp-json\/wp\/v2\/pages"}],"about":[{"href":"https:\/\/xn--elrincndemargi-qob.com\/index.php\/wp-json\/wp\/v2\/types\/page"}],"author":[{"embeddable":true,"href":"https:\/\/xn--elrincndemargi-qob.com\/index.php\/wp-json\/wp\/v2\/users\/1"}],"replies":[{"embeddable":true,"href":"https:\/\/xn--elrincndemargi-qob.com\/index.php\/wp-json\/wp\/v2\/comments?post=1737"}],"version-history":[{"count":17,"href":"https:\/\/xn--elrincndemargi-qob.com\/index.php\/wp-json\/wp\/v2\/pages\/1737\/revisions"}],"predecessor-version":[{"id":2955,"href":"https:\/\/xn--elrincndemargi-qob.com\/index.php\/wp-json\/wp\/v2\/pages\/1737\/revisions\/2955"}],"wp:attachment":[{"href":"https:\/\/xn--elrincndemargi-qob.com\/index.php\/wp-json\/wp\/v2\/media?parent=1737"}],"curies":[{"name":"wp","href":"https:\/\/api.w.org\/{rel}","templated":true}]}}