{"id":166,"date":"2022-10-30T02:20:26","date_gmt":"2022-10-30T02:20:26","guid":{"rendered":"https:\/\/xn--elrincndemargi-qob.com\/?page_id=166"},"modified":"2024-09-22T20:39:00","modified_gmt":"2024-09-22T20:39:00","slug":"empleados-de-la-muerte","status":"publish","type":"page","link":"https:\/\/xn--elrincndemargi-qob.com\/index.php\/empleados-de-la-muerte\/","title":{"rendered":"Empleados de la muerte"},"content":{"rendered":"\t\t<div data-elementor-type=\"wp-page\" data-elementor-id=\"166\" class=\"elementor elementor-166\">\n\t\t\t\t\t\t<section class=\"elementor-section elementor-top-section elementor-element elementor-element-6eb7077 elementor-section-boxed elementor-section-height-default elementor-section-height-default\" data-id=\"6eb7077\" data-element_type=\"section\" data-e-type=\"section\">\n\t\t\t\t\t\t<div class=\"elementor-container elementor-column-gap-default\">\n\t\t\t\t\t<div class=\"elementor-column elementor-col-100 elementor-top-column elementor-element elementor-element-3957a8a\" data-id=\"3957a8a\" data-element_type=\"column\" data-e-type=\"column\">\n\t\t\t<div class=\"elementor-widget-wrap elementor-element-populated\">\n\t\t\t\t\t\t<div class=\"elementor-element elementor-element-82acc0c elementor-widget elementor-widget-image\" data-id=\"82acc0c\" data-element_type=\"widget\" data-e-type=\"widget\" data-widget_type=\"image.default\">\n\t\t\t\t<div class=\"elementor-widget-container\">\n\t\t\t\t\t\t\t\t\t\t\t\t\t\t\t<img decoding=\"async\" src=\"https:\/\/xn--elrincndemargi-qob.com\/wp-content\/plugins\/elementor\/assets\/images\/placeholder.png\" title=\"\" alt=\"\" loading=\"lazy\" \/>\t\t\t\t\t\t\t\t\t\t\t\t\t\t\t<\/div>\n\t\t\t\t<\/div>\n\t\t\t\t\t<\/div>\n\t\t<\/div>\n\t\t\t\t\t<\/div>\n\t\t<\/section>\n\t\t\t\t<section class=\"elementor-section elementor-top-section elementor-element elementor-element-5058a20 elementor-section-boxed elementor-section-height-default elementor-section-height-default\" data-id=\"5058a20\" data-element_type=\"section\" data-e-type=\"section\">\n\t\t\t\t\t\t<div class=\"elementor-container elementor-column-gap-default\">\n\t\t\t\t\t<div class=\"elementor-column elementor-col-100 elementor-top-column elementor-element elementor-element-4afd56e\" data-id=\"4afd56e\" data-element_type=\"column\" data-e-type=\"column\">\n\t\t\t<div class=\"elementor-widget-wrap elementor-element-populated\">\n\t\t\t\t\t\t<div class=\"elementor-element elementor-element-b8e27da elementor-widget elementor-widget-text-editor\" data-id=\"b8e27da\" data-element_type=\"widget\" data-e-type=\"widget\" data-widget_type=\"text-editor.default\">\n\t\t\t\t<div class=\"elementor-widget-container\">\n\t\t\t\t\t\t\t\t\t<p>El presente escrito es un cuento de ciencia ficci\u00f3n que habla sobre la ansiedad y el aislamiento que trajo consigo la pandemia de Covid-19.<\/p><p>Fue publicado por la revista Puerta Escarlata en su quinto n\u00famero.<\/p>\t\t\t\t\t\t\t\t<\/div>\n\t\t\t\t<\/div>\n\t\t\t\t\t<\/div>\n\t\t<\/div>\n\t\t\t\t\t<\/div>\n\t\t<\/section>\n\t\t\t\t<section class=\"elementor-section elementor-top-section elementor-element elementor-element-eb6313a elementor-section-boxed elementor-section-height-default elementor-section-height-default\" data-id=\"eb6313a\" data-element_type=\"section\" data-e-type=\"section\">\n\t\t\t\t\t\t<div class=\"elementor-container elementor-column-gap-default\">\n\t\t\t\t\t<div class=\"elementor-column elementor-col-100 elementor-top-column elementor-element elementor-element-276ad37\" data-id=\"276ad37\" data-element_type=\"column\" data-e-type=\"column\">\n\t\t\t<div class=\"elementor-widget-wrap elementor-element-populated\">\n\t\t\t\t\t\t<div class=\"elementor-element elementor-element-10b82fa elementor-widget elementor-widget-heading\" data-id=\"10b82fa\" data-element_type=\"widget\" data-e-type=\"widget\" data-widget_type=\"heading.default\">\n\t\t\t\t<div class=\"elementor-widget-container\">\n\t\t\t\t\t<h4 class=\"elementor-heading-title elementor-size-default\">Empleados de la muerte<\/h4>\t\t\t\t<\/div>\n\t\t\t\t<\/div>\n\t\t\t\t<div class=\"elementor-element elementor-element-4f8bd66 elementor-widget elementor-widget-text-editor\" data-id=\"4f8bd66\" data-element_type=\"widget\" data-e-type=\"widget\" data-widget_type=\"text-editor.default\">\n\t\t\t\t<div class=\"elementor-widget-container\">\n\t\t\t\t\t\t\t\t\t<p><span style=\"font-weight: 400;\">\u2014\u00bfEsto es la Tierra? \u2014 pregunt\u00e9 confundida, me encontraba en un ambiente extra\u00f1o y bien iluminado, demasiado tal vez, con luces de ne\u00f3n que cansaban la vista.<\/span><\/p><p><span style=\"font-weight: 400;\">\u2014\u00bfLa Tierra? \u2014 se burl\u00f3 una voz femenina, proven\u00eda de una de las dos personas que ten\u00eda enfrente, estas usaban guantes, un traje herm\u00e9tico en color oscuro, y mascarillas adem\u00e1s de una especie de casco que les tapaba el rostro, luc\u00edan extra\u00f1os, como si no quisieran que les entrara el aire de su entorno. Estaban parados contempl\u00e1ndome y no parec\u00edan sorprendidos de verme, ni siquiera porque no vest\u00eda como ellos.\u00a0<\/span><\/p><p><span style=\"font-weight: 400;\">\u2014Claro que no, los humanos hemos dejado ese mundo hace mucho tiempo, lo que antes era nuestro planeta Tierra ya no existe, hemos sido succionados por otra realidad que yac\u00eda dentro de la anterior\u2014 me dijo la voz femenina mon\u00f3tonamente.\u00a0<\/span><\/p><p><span style=\"font-weight: 400;\">Mascull\u00e9 un \u201cgracias\u201d y le tend\u00ed la mano a la desconocida esperando a que me ayudara a ponerme de pie, pero estos s\u00f3lo se hicieron para atr\u00e1s con aversi\u00f3n, s\u00f3lo entonces me di cuenta de que estaban muy separados entre s\u00ed, como si repudiaran el contacto humano. Baj\u00e9 la mano y les pregunt\u00e9:\u00a0<\/span><\/p><p><span style=\"font-weight: 400;\">\u2014\u00bfUstedes qui\u00e9nes son?\u00a0<\/span><\/p><p><span style=\"font-weight: 400;\">\u2014Yo soy Eva, \u00e9l es Joshua, estaremos a cargo de ti un tiempo para que te acostumbres a esta nueva realidad \u2014 me explic\u00f3.<\/span><\/p><p><span style=\"font-weight: 400;\">Me levant\u00e9 sola y me vi en un pasillo de apariencia infinita, a un lado estaba una pared blanca y descuidada y del otro una ventana por la cual me asom\u00e9 para ver donde estaba: el lugar se parec\u00eda mucho a la Tierra salvo que las calles se ve\u00edan medio vac\u00edas, Joshua se par\u00f3 tambi\u00e9n junto a la ventana a una distancia considerable de m\u00ed y me cont\u00f3:<\/span><\/p><p><span style=\"font-weight: 400;\">\u2014Eso en cambio s\u00ed es la Tierra \u2014 me dijo, \u2014sin embargo ha cambiado mucho en estos \u00faltimos meses, no la reconocer\u00edas si volvieras a ella.<\/span><\/p><p><span style=\"font-weight: 400;\">Cuando me volv\u00ed al interior vi que Eva sosten\u00eda un dispositivo del tama\u00f1o de un celular que proyectaba un documento hologr\u00e1fico que no era m\u00e1s que una recopilaci\u00f3n de mis propios datos, iba a preguntar de d\u00f3nde lo sac\u00f3, pero entonces lo apag\u00f3, se volvi\u00f3 hacia m\u00ed como si fuera lo m\u00e1s normal del mundo y me dijo:<\/span><\/p><p><span style=\"font-weight: 400;\">\u2014Muy bien, Lilian \u00bfcierto?, vendr\u00e1s con nosotros \u2014 me avis\u00f3 antes de caminar por el pasillo con Joshua, yo me qued\u00e9 en mi sitio sin saber si quer\u00eda obedecer, pero estos no miraron atr\u00e1s ni por un instante.<\/span><\/p><p><span style=\"font-weight: 400;\">\u2014\u00a1\u00bfQu\u00e9 es este lugar?! \u2014 pregunt\u00e9 se\u00f1alando el interior y con miedo de quedarme sola ah\u00ed, \u2014\u00bfQu\u00e9 est\u00e1 pasando?<\/span><\/p><p><span style=\"font-weight: 400;\">\u2014Vamos te lo mostraremos \u2014 me indicaron haciendo que los siguiera por el pasillo.<\/span><\/p><p><span style=\"font-weight: 400;\">Caminamos por un largo rato, vi la Tierra vac\u00eda por la ventana, luego me volv\u00ed hacia la pared blanca y vi un portal que desaparec\u00eda de mi visi\u00f3n si retroced\u00eda unos pasos, ingres\u00e9 a \u00e9l con curiosidad, pero mis acompa\u00f1antes se quedaron esperando afuera.\u00a0<\/span><\/p><p><span style=\"font-weight: 400;\">Una vez dentro me vi en otra parte del mundo en donde nunca hab\u00eda estado, vi numerosos enfermos y gente que mor\u00eda, y conforme caminaba noticias desafortunadas iban manifest\u00e1ndose frente a m\u00ed en forma de textos hologr\u00e1ficos, al tiempo que me topaba con reporteros que narraban todo lo que suced\u00eda, sin embargo ninguno pod\u00eda explicar de d\u00f3nde proven\u00eda aquella desgracia o porqu\u00e9 hab\u00eda acontecido.\u00a0<\/span><\/p><p><span style=\"font-weight: 400;\">Sal\u00ed de vuelta al estrecho pasillo, donde Eva y Joshua s\u00f3lo me miraron y me hicieron seguirlos nuevamente, a lo largo del camino volv\u00ed a entrar a m\u00e1s portales una y otra vez; cada vez que sal\u00eda pod\u00eda observar c\u00f3mo se hac\u00eda de d\u00eda y de noche por la ventana, tambi\u00e9n not\u00e9 que encima de cada portal hab\u00eda una placa con una fecha, la cual nunca era la misma, era como si la Tierra sin importar que pasara nunca interrumpiera sus movimientos de rotaci\u00f3n.\u00a0<\/span><\/p><p><span style=\"font-weight: 400;\">\u2014\u00bfQu\u00e9 pasa? \u2014 me pregunt\u00f3 Eva al ver que dejaba de entrar a los portales.<\/span><\/p><p><span style=\"font-weight: 400;\">\u2014Lleg\u00f3 un punto en el que se volvi\u00f3 demasiado deprimente \u2014 contest\u00e9.<\/span><\/p><p><span style=\"font-weight: 400;\">\u2014S\u00ed, es normal, te dije que no reconocer\u00edas la Tierra si volvieras a ella, aunque los portales en realidad no te llevaron de vuelta ah\u00ed, s\u00f3lo te la mostraron \u2014 coment\u00f3 Joshua<\/span><\/p><p><span style=\"font-weight: 400;\">\u2014\u00bfY por qu\u00e9 por la ventana no veo lo mismo? \u2014 le pregunt\u00e9, ya que por esta s\u00f3lo ve\u00eda tramos de un Tierra que a veces se encontraba desierta y otras veces concurrida, \u2014\u00bfpor qu\u00e9 algunos salen y otros no?\u00a0<\/span><\/p><p><span style=\"font-weight: 400;\">En ese momento llegamos a una bifurcaci\u00f3n en el pasillo de la que no me hab\u00eda percatado, mis acompa\u00f1antes se adentraron en otra direcci\u00f3n al lado opuesto de la ventana y trot\u00e9 detr\u00e1s de ellos insistiendo por una respuesta.\u00a0<\/span><\/p><p><span style=\"font-weight: 400;\">\u2014T\u00fa entraste a los portales a ver lo que pasa en la Tierra, t\u00fa dinos \u2014 me anim\u00f3 Joshua.<\/span><\/p><p><span style=\"font-weight: 400;\">\u2014Hay gente que se est\u00e1 muriendo \u00bfpor qu\u00e9? \u2014 contest\u00e9.<\/span><\/p><p><span style=\"font-weight: 400;\">\u2014Porque La muerte es el nuevo orden mundial, en realidad siempre lo ha sido, s\u00f3lo que ahora es muy notorio, y ahora que se ha vuelto a posicionar como dictadora est\u00e1 llev\u00e1ndose a tantos humanos consigo como puede \u2014 contest\u00f3 Joshua.\u00a0<\/span><\/p><p><span style=\"font-weight: 400;\">\u2014\u00bfY por qu\u00e9 hace eso? \u2014 pregunt\u00e9 mientras continu\u00e1bamos por el nuevo pasillo que luc\u00eda exactamente igual que el anterior, salvo que ya no hab\u00eda m\u00e1s portales en el camino.\u00a0<\/span><\/p><p><span style=\"font-weight: 400;\">\u2014La cuesti\u00f3n no es porqu\u00e9, sino c\u00f3mo \u2014 intervino Eva, \u2014La muerte lleg\u00f3 al poder enviando a sus nuevos empleados, su estrategia era simple pero infalible: soltarlos en la calle como asaltantes al acecho a la espera de que alg\u00fan humano se cruce en su camino, una vez que tienen a la v\u00edctima se vuelven hu\u00e9sped de esta sin que nadie lo note, peg\u00e1ndose a esta; sigui\u00e9ndola a todas partes y cada vez que su v\u00edctima tiene contacto con otro ser humano el empleado se duplica y env\u00eda a su copia al otro para agregar una v\u00edctima m\u00e1s a su colecci\u00f3n. Aquello lo hacen una y otra vez sin parar mientras que cada empleado y sus duplicados luchan con su v\u00edctima para mand\u00e1rsela a su due\u00f1a la muerte, o se desvanecen en el intento \u2014 me explic\u00f3.<\/span><\/p><p><span style=\"font-weight: 400;\">Con esa nueva informaci\u00f3n desaceler\u00e9 el paso para mirar una vez m\u00e1s a trav\u00e9s de los siguientes portales que se me presentaron, en donde yo no era m\u00e1s que un holograma que pod\u00eda atravesar y ser atravesado por objetos y personas, como si el lugar quisiera recordarme que no estaba ah\u00ed, que aquello era una construcci\u00f3n de hechos que bien podr\u00edan ser verdades, mentiras, verdades a medias, e independientemente del resultado adherirse o no a mi memoria. Revis\u00e9 a profundidad las im\u00e1genes frente a mis ojos, pero en ning\u00fan momento vi a ning\u00fan empleado de los que me hab\u00edan hablado.<\/span><\/p><p><span style=\"font-weight: 400;\">Sal\u00ed tambale\u00e1ndome del \u00faltimo portal al que hab\u00eda ingresado, contempl\u00e9 a Eva y a Joshua que me miraban con rostros ocultos tras mascarillas y cascos herm\u00e9ticos no s\u00f3lo de aire sino tambi\u00e9n de emoci\u00f3n que me imped\u00edan leerlos, supuse que deb\u00eda ser inc\u00f3modo y me sorprend\u00ed de su paciencia, as\u00ed como del hecho de que nunca me siguieran a ning\u00fan lado, pero yo a ellos s\u00ed. Retomaron el camino por el cual los segu\u00ed mientras les preguntaba:<\/span><\/p><p><span style=\"font-weight: 400;\">\u2014\u00bfUstedes porqu\u00e9 nunca entran a los portales?<\/span><\/p><p><span style=\"font-weight: 400;\">\u2014Ya lo hemos hecho \u2014 me contestaron al un\u00edsono.<\/span><\/p><p><span style=\"font-weight: 400;\">\u2014\u00bfY han visto a alg\u00fan empleado? Porque yo no encontr\u00e9 ninguno \u2014 contest\u00e9.<\/span><\/p><p><span style=\"font-weight: 400;\">\u2014No \u2014 me respondieron al mismo tiempo.<\/span><\/p><p><span style=\"font-weight: 400;\">\u2014\u00bfEntonces c\u00f3mo demonios saben c\u00f3mo operan? \u2014 cuestion\u00e9 desconfiada.\u00a0<\/span><\/p><p><span style=\"font-weight: 400;\">\u2014Si bien nunca los hemos visto, las artima\u00f1as de la muerte no son ning\u00fan secreto \u2014 me dijo Joshua, \u2014s\u00f3lo mira las consecuencias, siempre siguen los mismos patrones, por eso fue que no fue dif\u00edcil descifrar que los empleados se comportan como una enfermedad.<\/span><\/p><p><span style=\"font-weight: 400;\">\u2014Entonces&#8230; \u2014 comenc\u00e9 a decir uniendo los puntos en mi cabeza, pero no alcanc\u00e9 a preguntar m\u00e1s, pues en ese momento llegamos a una bifurcaci\u00f3n en el pasillo que antes de ve\u00eda infinito, al igual que los portales desaparec\u00eda de mis retinas al retroceder unos pasos, pero aquello no le sorprend\u00eda a ninguno de los dos, pues estos parec\u00edan saberlo todo de antemano, por lo que opt\u00e9 por seguirlos esperando llegar a alguna parte.\u00a0<\/span><\/p><p><span style=\"font-weight: 400;\">Me di cuenta al cabo de un rato que ya no hab\u00eda ning\u00fan portal a mi disposici\u00f3n, s\u00f3lo un ritmo visual en la desvencijada pared blanca que me devolv\u00eda la mirada, dej\u00e1ndome dividida entre una armon\u00eda interna y una angustia por no saber d\u00f3nde estaba parada, mirando fren\u00e9ticamente las cuatro superficies a mi alrededor les pregunt\u00e9:<\/span><\/p><p><span style=\"font-weight: 400;\">\u2014\u00bfA d\u00f3nde se han ido los portales?\u00a0<\/span><\/p><p><span style=\"font-weight: 400;\">\u2014Oh ya volver\u00e1n, no te preocupes por eso, y cuando lo hagan esa vez no se volver\u00e1n a ir aunque lo quieras, ni tampoco los objetos que representan y construyen \u2014 me tranquiliz\u00f3 Eva, \u2014todo este lugar es tuyo, es tu Refugio.<\/span><\/p><p><span style=\"font-weight: 400;\">\u2014\u00bfRefugio? \u2014 pregunt\u00e9 desconcertada, \u2014\u00bfPor qu\u00e9 necesitar\u00eda un Refugio?\u00a0<\/span><\/p><p><span style=\"font-weight: 400;\">\u2014Necesitar es un verbo con aplicaciones muy pol\u00e9micas \u00faltimamente \u2014 coment\u00f3 Joshua, pero no te preocupes, no es m\u00e1s que tu casa, pr\u00e1cticamente lo que ya conoces, ya lo ver\u00e1s cuando lleguemos a esa secci\u00f3n \u2014 dijo al tiempo que me conduc\u00eda por el lugar.\u00a0<\/span><\/p><p><span style=\"font-weight: 400;\">\u2014\u00bfVolver\u00e9 a la Tierra entonces? \u2014 les pregunt\u00e9.<\/span><\/p><p><span style=\"font-weight: 400;\">\u2014Si es que la puedes reconocer y acostumbrarte a esta nueva Tierra, claro \u2014 me aclar\u00f3 Eva, \u2014ahora escucha antes de que te dejemos en tu destino porque hay algo que debes de saber: en el momento en el que se expuso el mecanismo de la nueva dictadora, o sea la muerte la humanidad se ha dividido en dos clanes, tendr\u00e1s que elegir entre uno de los dos.<\/span><\/p><p><span style=\"font-weight: 400;\">\u2014\u00bfY c\u00f3mo sabr\u00e9 elegir? \u00bfEn qu\u00e9 se diferencian estos clanes? \u2014 pregunt\u00e9.<\/span><\/p><p><span style=\"font-weight: 400;\">\u2014El clan 1 somos los que nos guardamos de los empleados, creemos que nos amenazan de ponernos de rodillas ante la muerte y ser suyos, por ello decidimos dejar las calles vac\u00edas y escondernos, como si nos refugi\u00e1ramos hasta que pasara una tormenta, para evitar contraer al hu\u00e9sped y pas\u00e1rselo a aquellos con los que vivimos, es muy raro que salgamos, salvo que por provisiones para poder sobrevivir en el Refugio \u2014 explic\u00f3 Joshua.\u00a0<\/span><\/p><p><span style=\"font-weight: 400;\">\u2014En cambio \u2014 continu\u00f3 Eva, \u2014el clan 2 son los que los desaf\u00edan se niegan a cambiar su estilo de vida, nos llaman exagerados a los del clan 1 por nuestros cuidados y salen de todas maneras, dicen cosas como: \u201cNo existe\u201d, \u201cNo pasa nada\u201d, \u201cSalgo con cuidado\u201d, \u201c\u00bfCu\u00e1l es la diferencia entre cuidarme tanto y no hacerlo si hasta a los que se cuidan tanto les pasa? O \u201cEsto no se va a terminar, tenemos que aprender a vivir con ello\u201d.\u00a0<\/span><\/p><p><span style=\"font-weight: 400;\">Me qued\u00e9 callada por un rato mientras procesaba la informaci\u00f3n que me hab\u00edan dado, finalmente el ritmo del vac\u00edo de la pared se termin\u00f3 y dio paso a una puerta que se abri\u00f3 ante m\u00ed, la cual de inmediato reconoc\u00ed como la puerta de mi casa, me qued\u00e9 quieta mientras ambos me observaban a cierta distancia, s\u00f3lo que esa vez tuve la sensaci\u00f3n de que no me esperar\u00edan m\u00e1s, pues se ten\u00edan que ir a conducir a otros humanos como yo a su respectivo Refugio, y conducirlos a una puerta que tambi\u00e9n reconocieran.\u00a0<\/span><\/p><p><span style=\"font-weight: 400;\">\u2014Adi\u00f3s Lilian, espero que sobrevivas \u2014 me dijo Joshua para despedirse de m\u00ed.<\/span><\/p><p><span style=\"font-weight: 400;\">\u2014Recuerda elegir tu clan \u2014 agreg\u00f3 Eva, acto seguido entr\u00e9 por la puerta sin siquiera recordar en qu\u00e9 d\u00eda estaba mientras ellos se iban y me dejaban ah\u00ed.\u00a0\u00a0<\/span><\/p><p><span style=\"font-weight: 400;\">Inici\u00f3 una larga temporada en el Refugio para m\u00ed, era como un escondite dentro de la Tierra, de la Tierra misma, la mayor parte del tiempo permanec\u00ed detr\u00e1s de la puerta, en mi casa; por temporadas me pase\u00e9 por los estrechos pasillos a atravesar los portales para ver hacia afuera, luego los olvidaba durante un tiempo cuando se volv\u00eda demasiado deprimente, pero siempre terminaba volviendo a estos otra vez; tambi\u00e9n me di cuenta de que algunas ventanas se pod\u00edan abrir, pod\u00eda salir a la Tierra nuevamente, cosa que hice en contadas ocasiones cuando me ve\u00eda en la necesidad, pero independientemente de donde estuviera la angustia porque me capturara alg\u00fan empleado no desaparec\u00eda.\u00a0<\/span><\/p><p><span style=\"font-weight: 400;\">Aprend\u00ed sobre los dos clanes entrando a los portales, no tard\u00e9 en darme cuenta de que prefer\u00eda al clan 1, pero tambi\u00e9n aprend\u00ed de estos por los dem\u00e1s refugiados que hab\u00eda conmigo ah\u00ed: dos m\u00e1s del clan 1 y una del clan 2. Pude ver la complejidad de ambas posturas, sin embargo, conozco en significado de la tolerancia y s\u00e9 que entre los seres humanos debe existir el respeto de las ideas contrarias a las propias, pero cabe destacar que es uno de los valores m\u00e1s dif\u00edciles para nosotros de practicar. Aquello lo vi ser puesto a prueba mediante m\u00faltiples discusiones en el Refugio, algunas de las cuales acabaron en gritos y en insultos que me incomodaron de sobremanera, pues junto a los humanos con los que viv\u00ed somos un ejemplo de esta divisi\u00f3n: por un lado, algunos nos guardamos de los empleados, mientras que ella los desafiaba.<\/span><\/p><p><span style=\"font-weight: 400;\">\u00bfPero hasta qu\u00e9 punto podemos tolerarnos si nos afectamos directamente debido a lo que pensamos? Y es que el problema de nuestra situaci\u00f3n era que ella desafiaba a los empleados, queriendo mantener su estilo de vida, y acus\u00e1ndonos de molestarla, ella quer\u00eda actuar normal y nos acus\u00f3 de molestarla y quererla encerrar sin raz\u00f3n, pues pedirle que cambiara de postura era demasiado pedir para ella.<\/span><\/p><p><span style=\"font-weight: 400;\">Mientras que nosotros los del clan 1 s\u00f3lo tem\u00edamos por su bien y el nuestro, pues si uno se volv\u00eda el hu\u00e9sped el sufrimiento llegar\u00eda y tal vez alguien morir\u00eda. Y de hecho lleg\u00f3 el d\u00eda en que la mala suerte nos golpe\u00f3, pues alguien de nuestro Refugio hab\u00eda tra\u00eddo a un empleado a la casa, y ese alguien era del clan 2. Justamente la que pod\u00eda llamarnos exagerados todo lo que quisiera, pero al final tuvimos raz\u00f3n, y el acecho de la muerte termin\u00f3 en el aire que respir\u00e1bamos.\u00a0<\/span><\/p><p><span style=\"font-weight: 400;\">El empleado estaba afuera a la espera del pr\u00f3ximo que se atreviera a exponerse y la encontr\u00f3 a ella, \u00bfy c\u00f3mo no la iba a encontrar si desde que comenz\u00f3 la nueva dictadura de la muerte ella no hab\u00eda parado de salir? Para m\u00ed la cuesti\u00f3n no era si iba a pasar si no cu\u00e1ndo iba a pasar, y a pesar de ello me result\u00f3 frustrante que nos hubi\u00e9ramos refugiado durante tanto tiempo adentro, y que nada de eso hubiera importado nunca porque su actitud irresponsable e indiferente la llev\u00f3 a salir a convertirse en el siguiente hu\u00e9sped y arrastrarnos a la misma amenaza con ella.\u00a0<\/span><\/p><p><span style=\"font-weight: 400;\">El empleado de la muerte estaba en el aire, en las cosas, en mi sue\u00f1o, me acechaba como una sombra, amenazaba con hacerme una hu\u00e9sped m\u00e1s para dejar caer en el dolor y la desesperaci\u00f3n, con llevarme ante su due\u00f1a en cualquier instante como a tantos m\u00e1s para que me chupara la vida como un vampiro chupa sangre, y es cuando me pregunt\u00e9 \u00bfHasta este punto todav\u00eda debemos tolerar?<\/span><\/p><p><span style=\"font-weight: 400;\">No pretendo juzgar a los que desaf\u00edan a los empleados, est\u00e1n en su derecho de hacer con sus vidas lo que les venga en gana, lo que s\u00ed juzgo es cuando fuerzan a alguien m\u00e1s a estar en su misma posici\u00f3n, \u00bfY es que porqu\u00e9 ella no pudo hacer lo que quer\u00eda viviendo sola o con alguien que pensara igual, en vez de hacerlo con otras personas que no aprob\u00e1bamos su comportamiento ni quer\u00edamos tomar sus mismos riesgos?\u00a0<\/span><\/p><p><span style=\"font-weight: 400;\">La noche en la que nos enteramos tuvimos que dejarla encerrada en su cuarto hasta que el empleado la dejara, a lo cual ella acept\u00f3, aunque como no volvimos a dirigirnos la palabra durante los siguientes d\u00edas decirle \u201cte lo dije\u201d o escuchar de ella alguna pizca de culpa o preocupaci\u00f3n por el problema en que nos hab\u00eda metido fue imposible.<\/span><\/p><p><span style=\"font-weight: 400;\">Si bien estaba entre molesta y preocupada por todo, por no mencionar el trabajo que me costaba respirar con la mascarilla d\u00eda y noche para evitar contacto con el empleado (y que me seguir\u00eda costando mientras a ella no), tambi\u00e9n sent\u00eda cierto alivio, pues pod\u00eda saborear un triunfo: el consuelo de que ella al menos aprender\u00eda, por las malas, pero aprender\u00eda y cambiar\u00eda de clan, comenzando as\u00ed a guardarse de los empleados y haciendo que aquella situaci\u00f3n no se volver\u00eda a repetir.\u00a0<\/span><\/p><p><span style=\"font-weight: 400;\">Claramente me equivoqu\u00e9: a los dos d\u00edas de haberla tenido encerrada ya estaba haciendo planes para salir a la semana siguiente, planes para actuar igual que siempre lo hab\u00eda hecho, aunque claramente su \u201cno pasa nada\u201d pod\u00eda decirse como equivocado por lo que acababa de pasar esa fue su misma respuesta para anunciar que saldr\u00eda de nuevo.\u00a0<\/span><\/p><p><span style=\"font-weight: 400;\">Ahora s\u00f3lo esperamos poder mantenernos ocultos de los empleados, con la misma resignaci\u00f3n con la que hemos aguantado que ella dejara el Refugio repetida y constantemente durante tanto tiempo sin necesidad alguna, y seguimos esperando que ella no vuelva a traer a otro a la casa, que este nos tome de hu\u00e9sped a alguno de nosotros, y sea lo bastante fuerte para llevarnos ante la dictadora de la muerte por un riesgo que nunca aceptamos tomar. <\/span><\/p>\t\t\t\t\t\t\t\t<\/div>\n\t\t\t\t<\/div>\n\t\t\t\t\t<\/div>\n\t\t<\/div>\n\t\t\t\t\t<\/div>\n\t\t<\/section>\n\t\t\t\t<\/div>\n\t\t","protected":false},"excerpt":{"rendered":"<p>El presente escrito es un cuento de ciencia ficci\u00f3n que habla sobre la ansiedad y el aislamiento que trajo consigo la pandemia de Covid-19. Fue publicado por la revista Puerta Escarlata en su quinto n\u00famero. Empleados de la muerte \u2014\u00bfEsto es la Tierra? \u2014 pregunt\u00e9 confundida, me encontraba en un ambiente extra\u00f1o y bien iluminado, [&hellip;]<\/p>\n","protected":false},"author":1,"featured_media":0,"parent":0,"menu_order":0,"comment_status":"closed","ping_status":"closed","template":"","meta":{"om_disable_all_campaigns":false,"_monsterinsights_skip_tracking":false,"_monsterinsights_sitenote_active":false,"_monsterinsights_sitenote_note":"","_monsterinsights_sitenote_category":0,"footnotes":""},"class_list":["post-166","page","type-page","status-publish","hentry"],"aioseo_notices":[],"_links":{"self":[{"href":"https:\/\/xn--elrincndemargi-qob.com\/index.php\/wp-json\/wp\/v2\/pages\/166","targetHints":{"allow":["GET"]}}],"collection":[{"href":"https:\/\/xn--elrincndemargi-qob.com\/index.php\/wp-json\/wp\/v2\/pages"}],"about":[{"href":"https:\/\/xn--elrincndemargi-qob.com\/index.php\/wp-json\/wp\/v2\/types\/page"}],"author":[{"embeddable":true,"href":"https:\/\/xn--elrincndemargi-qob.com\/index.php\/wp-json\/wp\/v2\/users\/1"}],"replies":[{"embeddable":true,"href":"https:\/\/xn--elrincndemargi-qob.com\/index.php\/wp-json\/wp\/v2\/comments?post=166"}],"version-history":[{"count":18,"href":"https:\/\/xn--elrincndemargi-qob.com\/index.php\/wp-json\/wp\/v2\/pages\/166\/revisions"}],"predecessor-version":[{"id":2803,"href":"https:\/\/xn--elrincndemargi-qob.com\/index.php\/wp-json\/wp\/v2\/pages\/166\/revisions\/2803"}],"wp:attachment":[{"href":"https:\/\/xn--elrincndemargi-qob.com\/index.php\/wp-json\/wp\/v2\/media?parent=166"}],"curies":[{"name":"wp","href":"https:\/\/api.w.org\/{rel}","templated":true}]}}