{"id":148,"date":"2022-10-29T22:24:40","date_gmt":"2022-10-29T22:24:40","guid":{"rendered":"https:\/\/xn--elrincndemargi-qob.com\/?page_id=148"},"modified":"2023-10-26T21:19:09","modified_gmt":"2023-10-26T21:19:09","slug":"almas-violetas-2","status":"publish","type":"page","link":"https:\/\/xn--elrincndemargi-qob.com\/index.php\/almas-violetas-2\/","title":{"rendered":"Almas violetas"},"content":{"rendered":"\t\t<div data-elementor-type=\"wp-page\" data-elementor-id=\"148\" class=\"elementor elementor-148\">\n\t\t\t\t\t\t<section class=\"elementor-section elementor-top-section elementor-element elementor-element-32e3cc1 elementor-section-boxed elementor-section-height-default elementor-section-height-default\" data-id=\"32e3cc1\" data-element_type=\"section\" data-e-type=\"section\">\n\t\t\t\t\t\t<div class=\"elementor-container elementor-column-gap-default\">\n\t\t\t\t\t<div class=\"elementor-column elementor-col-100 elementor-top-column elementor-element elementor-element-0a6bdea\" data-id=\"0a6bdea\" data-element_type=\"column\" data-e-type=\"column\">\n\t\t\t<div class=\"elementor-widget-wrap elementor-element-populated\">\n\t\t\t\t\t\t<div class=\"elementor-element elementor-element-24404c8 elementor-widget elementor-widget-text-editor\" data-id=\"24404c8\" data-element_type=\"widget\" data-e-type=\"widget\" data-widget_type=\"text-editor.default\">\n\t\t\t\t<div class=\"elementor-widget-container\">\n\t\t\t\t\t\t\t\t\t<p>\u00bfEl alma tiene g\u00e9nero? \u00bfEs solo rosa o solo azul, o puede ser violeta?<\/p><p>En este cuento de ciencia ficci\u00f3n, te sumergir\u00e1s en un mundo extra\u00f1o e industrial, que contiene las m\u00e1quinas que fabrican a los seres humanos antes de enviarlos a la Tierra. \u00bfQu\u00e9 misterios ocultar\u00e1 esta gran f\u00e1brica espacial?<\/p><p>Acompa\u00f1a a mi protagonista de esta historia, un alma reci\u00e9n nacida que llega a este extra\u00f1o lugar, el cual le llevar\u00e1 a desenmascarar los secretos detr\u00e1s del surgimiento de la vida humana, mientras se cuestiona en qu\u00e9 <span style=\"font-weight: 400;\">consiste ser hombre o mujer, y cu\u00e1l es el papel de los roles de g\u00e9nero.<\/span><\/p><p>Un cuento lleno de preguntas intrigantes que te har\u00e1n reflexionar sobre la identidad sexual y de g\u00e9nero.\u00a0<span style=\"font-weight: 400;\">Fue publicado por la Revista literaria Puerta Escarlata en su tercer n\u00famero y puedes encontrarlo aqu\u00ed en la p\u00e1gina 41:<\/span><\/p>\t\t\t\t\t\t\t\t<\/div>\n\t\t\t\t<\/div>\n\t\t\t\t\t<\/div>\n\t\t<\/div>\n\t\t\t\t\t<\/div>\n\t\t<\/section>\n\t\t\t\t<section class=\"elementor-section elementor-top-section elementor-element elementor-element-5abb2f0 elementor-section-boxed elementor-section-height-default elementor-section-height-default\" data-id=\"5abb2f0\" data-element_type=\"section\" data-e-type=\"section\">\n\t\t\t\t\t\t<div class=\"elementor-container elementor-column-gap-default\">\n\t\t\t\t\t<div class=\"elementor-column elementor-col-100 elementor-top-column elementor-element elementor-element-bbf4e7b\" data-id=\"bbf4e7b\" data-element_type=\"column\" data-e-type=\"column\">\n\t\t\t<div class=\"elementor-widget-wrap elementor-element-populated\">\n\t\t\t\t\t\t<div class=\"elementor-element elementor-element-2e68aaa elementor-align-center elementor-widget elementor-widget-button\" data-id=\"2e68aaa\" data-element_type=\"widget\" data-e-type=\"widget\" data-widget_type=\"button.default\">\n\t\t\t\t<div class=\"elementor-widget-container\">\n\t\t\t\t\t\t\t\t\t<div class=\"elementor-button-wrapper\">\n\t\t\t\t\t<a class=\"elementor-button elementor-button-link elementor-size-sm\" href=\"https:\/\/es.calameo.com\/books\/006743023f65261cdcdab\">\n\t\t\t\t\t\t<span class=\"elementor-button-content-wrapper\">\n\t\t\t\t\t\t\t\t\t<span class=\"elementor-button-text\">Leer aqu\u00ed<\/span>\n\t\t\t\t\t<\/span>\n\t\t\t\t\t<\/a>\n\t\t\t\t<\/div>\n\t\t\t\t\t\t\t\t<\/div>\n\t\t\t\t<\/div>\n\t\t\t\t\t<\/div>\n\t\t<\/div>\n\t\t\t\t\t<\/div>\n\t\t<\/section>\n\t\t\t\t<\/div>\n\t\t","protected":false},"excerpt":{"rendered":"<p>\u00bfEl alma tiene g\u00e9nero? \u00bfEs solo rosa o solo azul, o puede ser violeta? En este cuento de ciencia ficci\u00f3n, te sumergir\u00e1s en un mundo extra\u00f1o e industrial, que contiene las m\u00e1quinas que fabrican a los seres humanos antes de enviarlos a la Tierra. \u00bfQu\u00e9 misterios ocultar\u00e1 esta gran f\u00e1brica espacial? Acompa\u00f1a a mi protagonista [&hellip;]<\/p>\n","protected":false},"author":1,"featured_media":36,"parent":0,"menu_order":0,"comment_status":"closed","ping_status":"closed","template":"","meta":{"om_disable_all_campaigns":false,"_monsterinsights_skip_tracking":false,"_monsterinsights_sitenote_active":false,"_monsterinsights_sitenote_note":"","_monsterinsights_sitenote_category":0,"footnotes":""},"class_list":["post-148","page","type-page","status-publish","has-post-thumbnail","hentry"],"aioseo_notices":[],"_links":{"self":[{"href":"https:\/\/xn--elrincndemargi-qob.com\/index.php\/wp-json\/wp\/v2\/pages\/148","targetHints":{"allow":["GET"]}}],"collection":[{"href":"https:\/\/xn--elrincndemargi-qob.com\/index.php\/wp-json\/wp\/v2\/pages"}],"about":[{"href":"https:\/\/xn--elrincndemargi-qob.com\/index.php\/wp-json\/wp\/v2\/types\/page"}],"author":[{"embeddable":true,"href":"https:\/\/xn--elrincndemargi-qob.com\/index.php\/wp-json\/wp\/v2\/users\/1"}],"replies":[{"embeddable":true,"href":"https:\/\/xn--elrincndemargi-qob.com\/index.php\/wp-json\/wp\/v2\/comments?post=148"}],"version-history":[{"count":26,"href":"https:\/\/xn--elrincndemargi-qob.com\/index.php\/wp-json\/wp\/v2\/pages\/148\/revisions"}],"predecessor-version":[{"id":1675,"href":"https:\/\/xn--elrincndemargi-qob.com\/index.php\/wp-json\/wp\/v2\/pages\/148\/revisions\/1675"}],"wp:featuredmedia":[{"embeddable":true,"href":"https:\/\/xn--elrincndemargi-qob.com\/index.php\/wp-json\/wp\/v2\/media\/36"}],"wp:attachment":[{"href":"https:\/\/xn--elrincndemargi-qob.com\/index.php\/wp-json\/wp\/v2\/media?parent=148"}],"curies":[{"name":"wp","href":"https:\/\/api.w.org\/{rel}","templated":true}]}}