{"id":118,"date":"2022-10-29T21:53:54","date_gmt":"2022-10-29T21:53:54","guid":{"rendered":"https:\/\/xn--elrincndemargi-qob.com\/?page_id=118"},"modified":"2023-10-22T20:12:51","modified_gmt":"2023-10-22T20:12:51","slug":"bulimia-sana-2","status":"publish","type":"page","link":"https:\/\/xn--elrincndemargi-qob.com\/index.php\/bulimia-sana-2\/","title":{"rendered":"Bulimia sana"},"content":{"rendered":"\t\t<div data-elementor-type=\"wp-page\" data-elementor-id=\"118\" class=\"elementor elementor-118\">\n\t\t\t\t\t\t<section class=\"elementor-section elementor-top-section elementor-element elementor-element-923e8b1 elementor-section-boxed elementor-section-height-default elementor-section-height-default\" data-id=\"923e8b1\" data-element_type=\"section\" data-e-type=\"section\">\n\t\t\t\t\t\t<div class=\"elementor-container elementor-column-gap-default\">\n\t\t\t\t\t<div class=\"elementor-column elementor-col-100 elementor-top-column elementor-element elementor-element-e43523c\" data-id=\"e43523c\" data-element_type=\"column\" data-e-type=\"column\">\n\t\t\t<div class=\"elementor-widget-wrap elementor-element-populated\">\n\t\t\t\t\t\t<div class=\"elementor-element elementor-element-c586ee0 elementor-widget elementor-widget-image\" data-id=\"c586ee0\" data-element_type=\"widget\" data-e-type=\"widget\" data-widget_type=\"image.default\">\n\t\t\t\t<div class=\"elementor-widget-container\">\n\t\t\t\t\t\t\t\t\t\t\t\t\t\t\t<img fetchpriority=\"high\" decoding=\"async\" width=\"580\" height=\"725\" src=\"https:\/\/xn--elrincndemargi-qob.com\/wp-content\/uploads\/2022\/10\/Caligrama-Bulimia-sana-819x1024.jpg\" class=\"attachment-large size-large wp-image-128\" alt=\"\" srcset=\"https:\/\/xn--elrincndemargi-qob.com\/wp-content\/uploads\/2022\/10\/Caligrama-Bulimia-sana-819x1024.jpg 819w, https:\/\/xn--elrincndemargi-qob.com\/wp-content\/uploads\/2022\/10\/Caligrama-Bulimia-sana-240x300.jpg 240w, https:\/\/xn--elrincndemargi-qob.com\/wp-content\/uploads\/2022\/10\/Caligrama-Bulimia-sana-768x960.jpg 768w, https:\/\/xn--elrincndemargi-qob.com\/wp-content\/uploads\/2022\/10\/Caligrama-Bulimia-sana-1229x1536.jpg 1229w, https:\/\/xn--elrincndemargi-qob.com\/wp-content\/uploads\/2022\/10\/Caligrama-Bulimia-sana.jpg 1350w\" sizes=\"(max-width: 580px) 100vw, 580px\" \/>\t\t\t\t\t\t\t\t\t\t\t\t\t\t\t<\/div>\n\t\t\t\t<\/div>\n\t\t\t\t\t<\/div>\n\t\t<\/div>\n\t\t\t\t\t<\/div>\n\t\t<\/section>\n\t\t\t\t<section class=\"elementor-section elementor-top-section elementor-element elementor-element-1c4e373 elementor-section-boxed elementor-section-height-default elementor-section-height-default\" data-id=\"1c4e373\" data-element_type=\"section\" data-e-type=\"section\">\n\t\t\t\t\t\t<div class=\"elementor-container elementor-column-gap-default\">\n\t\t\t\t\t<div class=\"elementor-column elementor-col-100 elementor-top-column elementor-element elementor-element-8ab6c0a\" data-id=\"8ab6c0a\" data-element_type=\"column\" data-e-type=\"column\">\n\t\t\t<div class=\"elementor-widget-wrap elementor-element-populated\">\n\t\t\t\t\t\t<div class=\"elementor-element elementor-element-eb3ed5c elementor-widget elementor-widget-text-editor\" data-id=\"eb3ed5c\" data-element_type=\"widget\" data-e-type=\"widget\" data-widget_type=\"text-editor.default\">\n\t\t\t\t<div class=\"elementor-widget-container\">\n\t\t\t\t\t\t\t\t\t<p><span style=\"font-weight: 400;\">Un texto corto que hice pensando en mi mam\u00e1 para desahogarme de algo que sent\u00eda. Fue publicado por la antolog\u00eda Miscel\u00e1nea Literaria: A trav\u00e9s de la herida y la sanaci\u00f3n y puedes encontrarlo aqu\u00ed en la p\u00e1gina 42:\u00a0<\/span><\/p>\t\t\t\t\t\t\t\t<\/div>\n\t\t\t\t<\/div>\n\t\t\t\t\t<\/div>\n\t\t<\/div>\n\t\t\t\t\t<\/div>\n\t\t<\/section>\n\t\t\t\t<section class=\"elementor-section elementor-top-section elementor-element elementor-element-2f8d69e elementor-section-boxed elementor-section-height-default elementor-section-height-default\" data-id=\"2f8d69e\" data-element_type=\"section\" data-e-type=\"section\">\n\t\t\t\t\t\t<div class=\"elementor-container elementor-column-gap-default\">\n\t\t\t\t\t<div class=\"elementor-column elementor-col-100 elementor-top-column elementor-element elementor-element-3b65a6d\" data-id=\"3b65a6d\" data-element_type=\"column\" data-e-type=\"column\">\n\t\t\t<div class=\"elementor-widget-wrap elementor-element-populated\">\n\t\t\t\t\t\t<div class=\"elementor-element elementor-element-d3baea9 elementor-align-center elementor-widget elementor-widget-button\" data-id=\"d3baea9\" data-element_type=\"widget\" data-e-type=\"widget\" data-widget_type=\"button.default\">\n\t\t\t\t<div class=\"elementor-widget-container\">\n\t\t\t\t\t\t\t\t\t<div class=\"elementor-button-wrapper\">\n\t\t\t\t\t<a class=\"elementor-button elementor-button-link elementor-size-sm\" href=\"https:\/\/drive.google.com\/file\/d\/1h99vbKsAHwr3Bi7I525atbdh33p6MrZS\/view?fbclid=IwAR0C3lPsCIH2ckjNbX2r7-OwAmNm8NmIGyX_cWDQ5ctC41EGhr9qonp4jqY\">\n\t\t\t\t\t\t<span class=\"elementor-button-content-wrapper\">\n\t\t\t\t\t\t\t\t\t<span class=\"elementor-button-text\">Leer aqu\u00ed<\/span>\n\t\t\t\t\t<\/span>\n\t\t\t\t\t<\/a>\n\t\t\t\t<\/div>\n\t\t\t\t\t\t\t\t<\/div>\n\t\t\t\t<\/div>\n\t\t\t\t\t<\/div>\n\t\t<\/div>\n\t\t\t\t\t<\/div>\n\t\t<\/section>\n\t\t\t\t<\/div>\n\t\t","protected":false},"excerpt":{"rendered":"<p>Un texto corto que hice pensando en mi mam\u00e1 para desahogarme de algo que sent\u00eda. Fue publicado por la antolog\u00eda Miscel\u00e1nea Literaria: A trav\u00e9s de la herida y la sanaci\u00f3n y puedes encontrarlo aqu\u00ed en la p\u00e1gina 42:\u00a0 Leer aqu\u00ed<\/p>\n","protected":false},"author":1,"featured_media":37,"parent":0,"menu_order":0,"comment_status":"closed","ping_status":"closed","template":"","meta":{"om_disable_all_campaigns":false,"_monsterinsights_skip_tracking":false,"_monsterinsights_sitenote_active":false,"_monsterinsights_sitenote_note":"","_monsterinsights_sitenote_category":0,"footnotes":""},"class_list":["post-118","page","type-page","status-publish","has-post-thumbnail","hentry"],"aioseo_notices":[],"_links":{"self":[{"href":"https:\/\/xn--elrincndemargi-qob.com\/index.php\/wp-json\/wp\/v2\/pages\/118","targetHints":{"allow":["GET"]}}],"collection":[{"href":"https:\/\/xn--elrincndemargi-qob.com\/index.php\/wp-json\/wp\/v2\/pages"}],"about":[{"href":"https:\/\/xn--elrincndemargi-qob.com\/index.php\/wp-json\/wp\/v2\/types\/page"}],"author":[{"embeddable":true,"href":"https:\/\/xn--elrincndemargi-qob.com\/index.php\/wp-json\/wp\/v2\/users\/1"}],"replies":[{"embeddable":true,"href":"https:\/\/xn--elrincndemargi-qob.com\/index.php\/wp-json\/wp\/v2\/comments?post=118"}],"version-history":[{"count":23,"href":"https:\/\/xn--elrincndemargi-qob.com\/index.php\/wp-json\/wp\/v2\/pages\/118\/revisions"}],"predecessor-version":[{"id":1477,"href":"https:\/\/xn--elrincndemargi-qob.com\/index.php\/wp-json\/wp\/v2\/pages\/118\/revisions\/1477"}],"wp:featuredmedia":[{"embeddable":true,"href":"https:\/\/xn--elrincndemargi-qob.com\/index.php\/wp-json\/wp\/v2\/media\/37"}],"wp:attachment":[{"href":"https:\/\/xn--elrincndemargi-qob.com\/index.php\/wp-json\/wp\/v2\/media?parent=118"}],"curies":[{"name":"wp","href":"https:\/\/api.w.org\/{rel}","templated":true}]}}